{"id":4240,"date":"2024-02-28T11:06:55","date_gmt":"2024-02-28T10:06:55","guid":{"rendered":"https:\/\/www.kranabstuetzplatten.com\/impressum\/"},"modified":"2025-07-01T12:02:54","modified_gmt":"2025-07-01T10:02:54","slug":"impressum","status":"publish","type":"page","link":"https:\/\/www.kranabstuetzplatten.com\/sv\/impressum\/","title":{"rendered":"Impressum"},"content":{"rendered":"<p>[et_pb_section fb_built=&#8221;1&#8243; _builder_version=&#8221;4.24.0&#8243; _module_preset=&#8221;default&#8221; custom_margin=&#8221;||||false|false&#8221; global_colors_info=&#8221;{}&#8221; theme_builder_area=&#8221;post_content&#8221;][et_pb_row make_equal=&#8221;on&#8221; _builder_version=&#8221;4.24.0&#8243; _module_preset=&#8221;default&#8221; max_width=&#8221;1600px&#8221; min_height=&#8221;400px&#8221; min_height_tablet=&#8221;200px&#8221; min_height_phone=&#8221;&#8221; min_height_last_edited=&#8221;on|tablet&#8221; custom_margin=&#8221;100px||||false|false&#8221; custom_padding=&#8221;25px|0px|25px|0px|true|true&#8221; global_colors_info=&#8221;{}&#8221; theme_builder_area=&#8221;post_content&#8221;][et_pb_column type=&#8221;4_4&#8243; _builder_version=&#8221;4.24.0&#8243; _module_preset=&#8221;default&#8221; custom_css_main_element=&#8221;margin: auto;&#8221; global_colors_info=&#8221;{}&#8221; theme_builder_area=&#8221;post_content&#8221;][et_pb_text _builder_version=&#8221;4.24.0&#8243; _module_preset=&#8221;default&#8221; header_text_color=&#8221;gcid-5ea6f707-7589-495b-ac14-f55a09689654&#8243; global_colors_info=&#8221;{%22gcid-5ea6f707-7589-495b-ac14-f55a09689654%22:%91%22header_text_color%22%93}&#8221; theme_builder_area=&#8221;post_content&#8221;]<\/p>\n<h1 style=\"text-align: center;\">Impressum<\/h1>\n<p>[\/et_pb_text][\/et_pb_column][\/et_pb_row][\/et_pb_section][et_pb_section fb_built=&#8221;1&#8243; _builder_version=&#8221;4.24.0&#8243; _module_preset=&#8221;default&#8221; global_colors_info=&#8221;{}&#8221; theme_builder_area=&#8221;post_content&#8221;][et_pb_row _builder_version=&#8221;4.24.2&#8243; _module_preset=&#8221;default&#8221; theme_builder_area=&#8221;post_content&#8221;][et_pb_column _builder_version=&#8221;4.24.2&#8243; _module_preset=&#8221;default&#8221; type=&#8221;4_4&#8243; theme_builder_area=&#8221;post_content&#8221;][et_pb_text _builder_version=&#8221;4.24.2&#8243; _module_preset=&#8221;default&#8221; theme_builder_area=&#8221;post_content&#8221; hover_enabled=&#8221;0&#8243; sticky_enabled=&#8221;0&#8243;]<\/p>\n<div class=\"et_pb_column et_pb_column_4_4 et_pb_column_1 et_pb_css_mix_blend_mode_passthrough et-last-child\">\n<div class=\"et_pb_module et_pb_text et_pb_text_1 et_pb_text_align_left et_pb_bg_layout_light\">\n<div class=\"et_pb_text_inner\">\n<p>Feinwerk Technologies GmbH<br \/>Zunftstr. 20<br \/>77694 Kehl-Marlen <\/p>\n<p>Representerad av<br \/>Dominik Obert<br \/>Sascha Raither<\/p>\n<p>Telefon: 078541860<br \/>E-Mail: info@feinwerk-technologies.de<\/p>\n<p>Registergericht: Freiburg<br \/>Registernummer: HRB723181<\/p>\n<h3>Ansvar f\u00f6r inneh\u00e5ll<\/h3>\n<p>Som tj\u00e4nsteleverant\u00f6r \u00e4r vi enligt \u00a7 7 Abs.1 TMG ansvariga f\u00f6r eget inneh\u00e5ll p\u00e5 dessa sidor enligt de allm\u00e4nna lagarna. Enligt \u00a7\u00a7 8 till 10 TMG \u00e4r vi dock inte skyldiga som tj\u00e4nsteleverant\u00f6r att \u00f6vervaka eller unders\u00f6ka \u00f6verf\u00f6rda eller lagrade externa informationer eller omst\u00e4ndigheter som indikerar olaglig verksamhet. \u00c5taganden att ta bort eller blockera anv\u00e4ndningen av information enligt allm\u00e4n lag f\u00f6rblir op\u00e5verkade av detta. Ansvar f\u00f6r detta \u00e4r dock endast m\u00f6jligt fr\u00e5n den tidpunkt d\u00e5 vi f\u00e5r k\u00e4nnedom om en konkret r\u00e4ttsstridig handling. Vid k\u00e4nnedom om r\u00e4ttsstridiga handlingar kommer vi omedelbart att ta bort dessa inneh\u00e5ll.     <\/p>\n<h3>Ansvar f\u00f6r l\u00e4nkar<\/h3>\n<p>V\u00e5rt erbjudande inneh\u00e5ller l\u00e4nkar till externa webbplatser fr\u00e5n tredje part, vars inneh\u00e5ll vi inte har n\u00e5gon kontroll \u00f6ver. D\u00e4rf\u00f6r kan vi inte ta ansvar f\u00f6r dessa externa inneh\u00e5ll. Ansvar f\u00f6r inneh\u00e5llet p\u00e5 de l\u00e4nkade sidorna ligger alltid hos respektive leverant\u00f6r eller operat\u00f6r av sidorna. De l\u00e4nkade sidorna kontrollerades f\u00f6r eventuella r\u00e4tts\u00f6vertr\u00e4delser vid l\u00e4nkkontakten. Vid den tiden fanns inga olagliga inneh\u00e5ll synliga. En permanent inneh\u00e5llskontroll av de l\u00e4nkade sidorna \u00e4r dock inte rimlig utan konkreta misstankar om r\u00e4tts\u00f6vertr\u00e4delser. Vid k\u00e4nnedom om r\u00e4tts\u00f6vertr\u00e4delser kommer vi omedelbart att ta bort s\u00e5dana l\u00e4nkar.      <\/p>\n<h3>Upphovsr\u00e4tt<\/h3>\n<p>De av webbplatsens operat\u00f6rer skapade inneh\u00e5ll och verk p\u00e5 denna sida omfattas av tysk upphovsr\u00e4tt. M\u00e5ngfaldigande, bearbetning, spridning och alla former av utnyttjande utanf\u00f6r upphovsr\u00e4ttens gr\u00e4nser kr\u00e4ver den respektive f\u00f6rfattarens eller skaparnas skriftliga medgivande. Nedladdning och kopiering av denna sida \u00e4r endast till\u00e5ten f\u00f6r privat, icke kommersiellt bruk. I den m\u00e5n inneh\u00e5llet p\u00e5 denna sida inte har skapats av operat\u00f6ren, beaktas tredje parts upphovsr\u00e4tt. Tredje parts inneh\u00e5ll markeras s\u00e4rskilt som s\u00e5dant. Om du \u00e4nd\u00e5 uppt\u00e4cker en upphovsr\u00e4ttsintr\u00e5ng ber vi om ett motsvarande meddelande. Vid k\u00e4nnedom om r\u00e4ttsintr\u00e5ng kommer vi omedelbart att ta bort s\u00e5dant inneh\u00e5ll.      <\/p>\n<h3>Genomf\u00f6rande \/ Fotografi \/ Film<\/h3>\n<p><a href=\"https:\/\/www.kopfmedia.de\" target=\"_blank\" rel=\"noopener\">KOPF MEDIA GmbH<\/a><\/p>\n<\/div>\n<\/div>\n<\/div>\n<p>[\/et_pb_text][\/et_pb_column][\/et_pb_row][\/et_pb_section]<\/p>\n","protected":false},"excerpt":{"rendered":"<p>Impressum Feinwerk Technologies GmbHZunftstr. 2077694 Kehl-Marlen Representerad avDominik ObertSascha Raither Telefon: 078541860E-Mail: info@feinwerk-technologies.de Registergericht: FreiburgRegisternummer: HRB723181 Ansvar f\u00f6r inneh\u00e5ll Som tj\u00e4nsteleverant\u00f6r \u00e4r vi enligt \u00a7 7 Abs.1 TMG ansvariga f\u00f6r eget inneh\u00e5ll p\u00e5 dessa sidor enligt de allm\u00e4nna lagarna. Enligt \u00a7\u00a7 8 till 10 TMG \u00e4r vi dock inte skyldiga som tj\u00e4nsteleverant\u00f6r att \u00f6vervaka eller [&hellip;]<\/p>\n","protected":false},"author":1,"featured_media":0,"parent":0,"menu_order":0,"comment_status":"closed","ping_status":"closed","template":"","meta":{"_acf_changed":false,"_et_pb_use_builder":"on","_et_pb_old_content":"","_et_gb_content_width":"","inline_featured_image":false,"footnotes":""},"class_list":["post-4240","page","type-page","status-publish","hentry"],"acf":[],"tag_names":[],"category_names":[],"thumbnail":false,"_links":{"self":[{"href":"https:\/\/www.kranabstuetzplatten.com\/sv\/wp-json\/wp\/v2\/pages\/4240","targetHints":{"allow":["GET"]}}],"collection":[{"href":"https:\/\/www.kranabstuetzplatten.com\/sv\/wp-json\/wp\/v2\/pages"}],"about":[{"href":"https:\/\/www.kranabstuetzplatten.com\/sv\/wp-json\/wp\/v2\/types\/page"}],"author":[{"embeddable":true,"href":"https:\/\/www.kranabstuetzplatten.com\/sv\/wp-json\/wp\/v2\/users\/1"}],"replies":[{"embeddable":true,"href":"https:\/\/www.kranabstuetzplatten.com\/sv\/wp-json\/wp\/v2\/comments?post=4240"}],"version-history":[{"count":2,"href":"https:\/\/www.kranabstuetzplatten.com\/sv\/wp-json\/wp\/v2\/pages\/4240\/revisions"}],"predecessor-version":[{"id":4242,"href":"https:\/\/www.kranabstuetzplatten.com\/sv\/wp-json\/wp\/v2\/pages\/4240\/revisions\/4242"}],"wp:attachment":[{"href":"https:\/\/www.kranabstuetzplatten.com\/sv\/wp-json\/wp\/v2\/media?parent=4240"}],"curies":[{"name":"wp","href":"https:\/\/api.w.org\/{rel}","templated":true}]}}