{"id":5573,"date":"2024-02-26T17:01:39","date_gmt":"2024-02-26T16:01:39","guid":{"rendered":"https:\/\/www.kranabstuetzplatten.com\/crane-support-plates-for-the-crawler-crane\/"},"modified":"2025-07-02T14:49:13","modified_gmt":"2025-07-02T12:49:13","slug":"crane-support-plates-for-the-crawler-crane","status":"publish","type":"page","link":"https:\/\/www.kranabstuetzplatten.com\/sk\/crane-support-plates-for-the-crawler-crane\/","title":{"rendered":"Podpern\u00e9 dosky pre p\u00e1sov\u00fd \u017eeriav"},"content":{"rendered":"<p>[et_pb_section fb_built=&#8221;1&#8243; _builder_version=&#8221;4.24.2&#8243; custom_margin_tablet=&#8221;&#8221; custom_margin_phone=&#8221;||||false|true&#8221; custom_margin_last_edited=&#8221;on|phone&#8221; global_colors_info=&#8221;{}&#8221;][et_pb_row column_structure=&#8221;3_5,2_5&#8243; custom_padding_last_edited=&#8221;on|phone&#8221; _builder_version=&#8221;4.24.2&#8243; background_size=&#8221;initial&#8221; background_position=&#8221;top_left&#8221; background_repeat=&#8221;repeat&#8221; max_width=&#8221;1600px&#8221; custom_padding=&#8221;100px||100px||true|false&#8221; custom_padding_tablet=&#8221;100px||100px||true|false&#8221; custom_padding_phone=&#8221;||0px||false|false&#8221; global_colors_info=&#8221;{}&#8221;][et_pb_column type=&#8221;3_5&#8243; _builder_version=&#8221;4.16&#8243; custom_padding=&#8221;|||&#8221; global_colors_info=&#8221;{}&#8221; custom_padding__hover=&#8221;|||&#8221;][et_pb_text content_tablet=&#8221;<\/p>\n<h1>Podpern\u00e9 dosky \u017eeriava<br \/>pre p\u00e1sov\u00fd \u017eeriav<\/h1>\n<p>&#8221; content_phone=&#8221;<\/p>\n<h1>Podpern\u00e9 dosky pre p\u00e1sov\u00fd \u017eeriav<\/h1>\n<p>&#8221; content_last_edited=&#8221;on|phone&#8221; _builder_version=&#8221;4.24.2&#8243; _module_preset=&#8221;default&#8221; header_text_color=&#8221;gcid-52d948b6-e042-4cc0-80cc-f3a688effea0&#8243; global_colors_info=&#8221;{%22gcid-52d948b6-e042-4cc0-80cc-f3a688effea0%22:%91%22header_text_color%22%93}&#8221;]<\/p>\n<h1>Podpern\u00e9 dosky \u017eeriava<br \/>pre p\u00e1sov\u00fd \u017eeriav<\/h1>\n<p>[\/et_pb_text][et_pb_code _builder_version=&#8221;4.24.2&#8243; _module_preset=&#8221;default&#8221; global_colors_info=&#8221;{}&#8221;]<\/p>\n<div class=\"badge-container\"><!-- [et_pb_line_break_holder] -->    <\/p>\n<div class=\"badge badge-transparent\"><!-- [et_pb_line_break_holder] -->        <span class=\"feinwerk-icon-marker\"><\/span><!-- [et_pb_line_break_holder] -->        <span>Vyroben\u00e9 v Nemecku<\/span><!-- [et_pb_line_break_holder] -->    <\/div>\n<p><!-- [et_pb_line_break_holder] -->    <\/p>\n<div class=\"badge badge-transparent\"><!-- [et_pb_line_break_holder] -->        <span class=\"feinwerk-icon-shield\"><\/span><!-- [et_pb_line_break_holder] -->        <span>\u0160pi\u010dkov\u00e1 kvalita<\/span><!-- [et_pb_line_break_holder] -->    <\/div>\n<p><!-- [et_pb_line_break_holder] -->    <\/p>\n<div class=\"badge badge-transparent\"><!-- [et_pb_line_break_holder] -->        <span class=\"feinwerk-icon-transform\"><\/span><!-- [et_pb_line_break_holder] -->        <span>r\u00f4zne ve\u013ekosti<\/span><!-- [et_pb_line_break_holder] -->    <\/div>\n<p><!-- [et_pb_line_break_holder] -->    <\/p>\n<div><\/div>\n<p><!-- [et_pb_line_break_holder] --><\/div>\n<p>[\/et_pb_code][\/et_pb_column][et_pb_column type=&#8221;2_5&#8243; _builder_version=&#8221;4.16&#8243; custom_padding=&#8221;|||&#8221; global_colors_info=&#8221;{}&#8221; custom_padding__hover=&#8221;|||&#8221;][et_pb_image src=&#8221;https:\/\/www.kranabstuetzplatten.com\/wp-content\/uploads\/2024\/02\/kopfmedia_feinwerk_raupenkran_1.webp&#8221; title_text=&#8221;head_media_fine_work_crawler_crane_1&#8243; _builder_version=&#8221;4.27.4&#8243; _module_preset=&#8221;default&#8221; background_color=&#8221;gcid-900d4a25-5d4d-4445-b994-67d8dc7f68c1&#8243; dvmd_acat_aria_label=&#8221;Stacked green crane support plates from the Feinwerk Group with red carrying handles &#8211; ideal for space-saving storage and safe transportation on construction sites&#8221; border_radii=&#8221;on|10px|10px|10px|10px&#8221; global_colors_info=&#8221;{%22gcid-900d4a25-5d4d-4445-b994-67d8dc7f68c1%22:%91%22background_color%22%93}&#8221;][\/et_pb_image][\/et_pb_column][\/et_pb_row][\/et_pb_section][et_pb_section fb_built=&#8221;1&#8243; _builder_version=&#8221;4.24.2&#8243; _module_preset=&#8221;default&#8221; custom_margin_tablet=&#8221;&#8221; custom_margin_phone=&#8221;||||false|true&#8221; custom_margin_last_edited=&#8221;on|phone&#8221; global_colors_info=&#8221;{}&#8221;][et_pb_row column_structure=&#8221;1_2,1_2&#8243; custom_padding_last_edited=&#8221;on|phone&#8221; _builder_version=&#8221;4.24.2&#8243; _module_preset=&#8221;default&#8221; max_width=&#8221;1600px&#8221; custom_padding_tablet=&#8221;&#8221; custom_padding_phone=&#8221;0px||||false|false&#8221; global_colors_info=&#8221;{}&#8221;][et_pb_column type=&#8221;1_2&#8243; _builder_version=&#8221;4.24.0&#8243; _module_preset=&#8221;default&#8221; global_colors_info=&#8221;{}&#8221;][et_pb_text _builder_version=&#8221;4.24.2&#8243; _module_preset=&#8221;default&#8221; custom_margin=&#8221;||20px||false|false&#8221; global_colors_info=&#8221;{}&#8221;]<\/p>\n<h2>Jedine\u010dn\u00e9 nastavenie v\u00fd\u0161ky <br \/>a flexibiln\u00e9 ve\u013ekosti<\/h2>\n<p>[\/et_pb_text][\/et_pb_column][et_pb_column type=&#8221;1_2&#8243; _builder_version=&#8221;4.24.0&#8243; _module_preset=&#8221;default&#8221; global_colors_info=&#8221;{}&#8221;][et_pb_text _builder_version=&#8221;4.27.4&#8243; _module_preset=&#8221;default&#8221; global_colors_info=&#8221;{}&#8221;]Na\u0161e \u017eeriavov\u00e9 podpern\u00e9 dosky s\u00fa \u0161pi\u010dkou na trhu, pokia\u013e ide o prisp\u00f4sobenie sa \u0161pecifick\u00fdm potreb\u00e1m v\u00e1\u0161ho p\u00e1sov\u00e9ho \u017eeriavu. Rovnak\u00e1 v\u00fd\u0161ka dosky a \u017eeriavov\u00fdch podlo\u017eiek umo\u017e\u0148uje plynul\u00fd prechod a zvy\u0161uje stabilitu. V\u010faka u\u017e vyr\u00e1ban\u00fdm rozmerom do <strong class=\"highlight\">8,0 x 2,4 x 0,20 m<\/strong> a mo\u017enosti v\u00fdroby \u0161peci\u00e1lnych rozmerov na po\u017eiadanie pon\u00fakame rie\u0161enia, ktor\u00e9 s\u00fa dokonale prisp\u00f4soben\u00e9 va\u0161im po\u017eiadavk\u00e1m.[\/et_pb_text][\/et_pb_column][\/et_pb_row][et_pb_row column_structure=&#8221;1_2,1_2&#8243; _builder_version=&#8221;4.24.0&#8243; _module_preset=&#8221;default&#8221; max_width=&#8221;1600px&#8221; global_colors_info=&#8221;{}&#8221;][et_pb_column type=&#8221;1_2&#8243; _builder_version=&#8221;4.24.0&#8243; _module_preset=&#8221;default&#8221; global_colors_info=&#8221;{}&#8221;][et_pb_code _builder_version=&#8221;4.27.4&#8243; _module_preset=&#8221;default&#8221; background_image=&#8221;https:\/\/www.kranabstuetzplatten.com\/wp-content\/uploads\/2024\/02\/kopfmedia_feinwerk-group-kranabstuetzplatten-2000px-16-1.webp&#8221; min_height=&#8221;500px&#8221; background_last_edited=&#8221;on|phone&#8221; background_position_phone=&#8221;top_left&#8221; background_horizontal_offset_phone=&#8221;63%&#8221; background_vertical_offset_phone=&#8221;0%&#8221; dvmd_acat_aria_label=&#8221;Crawler crane stands on stacked black support plates with a red frame. The uniform height of the crane and plates shows the precise height adjustment for safe load distribution&#8221; border_radii=&#8221;on|10px|10px|10px|10px&#8221; global_colors_info=&#8221;{}&#8221;][\/et_pb_code][\/et_pb_column][et_pb_column type=&#8221;1_2&#8243; _builder_version=&#8221;4.24.0&#8243; _module_preset=&#8221;default&#8221; global_colors_info=&#8221;{}&#8221;][et_pb_code _builder_version=&#8221;4.24.2&#8243; _module_preset=&#8221;default&#8221; background_color=&#8221;gcid-900d4a25-5d4d-4445-b994-67d8dc7f68c1&#8243; background_image=&#8221;https:\/\/www.kranabstuetzplatten.com\/wp-content\/uploads\/2024\/02\/kopfmedia_feinwerk-group-kranabstuetzplatten-2000px-8.webp&#8221; min_height=&#8221;500px&#8221; background_last_edited=&#8221;on|phone&#8221; background_position_phone=&#8221;top_left&#8221; background_horizontal_offset_phone=&#8221;14%&#8221; background_vertical_offset_phone=&#8221;0%&#8221; border_radii=&#8221;on|10px|10px|10px|10px&#8221; global_colors_info=&#8221;{%22gcid-900d4a25-5d4d-4445-b994-67d8dc7f68c1%22:%91%22background_color%22%93}&#8221;][\/et_pb_code][\/et_pb_column][\/et_pb_row][\/et_pb_section][et_pb_section fb_built=&#8221;1&#8243; _builder_version=&#8221;4.24.2&#8243; _module_preset=&#8221;default&#8221; custom_margin=&#8221;||||false|false&#8221; custom_margin_tablet=&#8221;&#8221; custom_margin_phone=&#8221;||||false|true&#8221; custom_margin_last_edited=&#8221;on|phone&#8221; global_colors_info=&#8221;{}&#8221;][et_pb_row column_structure=&#8221;1_2,1_2&#8243; make_equal=&#8221;on&#8221; _builder_version=&#8221;4.24.0&#8243; _module_preset=&#8221;default&#8221; background_color=&#8221;gcid-900d4a25-5d4d-4445-b994-67d8dc7f68c1&#8243; max_width=&#8221;1600px&#8221; custom_margin=&#8221;||||false|false&#8221; custom_padding=&#8221;40px|45px|40px|45px|true|true&#8221; border_radii=&#8221;on|10px|10px|10px|10px&#8221; global_colors_info=&#8221;{%22gcid-900d4a25-5d4d-4445-b994-67d8dc7f68c1%22:%91%22background_color%22%93}&#8221;][et_pb_column type=&#8221;1_2&#8243; _builder_version=&#8221;4.24.0&#8243; _module_preset=&#8221;default&#8221; custom_css_main_element=&#8221;margin: auto;&#8221; global_colors_info=&#8221;{}&#8221;][et_pb_text content_tablet=&#8221;<\/p>\n<h2>V\u00fdpo\u010det \u017eeriavov\u00fdch nosn\u00fdch dosiek met\u00f3dou kone\u010dn\u00fdch prvkov<\/h2>\n<p>Skupina Feinwerk Group po\u010d\u00edta v\u0161etky nosn\u00e9 dosky \u017eeriavov vo vlastnej r\u00e9\u017eii pomocou met\u00f3dy kone\u010dn\u00fdch prvkov. R\u00fdchlo sa daj\u00fa vyhodnoti\u0165 aj \u0161peci\u00e1lne pr\u00edpady za\u0165a\u017eenia. <\/p>\n<p>&#8221; content_phone=&#8221;<\/p>\n<h2>V\u00fdpo\u010det \u017eeriavov\u00fdch nosn\u00fdch dosiek met\u00f3dou kone\u010dn\u00fdch prvkov<\/h2>\n<p>Skupina Feinwerk Group po\u010d\u00edta v\u0161etky nosn\u00e9 dosky \u017eeriavov vo vlastnej r\u00e9\u017eii pomocou met\u00f3dy kone\u010dn\u00fdch prvkov. R\u00fdchlo sa daj\u00fa vyhodnoti\u0165 aj \u0161peci\u00e1lne pr\u00edpady za\u0165a\u017eenia. <\/p>\n<p>&#8221; content_last_edited=&#8221;on|phone&#8221; _builder_version=&#8221;4.24.2&#8243; _module_preset=&#8221;default&#8221; header_text_color=&#8221;gcid-5ea6f707-7589-495b-ac14-f55a09689654&#8243; global_colors_info=&#8221;{%22gcid-5ea6f707-7589-495b-ac14-f55a09689654%22:%91%22header_text_color%22%93}&#8221;]<\/p>\n<h2>V\u00fdpo\u010det \u017eeriavov\u00fdch nosn\u00fdch dosiek met\u00f3dou kone\u010dn\u00fdch prvkov<\/h2>\n<p>Skupina Feinwerk Group po\u010d\u00edta v\u0161etky nosn\u00e9 dosky \u017eeriavov vo vlastnej r\u00e9\u017eii pomocou met\u00f3dy kone\u010dn\u00fdch prvkov. R\u00fdchlo sa daj\u00fa vyhodnoti\u0165 aj \u0161peci\u00e1lne pr\u00edpady za\u0165a\u017eenia. <\/p>\n<p>[\/et_pb_text][et_pb_text _builder_version=&#8221;4.24.2&#8243; _module_preset=&#8221;default&#8221; custom_margin=&#8221;||50px||false|false&#8221; global_colors_info=&#8221;{}&#8221;]<\/p>\n<p><a class=\"btn-link dark\" href=\"https:\/\/www.kranabstuetzplatten.com\/sk\/contact\/\">V\u00fdpo\u010det \u017eiadosti  <span class=\"feinwerk-icon-arrow-right\"><\/span><\/a><\/p>\n<p>[\/et_pb_text][\/et_pb_column][et_pb_column type=&#8221;1_2&#8243; _builder_version=&#8221;4.24.0&#8243; _module_preset=&#8221;default&#8221; custom_css_main_element=&#8221;margin: auto;&#8221; global_colors_info=&#8221;{}&#8221;][et_pb_image src=&#8221;https:\/\/www.kranabstuetzplatten.com\/wp-content\/uploads\/2024\/02\/kranabstuetzplatten-feinwerk-fem-individuelle-berechnung.webp&#8221; title_text=&#8221;\u017eeriav-nosn\u00e9-plochy-feinwerk-fem-individu\u00e1lny-v\u00fdpo\u010det&#8221; _builder_version=&#8221;4.27.4&#8243; _module_preset=&#8221;default&#8221; dvmd_acat_aria_label=&#8221;Visualization of the load distribution on a crane support plate. Color gradient from light blue to dark blue shows pressure intensity, with the middle areas bearing the highest load&#8221; global_colors_info=&#8221;{}&#8221;][\/et_pb_image][\/et_pb_column][\/et_pb_row][\/et_pb_section][et_pb_section fb_built=&#8221;1&#8243; _builder_version=&#8221;4.24.2&#8243; _module_preset=&#8221;default&#8221; custom_margin_tablet=&#8221;&#8221; custom_margin_phone=&#8221;||||false|true&#8221; custom_margin_last_edited=&#8221;on|phone&#8221; global_colors_info=&#8221;{}&#8221;][et_pb_row column_structure=&#8221;1_2,1_2&#8243; make_equal=&#8221;on&#8221; custom_padding_last_edited=&#8221;on|phone&#8221; _builder_version=&#8221;4.24.2&#8243; _module_preset=&#8221;default&#8221; max_width=&#8221;1600px&#8221; custom_padding_tablet=&#8221;&#8221; custom_padding_phone=&#8221;0px||||false|false&#8221; global_colors_info=&#8221;{}&#8221;][et_pb_column type=&#8221;1_2&#8243; _builder_version=&#8221;4.24.2&#8243; _module_preset=&#8221;default&#8221; custom_css_main_element=&#8221;margin: auto;&#8221; global_colors_info=&#8221;{}&#8221;][et_pb_text _builder_version=&#8221;4.24.2&#8243; _module_preset=&#8221;default&#8221; custom_padding_tablet=&#8221;&#8221; custom_padding_phone=&#8221;||20px||false|false&#8221; custom_padding_last_edited=&#8221;on|phone&#8221; global_colors_info=&#8221;{}&#8221;]<\/p>\n<h2>V\u00fdhody na\u0161ich podporn\u00fdch dosiek<\/h2>\n<p>[\/et_pb_text][\/et_pb_column][et_pb_column type=&#8221;1_2&#8243; _builder_version=&#8221;4.24.0&#8243; _module_preset=&#8221;default&#8221; custom_css_main_element=&#8221;margin:auto;&#8221; global_colors_info=&#8221;{}&#8221;][et_pb_text _builder_version=&#8221;4.24.2&#8243; _module_preset=&#8221;default&#8221; global_colors_info=&#8221;{}&#8221;]<\/p>\n<div class=\"badge-container\">\n<div class=\"badge\"><span class=\"feinwerk-icon-shield-check\"><\/span>100% vyroben\u00e9 v Nemecku spolo\u010dnos\u0165ou Feinwerk Group<\/div>\n<div class=\"badge\"><span class=\"feinwerk-icon-check\"><\/span>Minim\u00e1lna hmotnos\u0165 pri maxim\u00e1lnej nosnosti v\u010faka \u0161peci\u00e1lne vyvinutej vo\u0161tinovej \u0161trukt\u00fare<\/div>\n<div class=\"badge\"><span class=\"feinwerk-icon-user\"><\/span>Viac ako 40 rokov sk\u00fasenost\u00ed v oblasti spracovania ocele<\/div>\n<div class=\"badge\"><span class=\"feinwerk-icon-document-signed\"><\/span>Certifikovan\u00e9 pod\u013ea medzin\u00e1rodn\u00fdch noriem<\/div>\n<div class=\"badge\"><span class=\"feinwerk-icon-document\"><\/span>Dod\u00e1vka vr\u00e1tane n\u00e1vodu na obsluhu a vyhl\u00e1senia CE <\/div>\n<div class=\"badge\"><span class=\"feinwerk-icon-cookie\"><\/span>Ma\u013eovanie vo v\u0161etk\u00fdch farb\u00e1ch RAL<\/div>\n<div class=\"badge\"><span class=\"feinwerk-icon-plus-circle\"><\/span>Prisp\u00f4sobenie farby a ve\u013ekosti pod\u013ea dohody<\/div>\n<div class=\"badge\"><span class=\"feinwerk-icon-plus-circle\"><\/span>Individu\u00e1lny statick\u00fd v\u00fdpo\u010det nosn\u00fdch dosiek \u017eeriavu<\/div>\n<\/div>\n<p>[\/et_pb_text][\/et_pb_column][\/et_pb_row][\/et_pb_section][et_pb_section fb_built=&#8221;1&#8243; _builder_version=&#8221;4.24.2&#8243; _module_preset=&#8221;default&#8221; locked=&#8221;off&#8221; global_colors_info=&#8221;{}&#8221;][et_pb_row column_structure=&#8221;1_2,1_2&#8243; make_equal=&#8221;on&#8221; _builder_version=&#8221;4.24.0&#8243; _module_preset=&#8221;default&#8221; background_color=&#8221;gcid-900d4a25-5d4d-4445-b994-67d8dc7f68c1&#8243; max_width=&#8221;1600px&#8221; custom_margin=&#8221;||||false|false&#8221; custom_padding=&#8221;|45px|0px|45px|false|true&#8221; border_radii=&#8221;on|10px|10px|10px|10px&#8221; global_colors_info=&#8221;{%22gcid-900d4a25-5d4d-4445-b994-67d8dc7f68c1%22:%91%22background_color%22%93}&#8221;][et_pb_column type=&#8221;1_2&#8243; _builder_version=&#8221;4.24.0&#8243; _module_preset=&#8221;default&#8221; custom_css_main_element=&#8221;margin: auto;&#8221; global_colors_info=&#8221;{}&#8221;][et_pb_text _builder_version=&#8221;4.24.0&#8243; _module_preset=&#8221;default&#8221; header_text_color=&#8221;gcid-5ea6f707-7589-495b-ac14-f55a09689654&#8243; global_colors_info=&#8221;{%22gcid-5ea6f707-7589-495b-ac14-f55a09689654%22:%91%22header_text_color%22%93}&#8221;]<\/p>\n<h2>Konfigur\u00e1cia nosnej dosky \u017eeriavu na mieru <br \/>s nosnos\u0165ou a\u017e 300 ton<\/h2>\n<p>[\/et_pb_text][et_pb_text _builder_version=&#8221;4.24.2&#8243; _module_preset=&#8221;default&#8221; custom_margin=&#8221;||50px||false|false&#8221; link_option_url=&#8221;https:\/\/www.kranabstuetzplatten.com\/sk\/configurator\/&#8221; global_colors_info=&#8221;{}&#8221;]<\/p>\n<p><a href=\"https:\/\/www.kranabstuetzplatten.com\/sk\/configurator\/\" class=\"btn-link dark\">Konfigurujte teraz<br \/><\/a><\/p>\n<p>[\/et_pb_text][\/et_pb_column][et_pb_column type=&#8221;1_2&#8243; _builder_version=&#8221;4.24.0&#8243; _module_preset=&#8221;default&#8221; custom_css_main_element=&#8221;margin: auto;&#8221; global_colors_info=&#8221;{}&#8221;][et_pb_code _builder_version=&#8221;4.27.4&#8243; _module_preset=&#8221;default&#8221; background_image=&#8221;https:\/\/www.kranabstuetzplatten.com\/wp-content\/uploads\/2025\/07\/feinwerk-configurator-mockup-slowakei.webp&#8221; background_position=&#8221;top_center&#8221; height=&#8221;600px&#8221; height_tablet=&#8221;300px&#8221; height_phone=&#8221;300px&#8221; height_last_edited=&#8221;on|tablet&#8221; hover_enabled=&#8221;0&#8243; dvmd_acat_aria_label=&#8221;Image from the crane support plates configurator page&#8221; border_radii=&#8221;off|10px|10px||&#8221; global_colors_info=&#8221;{}&#8221; title_text=&#8221;feinwerk-configurator-mockup-slowakei&#8221; sticky_enabled=&#8221;0&#8243;][\/et_pb_code][\/et_pb_column][\/et_pb_row][\/et_pb_section]<\/p>\n","protected":false},"excerpt":{"rendered":"<p>Podpern\u00e9 dosky \u017eeriavapre p\u00e1sov\u00fd \u017eeriavJedine\u010dn\u00e9 nastavenie v\u00fd\u0161ky a flexibiln\u00e9 ve\u013ekostiNa\u0161e \u017eeriavov\u00e9 podpern\u00e9 dosky s\u00fa \u0161pi\u010dkou na trhu, pokia\u013e ide o prisp\u00f4sobenie sa \u0161pecifick\u00fdm potreb\u00e1m v\u00e1\u0161ho p\u00e1sov\u00e9ho \u017eeriavu. Rovnak\u00e1 v\u00fd\u0161ka dosky a \u017eeriavov\u00fdch podlo\u017eiek umo\u017e\u0148uje plynul\u00fd prechod a zvy\u0161uje stabilitu. V\u010faka u\u017e vyr\u00e1ban\u00fdm rozmerom do 8,0 x 2,4 x 0,20 m a mo\u017enosti v\u00fdroby \u0161peci\u00e1lnych rozmerov [&hellip;]<\/p>\n","protected":false},"author":1,"featured_media":5574,"parent":0,"menu_order":0,"comment_status":"closed","ping_status":"closed","template":"","meta":{"_acf_changed":false,"_et_pb_use_builder":"on","_et_pb_old_content":"","_et_gb_content_width":"","inline_featured_image":false,"footnotes":""},"class_list":["post-5573","page","type-page","status-publish","has-post-thumbnail","hentry"],"acf":[],"tag_names":[],"category_names":[],"thumbnail":"https:\/\/www.kranabstuetzplatten.com\/wp-content\/uploads\/2024\/02\/kopfmedia_feinwerk_raupenkran_1.webp","_links":{"self":[{"href":"https:\/\/www.kranabstuetzplatten.com\/sk\/wp-json\/wp\/v2\/pages\/5573","targetHints":{"allow":["GET"]}}],"collection":[{"href":"https:\/\/www.kranabstuetzplatten.com\/sk\/wp-json\/wp\/v2\/pages"}],"about":[{"href":"https:\/\/www.kranabstuetzplatten.com\/sk\/wp-json\/wp\/v2\/types\/page"}],"author":[{"embeddable":true,"href":"https:\/\/www.kranabstuetzplatten.com\/sk\/wp-json\/wp\/v2\/users\/1"}],"replies":[{"embeddable":true,"href":"https:\/\/www.kranabstuetzplatten.com\/sk\/wp-json\/wp\/v2\/comments?post=5573"}],"version-history":[{"count":8,"href":"https:\/\/www.kranabstuetzplatten.com\/sk\/wp-json\/wp\/v2\/pages\/5573\/revisions"}],"predecessor-version":[{"id":7281,"href":"https:\/\/www.kranabstuetzplatten.com\/sk\/wp-json\/wp\/v2\/pages\/5573\/revisions\/7281"}],"wp:featuredmedia":[{"embeddable":true,"href":"https:\/\/www.kranabstuetzplatten.com\/sk\/wp-json\/wp\/v2\/media\/5574"}],"wp:attachment":[{"href":"https:\/\/www.kranabstuetzplatten.com\/sk\/wp-json\/wp\/v2\/media?parent=5573"}],"curies":[{"name":"wp","href":"https:\/\/api.w.org\/{rel}","templated":true}]}}