{"id":5568,"date":"2024-02-28T11:06:55","date_gmt":"2024-02-28T10:06:55","guid":{"rendered":"https:\/\/www.kranabstuetzplatten.com\/legal-notice\/"},"modified":"2025-07-02T07:47:15","modified_gmt":"2025-07-02T05:47:15","slug":"legal-notice","status":"publish","type":"page","link":"https:\/\/www.kranabstuetzplatten.com\/sk\/legal-notice\/","title":{"rendered":"Odtla\u010dok"},"content":{"rendered":"<p>[et_pb_section fb_built=&#8221;1&#8243; _builder_version=&#8221;4.24.0&#8243; _module_preset=&#8221;default&#8221; custom_margin=&#8221;||||false|false&#8221; global_colors_info=&#8221;{}&#8221; theme_builder_area=&#8221;post_content&#8221;][et_pb_row make_equal=&#8221;on&#8221; _builder_version=&#8221;4.24.0&#8243; _module_preset=&#8221;default&#8221; max_width=&#8221;1600px&#8221; min_height=&#8221;400px&#8221; min_height_tablet=&#8221;200px&#8221; min_height_phone=&#8221;&#8221; min_height_last_edited=&#8221;on|tablet&#8221; custom_margin=&#8221;100px||||false|false&#8221; custom_padding=&#8221;25px|0px|25px|0px|true|true&#8221; global_colors_info=&#8221;{}&#8221; theme_builder_area=&#8221;post_content&#8221;][et_pb_column type=&#8221;4_4&#8243; _builder_version=&#8221;4.24.0&#8243; _module_preset=&#8221;default&#8221; custom_css_main_element=&#8221;margin: auto;&#8221; global_colors_info=&#8221;{}&#8221; theme_builder_area=&#8221;post_content&#8221;][et_pb_text _builder_version=&#8221;4.24.0&#8243; _module_preset=&#8221;default&#8221; header_text_color=&#8221;gcid-5ea6f707-7589-495b-ac14-f55a09689654&#8243; global_colors_info=&#8221;{%22gcid-5ea6f707-7589-495b-ac14-f55a09689654%22:%91%22header_text_color%22%93}&#8221; theme_builder_area=&#8221;post_content&#8221;]<\/p>\n<h1 style=\"text-align: center;\">Odtla\u010dok<\/h1>\n<p>[\/et_pb_text][\/et_pb_column][\/et_pb_row][\/et_pb_section][et_pb_section fb_built=&#8221;1&#8243; _builder_version=&#8221;4.24.0&#8243; _module_preset=&#8221;default&#8221; global_colors_info=&#8221;{}&#8221; theme_builder_area=&#8221;post_content&#8221;][et_pb_row _builder_version=&#8221;4.24.2&#8243; _module_preset=&#8221;default&#8221; theme_builder_area=&#8221;post_content&#8221;][et_pb_column _builder_version=&#8221;4.24.2&#8243; _module_preset=&#8221;default&#8221; type=&#8221;4_4&#8243; theme_builder_area=&#8221;post_content&#8221;][et_pb_text _builder_version=&#8221;4.24.2&#8243; _module_preset=&#8221;default&#8221; theme_builder_area=&#8221;post_content&#8221; hover_enabled=&#8221;0&#8243; sticky_enabled=&#8221;0&#8243;]<\/p>\n<div class=\"et_pb_column et_pb_column_4_4 et_pb_column_1 et_pb_css_mix_blend_mode_passthrough et-last-child\">\n<div class=\"et_pb_module et_pb_text et_pb_text_1 et_pb_text_align_left et_pb_bg_layout_light\">\n<div class=\"et_pb_text_inner\">\n<p>Feinwerk Technologies GmbH<br \/>Zunftstr. 20<br \/>77694 Kehl-Marlen <\/p>\n<p>Zast\u00fapen\u00fd:<br \/>Dominik Obert<br \/>Sascha Raither<\/p>\n<p>Telef\u00f3n: 078541860<br \/>E-mail: info@feinwerk-technologies.de<\/p>\n<p>Registra\u010dn\u00fd s\u00fad: Freiburg<br \/>Registra\u010dn\u00e9 \u010d\u00edslo: HRB723181<\/p>\n<h3>Zodpovednos\u0165 za obsah<\/h3>\n<p>Ako poskytovate\u013e slu\u017eieb sme zodpovedn\u00ed za vlastn\u00fd obsah na t\u00fdchto str\u00e1nkach v s\u00falade s \u00a7 7 ods. 1 TMG (nemeck\u00fd z\u00e1kon o telem\u00e9di\u00e1ch) a v\u0161eobecn\u00fdmi pr\u00e1vnymi predpismi. Pod\u013ea \u00a7\u00a7 8 a\u017e 10 TMG v\u0161ak ako poskytovate\u013e slu\u017eieb nie sme povinn\u00ed monitorova\u0165 pren\u00e1\u0161an\u00e9 alebo ulo\u017een\u00e9 inform\u00e1cie tret\u00edch str\u00e1n alebo vy\u0161etrova\u0165 okolnosti, ktor\u00e9 nazna\u010duj\u00fa nez\u00e1konn\u00fa \u010dinnos\u0165. Povinnosti odstr\u00e1ni\u0165 alebo zablokova\u0165 pou\u017e\u00edvanie inform\u00e1ci\u00ed v s\u00falade so v\u0161eobecn\u00fdmi pr\u00e1vnymi predpismi t\u00fdm nie s\u00fa dotknut\u00e9. Zodpovednos\u0165 v tomto oh\u013eade je v\u0161ak mo\u017en\u00e1 a\u017e od okamihu, ke\u010f sa dozviete o konkr\u00e9tnom poru\u0161en\u00ed. Hne\u010f ako sa o takomto poru\u0161en\u00ed dozvieme, tento obsah okam\u017eite odstr\u00e1nime.     <\/p>\n<h3>Zodpovednos\u0165 za odkazy<\/h3>\n<p>Na\u0161a webov\u00e1 str\u00e1nka obsahuje odkazy na extern\u00e9 webov\u00e9 str\u00e1nky tret\u00edch str\u00e1n, na ktor\u00fdch obsah nem\u00e1me \u017eiadny vplyv. Preto nem\u00f4\u017eeme prevzia\u0165 \u017eiadnu zodpovednos\u0165 za tento obsah tret\u00edch str\u00e1n. Za obsah odkazovan\u00fdch str\u00e1nok je v\u017edy zodpovedn\u00fd pr\u00edslu\u0161n\u00fd poskytovate\u013e alebo prev\u00e1dzkovate\u013e str\u00e1nok. Prepojen\u00e9 str\u00e1nky boli v \u010dase prepojenia skontrolovan\u00e9 z h\u013eadiska mo\u017en\u00e9ho poru\u0161enia pr\u00e1vnych predpisov. Nez\u00e1konn\u00fd obsah nebol v \u010dase prepojenia rozpoznan\u00fd. Permanentn\u00e9 monitorovanie obsahu odkazovan\u00fdch str\u00e1nok v\u0161ak nie je \u00fa\u010deln\u00e9 bez konkr\u00e9tnych d\u00f4kazov o poru\u0161en\u00ed. Ak zist\u00edme poru\u0161enie pr\u00e1vnych predpisov, tak\u00e9to odkazy okam\u017eite odstr\u00e1nime.      <\/p>\n<h3>Autorsk\u00e9 pr\u00e1va<\/h3>\n<p>Obsah a diela vytvoren\u00e9 prev\u00e1dzkovate\u013emi str\u00e1nok na t\u00fdchto str\u00e1nkach podliehaj\u00fa nemeck\u00e9mu autorsk\u00e9mu pr\u00e1vu. Rozmno\u017eovanie, spracovanie, \u0161\u00edrenie a ak\u00fdko\u013evek druh vyu\u017eitia nad r\u00e1mec autorsk\u00e9ho z\u00e1kona si vy\u017eaduje p\u00edsomn\u00fd s\u00fahlas pr\u00edslu\u0161n\u00e9ho autora alebo tvorcu. S\u0165ahovanie a kop\u00edrovanie t\u00fdchto str\u00e1nok je povolen\u00e9 len na s\u00fakromn\u00e9, nekomer\u010dn\u00e9 pou\u017eitie. Pokia\u013e obsah na tejto str\u00e1nke nevytvoril prev\u00e1dzkovate\u013e, re\u0161pektuj\u00fa sa autorsk\u00e9 pr\u00e1va tret\u00edch str\u00e1n. Najm\u00e4 obsah tret\u00edch str\u00e1n je takto ozna\u010den\u00fd. Ak sa napriek tomu dozviete o poru\u0161en\u00ed autorsk\u00fdch pr\u00e1v, informujte n\u00e1s o tom. Ak sa o poru\u0161en\u00ed dozvieme, tak\u00fdto obsah okam\u017eite odstr\u00e1nime.      <\/p>\n<h3>Realiz\u00e1cia \/ Fotografie \/ Film<\/h3>\n<p><a href=\"https:\/\/www.kopfmedia.de\" target=\"_blank\" rel=\"noopener\">KOPF MEDIA GmbH<\/a><\/p>\n<\/div>\n<\/div>\n<\/div>\n<p>[\/et_pb_text][\/et_pb_column][\/et_pb_row][\/et_pb_section]<\/p>\n","protected":false},"excerpt":{"rendered":"<p>Odtla\u010dok Feinwerk Technologies GmbHZunftstr. 2077694 Kehl-Marlen Zast\u00fapen\u00fd:Dominik ObertSascha Raither Telef\u00f3n: 078541860E-mail: info@feinwerk-technologies.de Registra\u010dn\u00fd s\u00fad: FreiburgRegistra\u010dn\u00e9 \u010d\u00edslo: HRB723181 Zodpovednos\u0165 za obsah Ako poskytovate\u013e slu\u017eieb sme zodpovedn\u00ed za vlastn\u00fd obsah na t\u00fdchto str\u00e1nkach v s\u00falade s \u00a7 7 ods. 1 TMG (nemeck\u00fd z\u00e1kon o telem\u00e9di\u00e1ch) a v\u0161eobecn\u00fdmi pr\u00e1vnymi predpismi. Pod\u013ea \u00a7\u00a7 8 a\u017e 10 TMG v\u0161ak ako [&hellip;]<\/p>\n","protected":false},"author":1,"featured_media":0,"parent":0,"menu_order":0,"comment_status":"closed","ping_status":"closed","template":"","meta":{"_acf_changed":false,"_et_pb_use_builder":"on","_et_pb_old_content":"","_et_gb_content_width":"","inline_featured_image":false,"footnotes":""},"class_list":["post-5568","page","type-page","status-publish","hentry"],"acf":[],"tag_names":[],"category_names":[],"thumbnail":false,"_links":{"self":[{"href":"https:\/\/www.kranabstuetzplatten.com\/sk\/wp-json\/wp\/v2\/pages\/5568","targetHints":{"allow":["GET"]}}],"collection":[{"href":"https:\/\/www.kranabstuetzplatten.com\/sk\/wp-json\/wp\/v2\/pages"}],"about":[{"href":"https:\/\/www.kranabstuetzplatten.com\/sk\/wp-json\/wp\/v2\/types\/page"}],"author":[{"embeddable":true,"href":"https:\/\/www.kranabstuetzplatten.com\/sk\/wp-json\/wp\/v2\/users\/1"}],"replies":[{"embeddable":true,"href":"https:\/\/www.kranabstuetzplatten.com\/sk\/wp-json\/wp\/v2\/comments?post=5568"}],"version-history":[{"count":3,"href":"https:\/\/www.kranabstuetzplatten.com\/sk\/wp-json\/wp\/v2\/pages\/5568\/revisions"}],"predecessor-version":[{"id":6558,"href":"https:\/\/www.kranabstuetzplatten.com\/sk\/wp-json\/wp\/v2\/pages\/5568\/revisions\/6558"}],"wp:attachment":[{"href":"https:\/\/www.kranabstuetzplatten.com\/sk\/wp-json\/wp\/v2\/media?parent=5568"}],"curies":[{"name":"wp","href":"https:\/\/api.w.org\/{rel}","templated":true}]}}