{"id":5589,"date":"2024-01-29T11:32:20","date_gmt":"2024-01-29T10:32:20","guid":{"rendered":"https:\/\/www.kranabstuetzplatten.com\/assortment\/"},"modified":"2025-07-02T08:15:32","modified_gmt":"2025-07-02T06:15:32","slug":"assortment","status":"publish","type":"page","link":"https:\/\/www.kranabstuetzplatten.com\/pl\/assortment\/","title":{"rendered":"Asortyment"},"content":{"rendered":"<p>[et_pb_section fb_built=&#8221;1&#8243; _builder_version=&#8221;4.24.0&#8243; _module_preset=&#8221;default&#8221; custom_margin=&#8221;||||false|false&#8221; global_colors_info=&#8221;{}&#8221;][et_pb_row make_equal=&#8221;on&#8221; custom_padding_last_edited=&#8221;on|phone&#8221; _builder_version=&#8221;4.24.2&#8243; _module_preset=&#8221;default&#8221; max_width=&#8221;1600px&#8221; min_height=&#8221;400px&#8221; min_height_tablet=&#8221;200px&#8221; min_height_phone=&#8221;&#8221; min_height_last_edited=&#8221;on|tablet&#8221; custom_margin=&#8221;100px||||false|false&#8221; custom_padding=&#8221;25px|0px|25px|0px|true|true&#8221; custom_padding_tablet=&#8221;25px|0px|25px|0px|true|true&#8221; custom_padding_phone=&#8221;||0px||false|true&#8221; global_colors_info=&#8221;{}&#8221;][et_pb_column type=&#8221;4_4&#8243; _builder_version=&#8221;4.24.0&#8243; _module_preset=&#8221;default&#8221; custom_css_main_element=&#8221;margin: auto;&#8221; global_colors_info=&#8221;{}&#8221;][et_pb_text _builder_version=&#8221;4.24.0&#8243; _module_preset=&#8221;default&#8221; header_text_color=&#8221;gcid-5ea6f707-7589-495b-ac14-f55a09689654&#8243; global_colors_info=&#8221;{%22gcid-5ea6f707-7589-495b-ac14-f55a09689654%22:%91%22header_text_color%22%93}&#8221;]<\/p>\n<h1 style=\"text-align: center;\">Asortyment<\/h1>\n<p>[\/et_pb_text][et_pb_text _builder_version=&#8221;4.24.0&#8243; _module_preset=&#8221;default&#8221; header_5_text_color=&#8221;gcid-5fff3dbb-f849-4bc0-a4a8-65251b0d45ee&#8221; global_colors_info=&#8221;{%22gcid-5fff3dbb-f849-4bc0-a4a8-65251b0d45ee%22:%91%22header_5_text_color%22%93}&#8221;]<\/p>\n<h5 style=\"text-align: center;\">P\u0142yty \u017curawia do \u017curawia samojezdnego \/ g\u0105sienicowego<\/h5>\n<p>[\/et_pb_text][\/et_pb_column][\/et_pb_row][\/et_pb_section][et_pb_section fb_built=&#8221;1&#8243; _builder_version=&#8221;4.24.2&#8243; _module_preset=&#8221;default&#8221; custom_margin_tablet=&#8221;&#8221; custom_margin_phone=&#8221;||||false|true&#8221; custom_margin_last_edited=&#8221;on|phone&#8221; global_colors_info=&#8221;{}&#8221;][et_pb_row column_structure=&#8221;1_2,1_2&#8243; make_equal=&#8221;on&#8221; custom_padding_last_edited=&#8221;on|phone&#8221; _builder_version=&#8221;4.24.2&#8243; _module_preset=&#8221;default&#8221; max_width=&#8221;1600px&#8221; custom_padding_tablet=&#8221;&#8221; custom_padding_phone=&#8221;0px||0px||false|false&#8221; global_colors_info=&#8221;{}&#8221;][et_pb_column type=&#8221;1_2&#8243; _builder_version=&#8221;4.24.0&#8243; _module_preset=&#8221;default&#8221; custom_css_main_element=&#8221;margin:auto;&#8221; global_colors_info=&#8221;{}&#8221;][et_pb_text _builder_version=&#8221;4.24.2&#8243; _module_preset=&#8221;default&#8221; global_colors_info=&#8221;{}&#8221;]<\/p>\n<h2>Nasz standardowy asortyment \u017curawi samojezdnych<\/h2>\n<p>[\/et_pb_text][et_pb_code _builder_version=&#8221;4.24.2&#8243; _module_preset=&#8221;default&#8221; custom_padding_tablet=&#8221;&#8221; custom_padding_phone=&#8221;||12px||false|false&#8221; custom_padding_last_edited=&#8221;on|phone&#8221; global_colors_info=&#8221;{}&#8221;]<\/p>\n<div class=\"badge-container\"><!-- [et_pb_line_break_holder] -->    <\/p>\n<div class=\"badge badge-transparent badge-text-highlight\"><!-- [et_pb_line_break_holder] -->        <span class=\"feinwerk-icon-arrow-up\"><\/span><!-- [et_pb_line_break_holder] -->        <span>do 250t<\/span><!-- [et_pb_line_break_holder] -->    <\/div>\n<p><!-- [et_pb_line_break_holder] -->    <\/p>\n<div class=\"badge badge-transparent badge-text-highlight\"><!-- [et_pb_line_break_holder] -->        <span class=\"feinwerk-icon-expand\"><\/span><!-- [et_pb_line_break_holder] -->        <span>1.2 x 1.0 to 3.5 x 2.4 m<\/span><!-- [et_pb_line_break_holder] -->    <\/div>\n<p><!-- [et_pb_line_break_holder] -->    <\/p>\n<div class=\"badge badge-transparent badge-text-highlight\"><!-- [et_pb_line_break_holder] -->        <span class=\"feinwerk-icon-checkbox\"><\/span><!-- [et_pb_line_break_holder] -->        <span>Mo\u017cliwe rozmiary specjalne<\/span><!-- [et_pb_line_break_holder] -->    <\/div>\n<p><!-- [et_pb_line_break_holder] -->    <\/p>\n<div><\/div>\n<p><!-- [et_pb_line_break_holder] --><\/div>\n<p>[\/et_pb_code][\/et_pb_column][et_pb_column type=&#8221;1_2&#8243; _builder_version=&#8221;4.24.0&#8243; _module_preset=&#8221;default&#8221; custom_css_main_element=&#8221;margin:auto;&#8221; global_colors_info=&#8221;{}&#8221;][et_pb_text _builder_version=&#8221;4.24.0&#8243; _module_preset=&#8221;default&#8221; global_colors_info=&#8221;{}&#8221;]<\/p>\n<p>Nasz standardowy zakres obejmuje od 1,2 * 1,0 m do 2,2 * 3,5 m. Osi\u0105gamy maksymaln\u0105 wag\u0119 250 ton. Dzi\u0119ki wysokiej elastyczno\u015bci jeste\u015bmy w stanie szybko reagowa\u0107 na Twoje wymagania. Nie mo\u017cesz znale\u017a\u0107 odpowiedniego rozmiaru? Nie ma problemu, obliczymy, zaprojektujemy i wyprodukujemy p\u0142yt\u0119 wsporcz\u0105 \u017curawia zgodnie z Twoimi wymaganiami.    <\/p>\n<p>[\/et_pb_text][\/et_pb_column][\/et_pb_row][\/et_pb_section][et_pb_section fb_built=&#8221;1&#8243; _builder_version=&#8221;4.24.2&#8243; _module_preset=&#8221;default&#8221; custom_margin_tablet=&#8221;&#8221; custom_margin_phone=&#8221;||||false|true&#8221; custom_margin_last_edited=&#8221;on|phone&#8221; global_colors_info=&#8221;{}&#8221;][et_pb_row custom_padding_last_edited=&#8221;on|phone&#8221; _builder_version=&#8221;4.24.2&#8243; _module_preset=&#8221;default&#8221; max_width=&#8221;1600px&#8221; custom_padding_tablet=&#8221;&#8221; custom_padding_phone=&#8221;0px||||false|false&#8221; global_colors_info=&#8221;{}&#8221;][et_pb_column type=&#8221;4_4&#8243; _builder_version=&#8221;4.24.0&#8243; _module_preset=&#8221;default&#8221; global_colors_info=&#8221;{}&#8221;][et_pb_code _builder_version=&#8221;4.27.4&#8243; _module_preset=&#8221;default&#8221; hover_enabled=&#8221;0&#8243; global_colors_info=&#8221;{}&#8221; dvmd_acat_aria_label=&#8221;Table with maximum load capacity in tons for standard crane support plates. Columns show width in meters from 1 meter to 3.5 meters. Rows show length in meters from 1.2 meters to 2.4 meters.&#8221; sticky_enabled=&#8221;0&#8243;]<div id=\"vue-wordpress-app-bed510ea-e1ef-4bab-93f7-7d6e6e8a6f9c\" data-app-url=\"https:\/\/www.kranabstuetzplatten.com\" data-fcaptcha-sitekey=\"FCMHA65IB64SV3PL\" data-component=\"crane-support-table\" data-lang=\"pl\" data-cranesupporttable=\"{&quot;configuratorPath&quot;:&quot;\/konfigurator\/&quot;,&quot;url&quot;:&quot;\/wp-content\/uploads\/2024\/03\/cranesupport_table_data_1.0.6.json&quot;}\"><\/div>[\/et_pb_code][\/et_pb_column][\/et_pb_row][et_pb_row column_structure=&#8221;1_2,1_4,1_4&#8243; custom_padding_last_edited=&#8221;on|phone&#8221; _builder_version=&#8221;4.24.2&#8243; _module_preset=&#8221;default&#8221; max_width=&#8221;1600px&#8221; custom_padding_tablet=&#8221;&#8221; custom_padding_phone=&#8221;||0px||false|false&#8221; global_colors_info=&#8221;{}&#8221;][et_pb_column type=&#8221;1_2&#8243; _builder_version=&#8221;4.24.0&#8243; _module_preset=&#8221;default&#8221; global_colors_info=&#8221;{}&#8221;][et_pb_text _builder_version=&#8221;4.24.0&#8243; _module_preset=&#8221;default&#8221; global_colors_info=&#8221;{}&#8221;]<\/p>\n<p>Poni\u017csze linki do pobrania prowadz\u0105 do naszych broszur z przegl\u0105dem indywidualnych danych technicznych dla naszego standardowego asortymentu. Zawieraj\u0105 one wszystkie informacje na temat warto\u015bci nacisku na podpor\u0119, ca\u0142kowitej wysoko\u015bci i ci\u0119\u017caru w\u0142asnego danej p\u0142yty podporowej \u017curawia. <\/p>\n<p>[\/et_pb_text][\/et_pb_column][et_pb_column type=&#8221;1_4&#8243; _builder_version=&#8221;4.24.0&#8243; _module_preset=&#8221;default&#8221; global_colors_info=&#8221;{}&#8221;][et_pb_code _builder_version=&#8221;4.24.2&#8243; _module_preset=&#8221;default&#8221; global_colors_info=&#8221;{}&#8221;]<a class=\"btn-link\" href=\"https:\/\/www.kranabstuetzplatten.com\/pl\/contact\/\">Popro\u015b o wycen\u0119<!-- [et_pb_line_break_holder] -->      <span class=\"feinwerk-icon-arrow-right\"><\/span><!-- [et_pb_line_break_holder] -->    <\/a>[\/et_pb_code][\/et_pb_column][et_pb_column type=&#8221;1_4&#8243; _builder_version=&#8221;4.24.0&#8243; _module_preset=&#8221;default&#8221; global_colors_info=&#8221;{}&#8221;][et_pb_code disabled_on=&#8221;on|on|on&#8221; _builder_version=&#8221;4.24.2&#8243; _module_preset=&#8221;default&#8221; disabled=&#8221;on&#8221; global_colors_info=&#8221;{}&#8221;]<a class=\"btn-link\" href=\"\/en\/404\">Pobierz broszur\u0119  <!-- [et_pb_line_break_holder] -->      <span class=\"feinwerk-icon-download\"><\/span><!-- [et_pb_line_break_holder] -->    <\/a>[\/et_pb_code][\/et_pb_column][\/et_pb_row][\/et_pb_section][et_pb_section fb_built=&#8221;1&#8243; _builder_version=&#8221;4.24.2&#8243; _module_preset=&#8221;default&#8221; global_colors_info=&#8221;{}&#8221;][et_pb_row _builder_version=&#8221;4.24.2&#8243; _module_preset=&#8221;default&#8221; global_colors_info=&#8221;{}&#8221;][et_pb_column type=&#8221;4_4&#8243; _builder_version=&#8221;4.24.2&#8243; _module_preset=&#8221;default&#8221; global_colors_info=&#8221;{}&#8221;][et_pb_code _builder_version=&#8221;4.27.4&#8243; _module_preset=&#8221;default&#8221; hover_enabled=&#8221;0&#8243; global_colors_info=&#8221;{}&#8221; dvmd_acat_aria_label=&#8221;3D representation of a support plate under a mobile crane &#8211; Crane support plate for mobile cranes with compact design and high stability&#8221; sticky_enabled=&#8221;0&#8243;]<\/p>\n<div class=\"purpose-preview-row\"><!-- [et_pb_line_break_holder] -->  <\/p>\n<div class=\"purpose-preview\"><!-- [et_pb_line_break_holder] -->  <\/p>\n<div class=\"preview-image\"><!-- [et_pb_line_break_holder] -->    <img decoding=\"async\" src=\"https:\/\/www.kranabstuetzplatten.com\/wp-content\/uploads\/2024\/02\/kopfmedia_feinwerk_mobilkran_1.webp\"><!-- [et_pb_line_break_holder] -->  <\/div>\n<p><!-- [et_pb_line_break_holder] -->  <\/p>\n<div class=\"preview-body\"><!-- [et_pb_line_break_holder] -->    <\/p>\n<h2><!-- [et_pb_line_break_holder] -->  P\u0142yty no\u015bne do \u017curawi samojezdnych<!-- [et_pb_line_break_holder] -->    <\/h2>\n<p><!-- [et_pb_line_break_holder] -->    <a class=\"btn-link\" href=\"https:\/\/www.kranabstuetzplatten.com\/pl\/crane-support-plates-for-the-mobile-crane\/\">Wi\u0119cej informacji <!-- [et_pb_line_break_holder] -->      <span class=\"feinwerk-icon-arrow-right\"><\/span><!-- [et_pb_line_break_holder] -->    <\/a><!-- [et_pb_line_break_holder] -->  <\/div>\n<p><!-- [et_pb_line_break_holder] --><\/div>\n<p><!-- [et_pb_line_break_holder] --><\/p>\n<div class=\"purpose-preview\"><!-- [et_pb_line_break_holder] -->  <\/p>\n<div class=\"preview-image\"><!-- [et_pb_line_break_holder] -->    <img decoding=\"async\" src=\"https:\/\/www.kranabstuetzplatten.com\/wp-content\/uploads\/2024\/02\/kopfmedia_feinwerk_raupenkran_1.webp\"><!-- [et_pb_line_break_holder] -->  <\/div>\n<p><!-- [et_pb_line_break_holder] -->  <\/p>\n<div class=\"preview-body\"><!-- [et_pb_line_break_holder] -->    <\/p>\n<h2><!-- [et_pb_line_break_holder] -->  P\u0142yty no\u015bne do \u017curawi g\u0105sienicowych<!-- [et_pb_line_break_holder] -->    <\/h2>\n<p><!-- [et_pb_line_break_holder] -->    <a class=\"btn-link\" href=\"https:\/\/www.kranabstuetzplatten.com\/pl\/crane-support-plates-for-the-crawler-crane\/\">Wi\u0119cej informacji <!-- [et_pb_line_break_holder] -->      <span class=\"feinwerk-icon-arrow-right\"><\/span><!-- [et_pb_line_break_holder] -->    <\/a><!-- [et_pb_line_break_holder] -->  <\/div>\n<p><!-- [et_pb_line_break_holder] --><\/div>\n<p><!-- [et_pb_line_break_holder] --><\/div>\n<p>[\/et_pb_code][\/et_pb_column][\/et_pb_row][\/et_pb_section][et_pb_section fb_built=&#8221;1&#8243; _builder_version=&#8221;4.24.2&#8243; _module_preset=&#8221;default&#8221; custom_margin_tablet=&#8221;&#8221; custom_margin_phone=&#8221;||||false|true&#8221; custom_margin_last_edited=&#8221;on|phone&#8221; global_colors_info=&#8221;{}&#8221;][et_pb_row _builder_version=&#8221;4.24.2&#8243; _module_preset=&#8221;default&#8221; background_color=&#8221;gcid-900d4a25-5d4d-4445-b994-67d8dc7f68c1&#8243; max_width=&#8221;1600px&#8221; custom_padding=&#8221;100px|50px|100px|50px|true|true&#8221; border_radii=&#8221;on|10px|10px|10px|10px&#8221; global_colors_info=&#8221;{%22gcid-900d4a25-5d4d-4445-b994-67d8dc7f68c1%22:%91%22background_color%22%93}&#8221;][et_pb_column type=&#8221;4_4&#8243; _builder_version=&#8221;4.24.2&#8243; _module_preset=&#8221;default&#8221; custom_css_main_element=&#8221;margin:auto;&#8221; global_colors_info=&#8221;{}&#8221;][et_pb_text _builder_version=&#8221;4.24.2&#8243; _module_preset=&#8221;default&#8221; header_2_text_color=&#8221;gcid-5ea6f707-7589-495b-ac14-f55a09689654&#8243; header_5_text_color=&#8221;gcid-5ea6f707-7589-495b-ac14-f55a09689654&#8243; custom_margin=&#8221;||20px||false|false&#8221; global_colors_info=&#8221;{%22gcid-5ea6f707-7589-495b-ac14-f55a09689654%22:%91%22header_5_text_color%22,%22header_2_text_color%22%93}&#8221;]<\/p>\n<h2 style=\"text-align: center;\"><a href=\"https:\/\/www.feinwerk-technologies.de\/zertifikate\/\" target=\"_blank\" rel=\"noopener\">Posiadamy certyfikaty zgodno\u015bci z mi\u0119dzynarodowymi standardami<\/a><\/h2>\n<p>[\/et_pb_text][et_pb_code _builder_version=&#8221;4.24.2&#8243; _module_preset=&#8221;default&#8221; global_colors_info=&#8221;{}&#8221;]<div id=\"vue-wordpress-app-07ead281-1c1b-4437-819e-95ad98749e34\" data-app-url=\"https:\/\/www.feinwerk-technologies.de\" data-fcaptcha-sitekey=\"FCMHA65IB64SV3PL\" data-lang=\"pl\" data-component=\"certificate-section\" data-certificatesection=\"{&quot;variant&quot;:&quot;badge&quot;}\" ><\/div>[\/et_pb_code][\/et_pb_column][\/et_pb_row][\/et_pb_section][et_pb_section fb_built=&#8221;1&#8243; _builder_version=&#8221;4.24.2&#8243; _module_preset=&#8221;default&#8221; custom_margin=&#8221;||||false|false&#8221; custom_margin_tablet=&#8221;||||false|false&#8221; custom_margin_phone=&#8221;||||false|true&#8221; custom_margin_last_edited=&#8221;on|phone&#8221; global_colors_info=&#8221;{}&#8221;][et_pb_row column_structure=&#8221;1_2,1_2&#8243; make_equal=&#8221;on&#8221; _builder_version=&#8221;4.24.0&#8243; _module_preset=&#8221;default&#8221; background_color=&#8221;gcid-900d4a25-5d4d-4445-b994-67d8dc7f68c1&#8243; max_width=&#8221;1600px&#8221; custom_margin=&#8221;||||false|false&#8221; custom_padding=&#8221;40px|45px|40px|45px|true|true&#8221; border_radii=&#8221;on|10px|10px|10px|10px&#8221; global_colors_info=&#8221;{%22gcid-900d4a25-5d4d-4445-b994-67d8dc7f68c1%22:%91%22background_color%22%93}&#8221;][et_pb_column type=&#8221;1_2&#8243; _builder_version=&#8221;4.24.0&#8243; _module_preset=&#8221;default&#8221; custom_css_main_element=&#8221;margin: auto;&#8221; global_colors_info=&#8221;{}&#8221;][et_pb_text content_tablet=&#8221;<\/p>\n<h2>Obliczenia MES p\u0142yt no\u015bnych \u017curawia<\/h2>\n<p>Grupa Feinwerk oblicza wszystkie p\u0142yty no\u015bne d\u017awig\u00f3w we w\u0142asnym zakresie przy u\u017cyciu metody element\u00f3w sko\u0144czonych. Specjalne przypadki obci\u0105\u017ce\u0144 mog\u0105 by\u0107 r\u00f3wnie\u017c szybko oceniane. <\/p>\n<p>&#8221; content_phone=&#8221;<\/p>\n<h2>Obliczenia MES p\u0142yt no\u015bnych \u017curawia<\/h2>\n<p>Grupa Feinwerk oblicza wszystkie p\u0142yty no\u015bne d\u017awig\u00f3w we w\u0142asnym zakresie przy u\u017cyciu metody element\u00f3w sko\u0144czonych. Specjalne przypadki obci\u0105\u017ce\u0144 mog\u0105 by\u0107 r\u00f3wnie\u017c szybko oceniane. <\/p>\n<p>&#8221; content_last_edited=&#8221;on|phone&#8221; _builder_version=&#8221;4.24.2&#8243; _module_preset=&#8221;default&#8221; header_text_color=&#8221;gcid-5ea6f707-7589-495b-ac14-f55a09689654&#8243; global_colors_info=&#8221;{%22gcid-5ea6f707-7589-495b-ac14-f55a09689654%22:%91%22header_text_color%22%93}&#8221;]<\/p>\n<h2>Obliczenia MES p\u0142yt no\u015bnych \u017curawia<\/h2>\n<p>Grupa Feinwerk oblicza wszystkie p\u0142yty no\u015bne d\u017awig\u00f3w we w\u0142asnym zakresie przy u\u017cyciu metody element\u00f3w sko\u0144czonych. Specjalne przypadki obci\u0105\u017ce\u0144 mog\u0105 by\u0107 r\u00f3wnie\u017c szybko oceniane. <\/p>\n<p>[\/et_pb_text][et_pb_text _builder_version=&#8221;4.24.2&#8243; _module_preset=&#8221;default&#8221; custom_margin=&#8221;||50px||false|false&#8221; global_colors_info=&#8221;{}&#8221;]<\/p>\n<p><a class=\"btn-link dark\" href=\"https:\/\/www.kranabstuetzplatten.com\/pl\/contact\/\">Kalkulacja \u017c\u0105dania <span class=\"feinwerk-icon-arrow-right\"><\/span><\/a><\/p>\n<p>[\/et_pb_text][\/et_pb_column][et_pb_column type=&#8221;1_2&#8243; _builder_version=&#8221;4.24.0&#8243; _module_preset=&#8221;default&#8221; custom_css_main_element=&#8221;margin: auto;&#8221; global_colors_info=&#8221;{}&#8221;][et_pb_image src=&#8221;https:\/\/www.kranabstuetzplatten.com\/wp-content\/uploads\/2024\/02\/kranabstuetzplatten-feinwerk-fem-individuelle-berechnung.webp&#8221; title_text=&#8221;suwnice-podpory-feinwerk-fem-indywidualne-kalkulacje&#8221; _builder_version=&#8221;4.27.4&#8243; _module_preset=&#8221;default&#8221; hover_enabled=&#8221;0&#8243; global_colors_info=&#8221;{}&#8221; dvmd_acat_aria_label=&#8221;Visualization of the load distribution on a crane support plate. Color gradient from light blue to dark blue shows pressure intensity, with the middle areas bearing the highest load.&#8221; sticky_enabled=&#8221;0&#8243;][\/et_pb_image][\/et_pb_column][\/et_pb_row][\/et_pb_section][et_pb_section fb_built=&#8221;1&#8243; _builder_version=&#8221;4.24.2&#8243; _module_preset=&#8221;default&#8221; custom_margin_tablet=&#8221;&#8221; custom_margin_phone=&#8221;||||false|true&#8221; custom_margin_last_edited=&#8221;on|phone&#8221; global_colors_info=&#8221;{}&#8221;][et_pb_row _builder_version=&#8221;4.24.0&#8243; _module_preset=&#8221;default&#8221; global_colors_info=&#8221;{}&#8221;][et_pb_column type=&#8221;4_4&#8243; _builder_version=&#8221;4.24.0&#8243; _module_preset=&#8221;default&#8221; global_colors_info=&#8221;{}&#8221;][et_pb_text _builder_version=&#8221;4.24.2&#8243; _module_preset=&#8221;default&#8221; header_2_text_color=&#8221;gcid-5ea6f707-7589-495b-ac14-f55a09689654&#8243; global_colors_info=&#8221;{%22gcid-5ea6f707-7589-495b-ac14-f55a09689654%22:%91%22header_2_text_color%22%93}&#8221;]<\/p>\n<h2 style=\"text-align: center;\">Configure your customized<br \/>Crane support plate with a load capacity of up to 300 tons<\/h2>\n<p>[\/et_pb_text][et_pb_text _builder_version=&#8221;4.24.0&#8243; _module_preset=&#8221;default&#8221; custom_margin=&#8221;||50px||false|false&#8221; global_colors_info=&#8221;{}&#8221;]<\/p>\n<p style=\"text-align: center;\"><a class=\"btn-link\" href=\"https:\/\/www.kranabstuetzplatten.com\/pl\/configurator\/\">Skonfiguruj teraz<\/a><\/p>\n<p>[\/et_pb_text][\/et_pb_column][\/et_pb_row][\/et_pb_section]<\/p>\n","protected":false},"excerpt":{"rendered":"<p>AsortymentP\u0142yty \u017curawia do \u017curawia samojezdnego \/ g\u0105sienicowegoNasz standardowy asortyment \u017curawi samojezdnychNasz standardowy zakres obejmuje od 1,2 * 1,0 m do 2,2 * 3,5 m. Osi\u0105gamy maksymaln\u0105 wag\u0119 250 ton. Dzi\u0119ki wysokiej elastyczno\u015bci jeste\u015bmy w stanie szybko reagowa\u0107 na Twoje wymagania. Nie mo\u017cesz znale\u017a\u0107 odpowiedniego rozmiaru? Nie ma problemu, obliczymy, zaprojektujemy i wyprodukujemy p\u0142yt\u0119 wsporcz\u0105 \u017curawia [&hellip;]<\/p>\n","protected":false},"author":1,"featured_media":5590,"parent":0,"menu_order":0,"comment_status":"closed","ping_status":"closed","template":"","meta":{"_acf_changed":false,"_et_pb_use_builder":"on","_et_pb_old_content":"","_et_gb_content_width":"","inline_featured_image":false,"footnotes":""},"class_list":["post-5589","page","type-page","status-publish","has-post-thumbnail","hentry"],"acf":[],"tag_names":[],"category_names":[],"thumbnail":"https:\/\/www.kranabstuetzplatten.com\/wp-content\/uploads\/2024\/02\/kopfmedia_feinwerk-group-kranabstuetzplatten-2000px-20.webp","_links":{"self":[{"href":"https:\/\/www.kranabstuetzplatten.com\/pl\/wp-json\/wp\/v2\/pages\/5589","targetHints":{"allow":["GET"]}}],"collection":[{"href":"https:\/\/www.kranabstuetzplatten.com\/pl\/wp-json\/wp\/v2\/pages"}],"about":[{"href":"https:\/\/www.kranabstuetzplatten.com\/pl\/wp-json\/wp\/v2\/types\/page"}],"author":[{"embeddable":true,"href":"https:\/\/www.kranabstuetzplatten.com\/pl\/wp-json\/wp\/v2\/users\/1"}],"replies":[{"embeddable":true,"href":"https:\/\/www.kranabstuetzplatten.com\/pl\/wp-json\/wp\/v2\/comments?post=5589"}],"version-history":[{"count":6,"href":"https:\/\/www.kranabstuetzplatten.com\/pl\/wp-json\/wp\/v2\/pages\/5589\/revisions"}],"predecessor-version":[{"id":6670,"href":"https:\/\/www.kranabstuetzplatten.com\/pl\/wp-json\/wp\/v2\/pages\/5589\/revisions\/6670"}],"wp:featuredmedia":[{"embeddable":true,"href":"https:\/\/www.kranabstuetzplatten.com\/pl\/wp-json\/wp\/v2\/media\/5590"}],"wp:attachment":[{"href":"https:\/\/www.kranabstuetzplatten.com\/pl\/wp-json\/wp\/v2\/media?parent=5589"}],"curies":[{"name":"wp","href":"https:\/\/api.w.org\/{rel}","templated":true}]}}