{"id":5575,"date":"2024-02-26T15:55:42","date_gmt":"2024-02-26T14:55:42","guid":{"rendered":"https:\/\/www.kranabstuetzplatten.com\/crane-support-plates-for-the-mobile-crane\/"},"modified":"2025-07-02T08:10:30","modified_gmt":"2025-07-02T06:10:30","slug":"crane-support-plates-for-the-mobile-crane","status":"publish","type":"page","link":"https:\/\/www.kranabstuetzplatten.com\/pl\/crane-support-plates-for-the-mobile-crane\/","title":{"rendered":"P\u0142yty podporowe dla \u017curawia samojezdnego"},"content":{"rendered":"<p>[et_pb_section fb_built=&#8221;1&#8243; _builder_version=&#8221;4.24.2&#8243; custom_margin_tablet=&#8221;&#8221; custom_margin_phone=&#8221;||||false|true&#8221; custom_margin_last_edited=&#8221;on|phone&#8221; global_colors_info=&#8221;{}&#8221;][et_pb_row column_structure=&#8221;3_5,2_5&#8243; custom_padding_last_edited=&#8221;on|phone&#8221; _builder_version=&#8221;4.24.2&#8243; background_size=&#8221;initial&#8221; background_position=&#8221;top_left&#8221; background_repeat=&#8221;repeat&#8221; max_width=&#8221;1600px&#8221; custom_padding=&#8221;100px||100px||true|false&#8221; custom_padding_tablet=&#8221;100px||100px||true|false&#8221; custom_padding_phone=&#8221;||0px||false|false&#8221; global_colors_info=&#8221;{}&#8221;][et_pb_column type=&#8221;3_5&#8243; _builder_version=&#8221;4.16&#8243; custom_padding=&#8221;|||&#8221; global_colors_info=&#8221;{}&#8221; custom_padding__hover=&#8221;|||&#8221;][et_pb_text content_tablet=&#8221;<\/p>\n<h1>P\u0142yty podporowe dla \u017curawia samojezdnego<\/h1>\n<p>&#8221; content_phone=&#8221;<\/p>\n<h1>P\u0142yty podporowe dla \u017curawia samojezdnego<\/h1>\n<p>&#8221; content_last_edited=&#8221;on|phone&#8221; _builder_version=&#8221;4.24.2&#8243; _module_preset=&#8221;default&#8221; header_text_color=&#8221;gcid-52d948b6-e042-4cc0-80cc-f3a688effea0&#8243; global_colors_info=&#8221;{%22gcid-52d948b6-e042-4cc0-80cc-f3a688effea0%22:%91%22header_text_color%22%93}&#8221;]<\/p>\n<h1>P\u0142yty podporowe dla \u017curawia samojezdnego<\/h1>\n<p>[\/et_pb_text][et_pb_code _builder_version=&#8221;4.24.2&#8243; _module_preset=&#8221;default&#8221; global_colors_info=&#8221;{}&#8221;]<\/p>\n<div class=\"badge-container\"><!-- [et_pb_line_break_holder] -->    <\/p>\n<div class=\"badge badge-transparent\"><!-- [et_pb_line_break_holder] -->        <span class=\"feinwerk-icon-marker\"><\/span><!-- [et_pb_line_break_holder] -->        <span>Wyprodukowano w Niemczech<\/span><!-- [et_pb_line_break_holder] -->    <\/div>\n<p><!-- [et_pb_line_break_holder] -->    <\/p>\n<div class=\"badge badge-transparent\"><!-- [et_pb_line_break_holder] -->        <span class=\"feinwerk-icon-shield\"><\/span><!-- [et_pb_line_break_holder] -->        <span>Najwy\u017csza jako\u015b\u0107<\/span><!-- [et_pb_line_break_holder] -->    <\/div>\n<p><!-- [et_pb_line_break_holder] -->    <\/p>\n<div class=\"badge badge-transparent\"><!-- [et_pb_line_break_holder] -->        <span class=\"feinwerk-icon-transform\"><\/span><!-- [et_pb_line_break_holder] -->        <span>r\u00f3\u017cne rozmiary<\/span><!-- [et_pb_line_break_holder] -->    <\/div>\n<p><!-- [et_pb_line_break_holder] -->    <\/p>\n<div><\/div>\n<p><!-- [et_pb_line_break_holder] --><\/div>\n<p>[\/et_pb_code][\/et_pb_column][et_pb_column type=&#8221;2_5&#8243; _builder_version=&#8221;4.16&#8243; custom_padding=&#8221;|||&#8221; global_colors_info=&#8221;{}&#8221; custom_padding__hover=&#8221;|||&#8221;][et_pb_image src=&#8221;https:\/\/www.kranabstuetzplatten.com\/wp-content\/uploads\/2024\/02\/kopfmedia_feinwerk_mobilkran_1.webp&#8221; title_text=&#8221;kopfmedia_feinwerk_mobile_crane_1&#8243; _builder_version=&#8221;4.27.4&#8243; _module_preset=&#8221;default&#8221; background_color=&#8221;gcid-900d4a25-5d4d-4445-b994-67d8dc7f68c1&#8243; dvmd_acat_aria_label=&#8221;Crane support plate in performance design with optimized height and weight &#8211; 20 % lighter than conventional models, particularly suitable for demanding applications with a focus on weight savings and transport efficiency&#8221; border_radii=&#8221;on|10px|10px|10px|10px&#8221; global_colors_info=&#8221;{%22gcid-900d4a25-5d4d-4445-b994-67d8dc7f68c1%22:%91%22background_color%22%93}&#8221;][\/et_pb_image][\/et_pb_column][\/et_pb_row][\/et_pb_section][et_pb_section fb_built=&#8221;1&#8243; _builder_version=&#8221;4.24.2&#8243; _module_preset=&#8221;default&#8221; custom_margin_tablet=&#8221;&#8221; custom_margin_phone=&#8221;|-25px||-25px|false|true&#8221; custom_margin_last_edited=&#8221;on|phone&#8221; global_colors_info=&#8221;{}&#8221;][et_pb_row column_structure=&#8221;1_2,1_2&#8243; custom_padding_last_edited=&#8221;on|phone&#8221; _builder_version=&#8221;4.24.2&#8243; _module_preset=&#8221;default&#8221; max_width=&#8221;1600px&#8221; custom_padding_tablet=&#8221;&#8221; custom_padding_phone=&#8221;0px||0px||false|false&#8221; global_colors_info=&#8221;{}&#8221;][et_pb_column type=&#8221;1_2&#8243; _builder_version=&#8221;4.24.0&#8243; _module_preset=&#8221;default&#8221; global_colors_info=&#8221;{}&#8221;][et_pb_text _builder_version=&#8221;4.24.2&#8243; _module_preset=&#8221;default&#8221; custom_margin=&#8221;||20px||false|false&#8221; global_colors_info=&#8221;{}&#8221;]<\/p>\n<h2>Optymalna stabilno\u015b\u0107 \u017curawi samojezdnych: nasze p\u0142yty podporowe do \u017curawi<\/h2>\n<p>[\/et_pb_text][\/et_pb_column][et_pb_column type=&#8221;1_2&#8243; _builder_version=&#8221;4.24.0&#8243; _module_preset=&#8221;default&#8221; global_colors_info=&#8221;{}&#8221;][et_pb_text _builder_version=&#8221;4.24.0&#8243; _module_preset=&#8221;default&#8221; global_colors_info=&#8221;{}&#8221;]<\/p>\n<p>Odkryj najlepsze rozwi\u0105zanie zapewniaj\u0105ce stabilno\u015b\u0107 \u017curawia samojezdnego: nasze p\u0142yty podporowe do \u017curawi. Zaprojektowane w celu optymalizacji rozk\u0142adu obci\u0105\u017cenia i zapewnienia stabilno\u015bci \u017curawia, nasze p\u0142yty zapewniaj\u0105 bezpiecze\u0144stwo i wydajno\u015b\u0107, kt\u00f3rych potrzebujesz na ka\u017cdym placu budowy. Feinwerk Technologies to sprawdzona jako\u015b\u0107 i niezawodno\u015b\u0107.  <\/p>\n<p>[\/et_pb_text][\/et_pb_column][\/et_pb_row][\/et_pb_section][et_pb_section fb_built=&#8221;1&#8243; _builder_version=&#8221;4.24.2&#8243; _module_preset=&#8221;default&#8221; custom_margin_tablet=&#8221;&#8221; custom_margin_phone=&#8221;||||false|true&#8221; custom_margin_last_edited=&#8221;on|phone&#8221; global_colors_info=&#8221;{}&#8221;][et_pb_row custom_padding_last_edited=&#8221;on|phone&#8221; _builder_version=&#8221;4.24.2&#8243; _module_preset=&#8221;default&#8221; max_width=&#8221;1600px&#8221; custom_padding_tablet=&#8221;&#8221; custom_padding_phone=&#8221;0px||0px||false|false&#8221; global_colors_info=&#8221;{}&#8221;][et_pb_column type=&#8221;4_4&#8243; _builder_version=&#8221;4.24.2&#8243; _module_preset=&#8221;default&#8221; global_colors_info=&#8221;{}&#8221;][et_pb_text _builder_version=&#8221;4.24.2&#8243; _module_preset=&#8221;default&#8221; global_colors_info=&#8221;{}&#8221;]<\/p>\n<h2 style=\"text-align: center;\">Popularne kombinacje<\/h2>\n<p>[\/et_pb_text][et_pb_code _builder_version=&#8221;4.27.4&#8243; _module_preset=&#8221;default&#8221; hover_enabled=&#8221;0&#8243; dvmd_acat_aria_label=&#8221;Popular crane support plate combinations to choose from. Seven rectangular variants with different sizes and colors &#8211; from 2000 x 1000 mm to 2500 x 2400 mm. Each panel is equipped with corner handles and a robust edge profile. The panels are available in red, black, orange, yellow and blue. Each variant can be configured individually.&#8221; global_colors_info=&#8221;{}&#8221; sticky_enabled=&#8221;0&#8243;]<div id=\"vue-wordpress-app-da7b9f2d-2480-4089-9bbb-eee66b3ce132\" data-app-url=\"https:\/\/www.kranabstuetzplatten.com\" data-fcaptcha-sitekey=\"FCMHA65IB64SV3PL\" data-component=\"configuration-presets-preview\" data-lang=\"us\"><\/div>[\/et_pb_code][\/et_pb_column][\/et_pb_row][\/et_pb_section][et_pb_section fb_built=&#8221;1&#8243; _builder_version=&#8221;4.24.2&#8243; _module_preset=&#8221;default&#8221; custom_margin_tablet=&#8221;&#8221; custom_margin_phone=&#8221;||||false|true&#8221; custom_margin_last_edited=&#8221;on|phone&#8221; global_colors_info=&#8221;{}&#8221;][et_pb_row column_structure=&#8221;1_2,1_2&#8243; make_equal=&#8221;on&#8221; custom_padding_last_edited=&#8221;on|phone&#8221; _builder_version=&#8221;4.24.2&#8243; _module_preset=&#8221;default&#8221; max_width=&#8221;1600px&#8221; custom_padding_tablet=&#8221;&#8221; custom_padding_phone=&#8221;0px||||false|false&#8221; global_colors_info=&#8221;{}&#8221;][et_pb_column type=&#8221;1_2&#8243; _builder_version=&#8221;4.24.2&#8243; _module_preset=&#8221;default&#8221; custom_css_main_element=&#8221;margin: auto;&#8221; global_colors_info=&#8221;{}&#8221;][et_pb_text _builder_version=&#8221;4.24.2&#8243; _module_preset=&#8221;default&#8221; custom_padding_tablet=&#8221;&#8221; custom_padding_phone=&#8221;||20px||false|false&#8221; custom_padding_last_edited=&#8221;on|phone&#8221; global_colors_info=&#8221;{}&#8221;]<\/p>\n<h2>Zalety naszych p\u0142yt no\u015bnych<\/h2>\n<p>[\/et_pb_text][\/et_pb_column][et_pb_column type=&#8221;1_2&#8243; _builder_version=&#8221;4.24.0&#8243; _module_preset=&#8221;default&#8221; custom_css_main_element=&#8221;margin:auto;&#8221; global_colors_info=&#8221;{}&#8221;][et_pb_text _builder_version=&#8221;4.24.2&#8243; _module_preset=&#8221;default&#8221; global_colors_info=&#8221;{}&#8221;]<\/p>\n<div class=\"badge-container\">\n<div class=\"badge\"><span class=\"feinwerk-icon-shield-check\"><\/span>W 100% wyprodukowane w Niemczech przez Feinwerk Group<\/div>\n<div class=\"badge\"><span class=\"feinwerk-icon-check\"><\/span>Minimalna waga przy maksymalnej no\u015bno\u015bci dzi\u0119ki specjalnie opracowanej strukturze plastra miodu<\/div>\n<div class=\"badge\"><span class=\"feinwerk-icon-user\"><\/span>Ponad 40 lat do\u015bwiadczenia w przetwarzaniu stali<\/div>\n<div class=\"badge\"><span class=\"feinwerk-icon-document-signed\"><\/span>Certyfikowany zgodnie z mi\u0119dzynarodowymi standardami<\/div>\n<div class=\"badge\"><span class=\"feinwerk-icon-document\"><\/span>Dostawa wraz z instrukcj\u0105 obs\u0142ugi i deklaracj\u0105 CE <\/div>\n<div class=\"badge\"><span class=\"feinwerk-icon-cookie\"><\/span>Malowanie we wszystkich kolorach RAL<\/div>\n<div class=\"badge\"><span class=\"feinwerk-icon-plus-circle\"><\/span>Dostosowanie koloru i rozmiaru po uzgodnieniu<\/div>\n<div class=\"badge\"><span class=\"feinwerk-icon-plus-circle\"><\/span>Indywidualne obliczenia statyczne p\u0142yt no\u015bnych \u017curawia<\/div>\n<\/div>\n<p>[\/et_pb_text][\/et_pb_column][\/et_pb_row][\/et_pb_section]<\/p>\n","protected":false},"excerpt":{"rendered":"<p>P\u0142yty podporowe dla \u017curawia samojezdnegoOptymalna stabilno\u015b\u0107 \u017curawi samojezdnych: nasze p\u0142yty podporowe do \u017curawiOdkryj najlepsze rozwi\u0105zanie zapewniaj\u0105ce stabilno\u015b\u0107 \u017curawia samojezdnego: nasze p\u0142yty podporowe do \u017curawi. Zaprojektowane w celu optymalizacji rozk\u0142adu obci\u0105\u017cenia i zapewnienia stabilno\u015bci \u017curawia, nasze p\u0142yty zapewniaj\u0105 bezpiecze\u0144stwo i wydajno\u015b\u0107, kt\u00f3rych potrzebujesz na ka\u017cdym placu budowy. Feinwerk Technologies to sprawdzona jako\u015b\u0107 i niezawodno\u015b\u0107. Popularne kombinacje<div id=\"vue-wordpress-app-1a6bede6-a692-4c83-ae08-b5e60d0e46f2\" data-app-url=\"https:\/\/www.kranabstuetzplatten.com\" data-fcaptcha-sitekey=\"FCMHA65IB64SV3PL\" data-0=\"[&hellip;\"><\/div><\/p>\n","protected":false},"author":1,"featured_media":5576,"parent":0,"menu_order":0,"comment_status":"closed","ping_status":"closed","template":"","meta":{"_acf_changed":false,"_et_pb_use_builder":"on","_et_pb_old_content":"","_et_gb_content_width":"","inline_featured_image":false,"footnotes":""},"class_list":["post-5575","page","type-page","status-publish","has-post-thumbnail","hentry"],"acf":[],"tag_names":[],"category_names":[],"thumbnail":"https:\/\/www.kranabstuetzplatten.com\/wp-content\/uploads\/2024\/02\/kopfmedia_feinwerk_mobilkran_1.webp","_links":{"self":[{"href":"https:\/\/www.kranabstuetzplatten.com\/pl\/wp-json\/wp\/v2\/pages\/5575","targetHints":{"allow":["GET"]}}],"collection":[{"href":"https:\/\/www.kranabstuetzplatten.com\/pl\/wp-json\/wp\/v2\/pages"}],"about":[{"href":"https:\/\/www.kranabstuetzplatten.com\/pl\/wp-json\/wp\/v2\/types\/page"}],"author":[{"embeddable":true,"href":"https:\/\/www.kranabstuetzplatten.com\/pl\/wp-json\/wp\/v2\/users\/1"}],"replies":[{"embeddable":true,"href":"https:\/\/www.kranabstuetzplatten.com\/pl\/wp-json\/wp\/v2\/comments?post=5575"}],"version-history":[{"count":9,"href":"https:\/\/www.kranabstuetzplatten.com\/pl\/wp-json\/wp\/v2\/pages\/5575\/revisions"}],"predecessor-version":[{"id":6661,"href":"https:\/\/www.kranabstuetzplatten.com\/pl\/wp-json\/wp\/v2\/pages\/5575\/revisions\/6661"}],"wp:featuredmedia":[{"embeddable":true,"href":"https:\/\/www.kranabstuetzplatten.com\/pl\/wp-json\/wp\/v2\/media\/5576"}],"wp:attachment":[{"href":"https:\/\/www.kranabstuetzplatten.com\/pl\/wp-json\/wp\/v2\/media?parent=5575"}],"curies":[{"name":"wp","href":"https:\/\/api.w.org\/{rel}","templated":true}]}}