{"id":5565,"date":"2024-09-24T14:31:39","date_gmt":"2024-09-24T12:31:39","guid":{"rendered":"https:\/\/www.kranabstuetzplatten.com\/download\/"},"modified":"2025-07-02T08:07:22","modified_gmt":"2025-07-02T06:07:22","slug":"download","status":"publish","type":"page","link":"https:\/\/www.kranabstuetzplatten.com\/pl\/download\/","title":{"rendered":"pobieranie"},"content":{"rendered":"<p>[et_pb_section fb_built=&#8221;1&#8243; _builder_version=&#8221;4.24.0&#8243; _module_preset=&#8221;default&#8221; custom_margin=&#8221;||||false|false&#8221; global_colors_info=&#8221;{}&#8221;][et_pb_row make_equal=&#8221;on&#8221; _builder_version=&#8221;4.24.0&#8243; _module_preset=&#8221;default&#8221; max_width=&#8221;1600px&#8221; min_height=&#8221;400px&#8221; min_height_tablet=&#8221;200px&#8221; min_height_phone=&#8221;&#8221; min_height_last_edited=&#8221;on|tablet&#8221; custom_margin=&#8221;100px||||false|false&#8221; custom_padding=&#8221;25px|0px|25px|0px|true|true&#8221; global_colors_info=&#8221;{}&#8221;][et_pb_column type=&#8221;4_4&#8243; _builder_version=&#8221;4.24.0&#8243; _module_preset=&#8221;default&#8221; custom_css_main_element=&#8221;margin: auto;&#8221; global_colors_info=&#8221;{}&#8221;][et_pb_text _builder_version=&#8221;4.27.0&#8243; _module_preset=&#8221;default&#8221; header_text_color=&#8221;gcid-5ea6f707-7589-495b-ac14-f55a09689654&#8243; global_colors_info=&#8221;{%22gcid-5ea6f707-7589-495b-ac14-f55a09689654%22:%91%22header_text_color%22%93}&#8221;]<\/p>\n<h1 style=\"text-align: center;\">Pliki do pobrania<\/h1>\n<p>[\/et_pb_text][\/et_pb_column][\/et_pb_row][\/et_pb_section][et_pb_section fb_built=&#8221;1&#8243; _builder_version=&#8221;4.24.0&#8243; _module_preset=&#8221;default&#8221; global_colors_info=&#8221;{}&#8221;][et_pb_row column_structure=&#8221;2_5,3_5&#8243; _builder_version=&#8221;4.27.0&#8243; _module_preset=&#8221;default&#8221; max_width=&#8221;1600px&#8221; global_colors_info=&#8221;{}&#8221;][et_pb_column type=&#8221;2_5&#8243; _builder_version=&#8221;4.27.0&#8243; _module_preset=&#8221;default&#8221; global_colors_info=&#8221;{}&#8221;][et_pb_text _builder_version=&#8221;4.27.0&#8243; _module_preset=&#8221;default&#8221; global_colors_info=&#8221;{}&#8221;]<\/p>\n<div class=\"et_pb_module et_pb_text et_pb_text_3 et_pb_text_align_left et_pb_bg_layout_light\">\n<div class=\"et_pb_text_inner\">\n<h2>Nasze zaanga\u017cowanie w jako\u015b\u0107 i doskona\u0142o\u015b\u0107: certyfikowane standardy w Feinwerk Technologies<\/h2>\n<\/div>\n<\/div>\n<p>[\/et_pb_text][\/et_pb_column][et_pb_column type=&#8221;3_5&#8243; _builder_version=&#8221;4.27.0&#8243; _module_preset=&#8221;default&#8221; global_colors_info=&#8221;{}&#8221;][et_pb_text _builder_version=&#8221;4.27.0&#8243; _module_preset=&#8221;default&#8221; global_colors_info=&#8221;{}&#8221;]<\/p>\n<p>W Feinwerk Technologies rozumiemy, \u017ce zaufanie buduje si\u0119 poprzez udowodnion\u0105 jako\u015b\u0107 i konsekwentne dzia\u0142anie. Nasze certyfikaty s\u0105 \u015bwiadectwem naszego niezachwianego zaanga\u017cowania w spe\u0142nianie i przekraczanie najwy\u017cszych standard\u00f3w we wszystkich aspektach naszej pracy. Ka\u017cdy certyfikat reprezentuje nasze zaanga\u017cowanie w dostarczanie produkt\u00f3w i us\u0142ug o niezr\u00f3wnanej jako\u015bci.    <\/p>\n<p>[\/et_pb_text][\/et_pb_column][\/et_pb_row][\/et_pb_section][et_pb_section fb_built=&#8221;1&#8243; _builder_version=&#8221;4.24.0&#8243; _module_preset=&#8221;default&#8221; global_colors_info=&#8221;{}&#8221;][et_pb_row column_structure=&#8221;2_5,3_5&#8243; _builder_version=&#8221;4.27.0&#8243; _module_preset=&#8221;default&#8221; max_width=&#8221;1600px&#8221; global_colors_info=&#8221;{}&#8221;][et_pb_column type=&#8221;2_5&#8243; _builder_version=&#8221;4.27.0&#8243; _module_preset=&#8221;default&#8221; global_colors_info=&#8221;{}&#8221;][et_pb_text _builder_version=&#8221;4.27.0&#8243; _module_preset=&#8221;default&#8221; global_colors_info=&#8221;{}&#8221;]<\/p>\n<div class=\"et_pb_module et_pb_text et_pb_text_3 et_pb_text_align_left et_pb_bg_layout_light\">\n<div class=\"et_pb_text_inner\">\n<h2>Zarz\u0105dzanie jako\u015bci\u0105<\/h2>\n<p>Certyfikat ten oznacza nasz kompleksowy system zarz\u0105dzania jako\u015bci\u0105, kt\u00f3ry zapewnia, \u017ce wszystkie nasze procesy i procedury s\u0105 zgodne z uznanymi mi\u0119dzynarodowymi standardami.<\/p>\n<\/div>\n<\/div>\n<p>[\/et_pb_text][\/et_pb_column][et_pb_column type=&#8221;3_5&#8243; _builder_version=&#8221;4.27.0&#8243; _module_preset=&#8221;default&#8221; global_colors_info=&#8221;{}&#8221;][et_pb_code _builder_version=&#8221;4.27.2&#8243; _module_preset=&#8221;default&#8221; hover_enabled=&#8221;0&#8243; global_colors_info=&#8221;{}&#8221; sticky_enabled=&#8221;0&#8243;]<div id=\"vue-wordpress-app-69cf9f18-ae00-47a0-9466-8f9ce407ab43\" data-app-url=\"https:\/\/www.feinwerk-technologies.de\" data-fcaptcha-sitekey=\"FCMHA65IB64SV3PL\" data-component=\"certificate-section\" data-lang=\"pl\"  data-certificatesection=\"{&quot;taxOperator&quot;: &quot;AND&quot;, &quot;categories&quot;:[&quot;quality-assurance&quot;, &quot;kranabstuetzplatten&quot;]}\"><\/div>[\/et_pb_code][\/et_pb_column][\/et_pb_row][\/et_pb_section][et_pb_section fb_built=&#8221;1&#8243; _builder_version=&#8221;4.24.0&#8243; _module_preset=&#8221;default&#8221; global_colors_info=&#8221;{}&#8221;][et_pb_row column_structure=&#8221;2_5,3_5&#8243; _builder_version=&#8221;4.27.0&#8243; _module_preset=&#8221;default&#8221; max_width=&#8221;1600px&#8221; global_colors_info=&#8221;{}&#8221;][et_pb_column type=&#8221;2_5&#8243; _builder_version=&#8221;4.27.0&#8243; _module_preset=&#8221;default&#8221; global_colors_info=&#8221;{}&#8221;][et_pb_text _builder_version=&#8221;4.27.0&#8243; _module_preset=&#8221;default&#8221; global_colors_info=&#8221;{}&#8221;]<\/p>\n<div class=\"et_pb_module et_pb_text et_pb_text_3 et_pb_text_align_left et_pb_bg_layout_light\">\n<div class=\"et_pb_text_inner\">\n<h2>Do\u015bwiadczenie w technologii spawania<br \/><\/h2>\n<\/div>\n<\/div>\n<p>[\/et_pb_text][\/et_pb_column][et_pb_column type=&#8221;3_5&#8243; _builder_version=&#8221;4.27.0&#8243; _module_preset=&#8221;default&#8221; global_colors_info=&#8221;{}&#8221;][et_pb_text _builder_version=&#8221;4.27.0&#8243; _module_preset=&#8221;default&#8221; global_colors_info=&#8221;{}&#8221;]<\/p>\n<p>Certyfikaty te s\u0105 dowodem naszego do\u015bwiadczenia w technologii spawania. Gwarantuj\u0105 one, \u017ce nasze prace spawalnicze spe\u0142niaj\u0105 surowe wymagania norm dotycz\u0105cych proces\u00f3w spawania, co zapewnia niezmiennie wysok\u0105 jako\u015b\u0107 naszych produkt\u00f3w spawalniczych.   <\/p>\n<p>[\/et_pb_text][\/et_pb_column][\/et_pb_row][et_pb_row _builder_version=&#8221;4.27.0&#8243; _module_preset=&#8221;default&#8221; max_width=&#8221;1600px&#8221; global_colors_info=&#8221;{}&#8221;][et_pb_column type=&#8221;4_4&#8243; _builder_version=&#8221;4.27.0&#8243; _module_preset=&#8221;default&#8221; global_colors_info=&#8221;{}&#8221;][et_pb_code _builder_version=&#8221;4.27.2&#8243; _module_preset=&#8221;default&#8221; hover_enabled=&#8221;0&#8243; global_colors_info=&#8221;{}&#8221; sticky_enabled=&#8221;0&#8243;]<div id=\"vue-wordpress-app-358734d4-ff9d-4f9d-a3a4-604171d00f97\" data-app-url=\"https:\/\/www.feinwerk-technologies.de\" data-fcaptcha-sitekey=\"FCMHA65IB64SV3PL\" data-component=\"certificate-section\" data-lang=\"pl\"  data-certificatesection=\"{&quot;taxOperator&quot;: &quot;AND&quot;, &quot;categories&quot;:[&quot;welding&quot;, &quot;kranabstuetzplatten&quot;]}\"><\/div>[\/et_pb_code][\/et_pb_column][\/et_pb_row][\/et_pb_section]<\/p>\n","protected":false},"excerpt":{"rendered":"<p>Pliki do pobrania Nasze zaanga\u017cowanie w jako\u015b\u0107 i doskona\u0142o\u015b\u0107: certyfikowane standardy w Feinwerk Technologies W Feinwerk Technologies rozumiemy, \u017ce zaufanie buduje si\u0119 poprzez udowodnion\u0105 jako\u015b\u0107 i konsekwentne dzia\u0142anie. Nasze certyfikaty s\u0105 \u015bwiadectwem naszego niezachwianego zaanga\u017cowania w spe\u0142nianie i przekraczanie najwy\u017cszych standard\u00f3w we wszystkich aspektach naszej pracy. Ka\u017cdy certyfikat reprezentuje nasze zaanga\u017cowanie w dostarczanie produkt\u00f3w i [&hellip;]<\/p>\n","protected":false},"author":1,"featured_media":0,"parent":0,"menu_order":0,"comment_status":"closed","ping_status":"closed","template":"","meta":{"_acf_changed":false,"_et_pb_use_builder":"on","_et_pb_old_content":"","_et_gb_content_width":"","inline_featured_image":false,"footnotes":""},"class_list":["post-5565","page","type-page","status-publish","hentry"],"acf":[],"tag_names":[],"category_names":[],"thumbnail":false,"_links":{"self":[{"href":"https:\/\/www.kranabstuetzplatten.com\/pl\/wp-json\/wp\/v2\/pages\/5565","targetHints":{"allow":["GET"]}}],"collection":[{"href":"https:\/\/www.kranabstuetzplatten.com\/pl\/wp-json\/wp\/v2\/pages"}],"about":[{"href":"https:\/\/www.kranabstuetzplatten.com\/pl\/wp-json\/wp\/v2\/types\/page"}],"author":[{"embeddable":true,"href":"https:\/\/www.kranabstuetzplatten.com\/pl\/wp-json\/wp\/v2\/users\/1"}],"replies":[{"embeddable":true,"href":"https:\/\/www.kranabstuetzplatten.com\/pl\/wp-json\/wp\/v2\/comments?post=5565"}],"version-history":[{"count":6,"href":"https:\/\/www.kranabstuetzplatten.com\/pl\/wp-json\/wp\/v2\/pages\/5565\/revisions"}],"predecessor-version":[{"id":6637,"href":"https:\/\/www.kranabstuetzplatten.com\/pl\/wp-json\/wp\/v2\/pages\/5565\/revisions\/6637"}],"wp:attachment":[{"href":"https:\/\/www.kranabstuetzplatten.com\/pl\/wp-json\/wp\/v2\/media?parent=5565"}],"curies":[{"name":"wp","href":"https:\/\/api.w.org\/{rel}","templated":true}]}}