{"id":5980,"date":"2024-02-26T15:55:42","date_gmt":"2024-02-26T14:55:42","guid":{"rendered":"https:\/\/www.kranabstuetzplatten.com\/crane-support-plates-for-the-mobile-crane\/"},"modified":"2025-07-02T08:45:40","modified_gmt":"2025-07-02T06:45:40","slug":"crane-support-plates-for-the-mobile-crane","status":"publish","type":"page","link":"https:\/\/www.kranabstuetzplatten.com\/no\/crane-support-plates-for-the-mobile-crane\/","title":{"rendered":"Kranst\u00f8tteplater for mobilkranen"},"content":{"rendered":"<p>[et_pb_section fb_built=&#8221;1&#8243; _builder_version=&#8221;4.24.2&#8243; custom_margin_tablet=&#8221;&#8221; custom_margin_phone=&#8221;||||false|true&#8221; custom_margin_last_edited=&#8221;on|phone&#8221; global_colors_info=&#8221;{}&#8221;][et_pb_row column_structure=&#8221;3_5,2_5&#8243; custom_padding_last_edited=&#8221;on|phone&#8221; _builder_version=&#8221;4.24.2&#8243; background_size=&#8221;initial&#8221; background_position=&#8221;top_left&#8221; background_repeat=&#8221;repeat&#8221; max_width=&#8221;1600px&#8221; custom_padding=&#8221;100px||100px||true|false&#8221; custom_padding_tablet=&#8221;100px||100px||true|false&#8221; custom_padding_phone=&#8221;||0px||false|false&#8221; global_colors_info=&#8221;{}&#8221;][et_pb_column type=&#8221;3_5&#8243; _builder_version=&#8221;4.16&#8243; custom_padding=&#8221;|||&#8221; global_colors_info=&#8221;{}&#8221; custom_padding__hover=&#8221;|||&#8221;][et_pb_text content_tablet=&#8221;<\/p>\n<h1>Kranst\u00f8tteplater for mobilkranen<\/h1>\n<p>&#8221; content_phone=&#8221;<\/p>\n<h1>Kranst\u00f8tteplater for mobilkranen<\/h1>\n<p>&#8221; content_last_edited=&#8221;on|phone&#8221; _builder_version=&#8221;4.24.2&#8243; _module_preset=&#8221;default&#8221; header_text_color=&#8221;gcid-52d948b6-e042-4cc0-80cc-f3a688effea0&#8243; global_colors_info=&#8221;{%22gcid-52d948b6-e042-4cc0-80cc-f3a688effea0%22:%91%22header_text_color%22%93}&#8221;]<\/p>\n<h1>Kranst\u00f8tteplater for mobilkranen<\/h1>\n<p>[\/et_pb_text][et_pb_code _builder_version=&#8221;4.24.2&#8243; _module_preset=&#8221;default&#8221; global_colors_info=&#8221;{}&#8221;]<\/p>\n<div class=\"badge-container\"><!-- [et_pb_line_break_holder] -->    <\/p>\n<div class=\"badge badge-transparent\"><!-- [et_pb_line_break_holder] -->        <span class=\"feinwerk-icon-marker\"><\/span><!-- [et_pb_line_break_holder] -->        <span>Produsert i Tyskland<\/span><!-- [et_pb_line_break_holder] -->    <\/div>\n<p><!-- [et_pb_line_break_holder] -->    <\/p>\n<div class=\"badge badge-transparent\"><!-- [et_pb_line_break_holder] -->        <span class=\"feinwerk-icon-shield\"><\/span><!-- [et_pb_line_break_holder] -->        <span>Topp kvalitet<\/span><!-- [et_pb_line_break_holder] -->    <\/div>\n<p><!-- [et_pb_line_break_holder] -->    <\/p>\n<div class=\"badge badge-transparent\"><!-- [et_pb_line_break_holder] -->        <span class=\"feinwerk-icon-transform\"><\/span><!-- [et_pb_line_break_holder] -->        <span>forskjellige st\u00f8rrelser<\/span><!-- [et_pb_line_break_holder] -->    <\/div>\n<p><!-- [et_pb_line_break_holder] -->    <\/p>\n<div><\/div>\n<p><!-- [et_pb_line_break_holder] --><\/div>\n<p>[\/et_pb_code][\/et_pb_column][et_pb_column type=&#8221;2_5&#8243; _builder_version=&#8221;4.16&#8243; custom_padding=&#8221;|||&#8221; global_colors_info=&#8221;{}&#8221; custom_padding__hover=&#8221;|||&#8221;][et_pb_image src=&#8221;https:\/\/www.kranabstuetzplatten.com\/wp-content\/uploads\/2024\/02\/kopfmedia_feinwerk_mobilkran_1.webp&#8221; title_text=&#8221;kopfmedia_feinwerk_mobilkran_1&#8243; _builder_version=&#8221;4.27.4&#8243; _module_preset=&#8221;default&#8221; background_color=&#8221;gcid-900d4a25-5d4d-4445-b994-67d8dc7f68c1&#8243; dvmd_acat_aria_label=&#8221;Kranabst\u00fctzplatte in Performance-Ausf\u00fchrung mit optimierter Bauh\u00f6he und Gewicht \u2013 20\u202f% leichter als herk\u00f6mmliche Modelle, besonders geeignet f\u00fcr anspruchsvolle Anwendungen mit Fokus auf Gewichtseinsparung und Transporteffizienz&#8221; border_radii=&#8221;on|10px|10px|10px|10px&#8221; global_colors_info=&#8221;{%22gcid-900d4a25-5d4d-4445-b994-67d8dc7f68c1%22:%91%22background_color%22%93}&#8221;][\/et_pb_image][\/et_pb_column][\/et_pb_row][\/et_pb_section][et_pb_section fb_built=&#8221;1&#8243; _builder_version=&#8221;4.24.2&#8243; _module_preset=&#8221;default&#8221; custom_margin_tablet=&#8221;&#8221; custom_margin_phone=&#8221;|-25px||-25px|false|true&#8221; custom_margin_last_edited=&#8221;on|phone&#8221; global_colors_info=&#8221;{}&#8221;][et_pb_row column_structure=&#8221;1_2,1_2&#8243; custom_padding_last_edited=&#8221;on|phone&#8221; _builder_version=&#8221;4.24.2&#8243; _module_preset=&#8221;default&#8221; max_width=&#8221;1600px&#8221; custom_padding_tablet=&#8221;&#8221; custom_padding_phone=&#8221;0px||0px||false|false&#8221; global_colors_info=&#8221;{}&#8221;][et_pb_column type=&#8221;1_2&#8243; _builder_version=&#8221;4.24.0&#8243; _module_preset=&#8221;default&#8221; global_colors_info=&#8221;{}&#8221;][et_pb_text _builder_version=&#8221;4.24.2&#8243; _module_preset=&#8221;default&#8221; custom_margin=&#8221;||20px||false|false&#8221; global_colors_info=&#8221;{}&#8221;]<\/p>\n<h2>Optimal stabilitet for mobilkraner: v\u00e5re kranst\u00f8tteplater<\/h2>\n<p>[\/et_pb_text][\/et_pb_column][et_pb_column type=&#8221;1_2&#8243; _builder_version=&#8221;4.24.0&#8243; _module_preset=&#8221;default&#8221; global_colors_info=&#8221;{}&#8221;][et_pb_text _builder_version=&#8221;4.24.0&#8243; _module_preset=&#8221;default&#8221; global_colors_info=&#8221;{}&#8221;]<\/p>\n<p>Oppdag den ultimate l\u00f8sningen for stabiliteten til mobilkranen din: v\u00e5re kranst\u00f8tteplater. V\u00e5re plater er designet for \u00e5 optimalisere lastfordelingen og sikre kranens stabilitet, og gir deg den sikkerheten og effektiviteten du trenger p\u00e5 enhver byggeplass. Med Feinwerk Technologies kan du stole p\u00e5 dokumentert kvalitet og p\u00e5litelighet.  <\/p>\n<p>[\/et_pb_text][\/et_pb_column][\/et_pb_row][\/et_pb_section][et_pb_section fb_built=&#8221;1&#8243; _builder_version=&#8221;4.24.2&#8243; _module_preset=&#8221;default&#8221; custom_margin_tablet=&#8221;&#8221; custom_margin_phone=&#8221;||||false|true&#8221; custom_margin_last_edited=&#8221;on|phone&#8221; global_colors_info=&#8221;{}&#8221;][et_pb_row custom_padding_last_edited=&#8221;on|phone&#8221; _builder_version=&#8221;4.24.2&#8243; _module_preset=&#8221;default&#8221; max_width=&#8221;1600px&#8221; custom_padding_tablet=&#8221;&#8221; custom_padding_phone=&#8221;0px||0px||false|false&#8221; global_colors_info=&#8221;{}&#8221;][et_pb_column type=&#8221;4_4&#8243; _builder_version=&#8221;4.24.2&#8243; _module_preset=&#8221;default&#8221; global_colors_info=&#8221;{}&#8221;][et_pb_text _builder_version=&#8221;4.24.2&#8243; _module_preset=&#8221;default&#8221; global_colors_info=&#8221;{}&#8221;]<\/p>\n<h2 style=\"text-align: center;\">Popul\u00e6re kombinasjoner<\/h2>\n<p>[\/et_pb_text][et_pb_code _builder_version=&#8221;4.27.4&#8243; _module_preset=&#8221;default&#8221; dvmd_acat_aria_label=&#8221;Beliebte Kranabst\u00fctzplatten-Kombinationen zur Auswahl. Sieben rechteckige Varianten mit unterschiedlichen Gr\u00f6\u00dfen und Farben \u2013 von 2000 x 1000 mm bis 2500 x 2400 mm. Jede Platte ist mit Eckgriffen und robustem Randprofil ausgestattet. Die Platten sind in Rot, Schwarz, Orange, Gelb und Blau verf\u00fcgbar. Jede Variante ist einzeln konfigurierbar.&#8221; global_colors_info=&#8221;{}&#8221;]<div id=\"vue-wordpress-app-9d3dae67-c6a8-4ee2-8d3c-12aa6a3a7809\" data-app-url=\"https:\/\/www.kranabstuetzplatten.com\" data-fcaptcha-sitekey=\"FCMHA65IB64SV3PL\" data-component=\"configuration-presets-preview\" data-lang=\"de\"><\/div>[\/et_pb_code][\/et_pb_column][\/et_pb_row][\/et_pb_section][et_pb_section fb_built=&#8221;1&#8243; _builder_version=&#8221;4.24.2&#8243; _module_preset=&#8221;default&#8221; custom_margin_tablet=&#8221;&#8221; custom_margin_phone=&#8221;||||false|true&#8221; custom_margin_last_edited=&#8221;on|phone&#8221; global_colors_info=&#8221;{}&#8221;][et_pb_row column_structure=&#8221;1_2,1_2&#8243; make_equal=&#8221;on&#8221; custom_padding_last_edited=&#8221;on|phone&#8221; _builder_version=&#8221;4.24.2&#8243; _module_preset=&#8221;default&#8221; max_width=&#8221;1600px&#8221; custom_padding_tablet=&#8221;&#8221; custom_padding_phone=&#8221;0px||||false|false&#8221; global_colors_info=&#8221;{}&#8221;][et_pb_column type=&#8221;1_2&#8243; _builder_version=&#8221;4.24.2&#8243; _module_preset=&#8221;default&#8221; custom_css_main_element=&#8221;margin: auto;&#8221; global_colors_info=&#8221;{}&#8221;][et_pb_text _builder_version=&#8221;4.24.2&#8243; _module_preset=&#8221;default&#8221; custom_padding_tablet=&#8221;&#8221; custom_padding_phone=&#8221;||20px||false|false&#8221; custom_padding_last_edited=&#8221;on|phone&#8221; global_colors_info=&#8221;{}&#8221;]<\/p>\n<h2>Fordeler med v\u00e5re st\u00f8tteplater<\/h2>\n<p>[\/et_pb_text][\/et_pb_column][et_pb_column type=&#8221;1_2&#8243; _builder_version=&#8221;4.24.0&#8243; _module_preset=&#8221;default&#8221; custom_css_main_element=&#8221;margin:auto;&#8221; global_colors_info=&#8221;{}&#8221;][et_pb_text _builder_version=&#8221;4.24.2&#8243; _module_preset=&#8221;default&#8221; global_colors_info=&#8221;{}&#8221;]<\/p>\n<div class=\"badge-container\">\n<div class=\"badge\"><span class=\"feinwerk-icon-shield-check\"><\/span>100 % produsert i Tyskland av Feinwerk Group<\/div>\n<div class=\"badge\"><span class=\"feinwerk-icon-check\"><\/span>Minimal vekt med maksimal lastekapasitet takket v\u00e6re spesialutviklet honeycomb-struktur<\/div>\n<div class=\"badge\"><span class=\"feinwerk-icon-user\"><\/span>Over 40 \u00e5rs erfaring innen st\u00e5lbearbeiding<\/div>\n<div class=\"badge\"><span class=\"feinwerk-icon-document-signed\"><\/span>Sertifisert i henhold til internasjonale standarder<\/div>\n<div class=\"badge\"><span class=\"feinwerk-icon-document\"><\/span>Levering inkl. bruksanvisning og CE-erkl\u00e6ring <\/div>\n<div class=\"badge\"><span class=\"feinwerk-icon-cookie\"><\/span>Lakkering i alle RAL-farger<\/div>\n<div class=\"badge\"><span class=\"feinwerk-icon-plus-circle\"><\/span>Tilpasning i farge og st\u00f8rrelse etter avtale<\/div>\n<div class=\"badge\"><span class=\"feinwerk-icon-plus-circle\"><\/span>Individuell statisk beregning av kranens st\u00f8tteplater<\/div>\n<\/div>\n<p>[\/et_pb_text][\/et_pb_column][\/et_pb_row][\/et_pb_section]<\/p>\n","protected":false},"excerpt":{"rendered":"<p>Kranst\u00f8tteplater for mobilkranenOptimal stabilitet for mobilkraner: v\u00e5re kranst\u00f8tteplaterOppdag den ultimate l\u00f8sningen for stabiliteten til mobilkranen din: v\u00e5re kranst\u00f8tteplater. V\u00e5re plater er designet for \u00e5 optimalisere lastfordelingen og sikre kranens stabilitet, og gir deg den sikkerheten og effektiviteten du trenger p\u00e5 enhver byggeplass. Med Feinwerk Technologies kan du stole p\u00e5 dokumentert kvalitet og p\u00e5litelighet. Popul\u00e6re kombinasjoner<div id=\"vue-wordpress-app-93092bfd-8926-4613-a200-a1c16acfd231\" data-app-url=\"https:\/\/www.kranabstuetzplatten.com\" data-fcaptcha-sitekey=\"FCMHA65IB64SV3PL\" data-0=\"[&hellip;\"><\/div><\/p>\n","protected":false},"author":1,"featured_media":5981,"parent":0,"menu_order":0,"comment_status":"closed","ping_status":"closed","template":"","meta":{"_acf_changed":false,"_et_pb_use_builder":"on","_et_pb_old_content":"","_et_gb_content_width":"","inline_featured_image":false,"footnotes":""},"class_list":["post-5980","page","type-page","status-publish","has-post-thumbnail","hentry"],"acf":[],"tag_names":[],"category_names":[],"thumbnail":"https:\/\/www.kranabstuetzplatten.com\/wp-content\/uploads\/2024\/02\/kopfmedia_feinwerk_mobilkran_1.webp","_links":{"self":[{"href":"https:\/\/www.kranabstuetzplatten.com\/no\/wp-json\/wp\/v2\/pages\/5980","targetHints":{"allow":["GET"]}}],"collection":[{"href":"https:\/\/www.kranabstuetzplatten.com\/no\/wp-json\/wp\/v2\/pages"}],"about":[{"href":"https:\/\/www.kranabstuetzplatten.com\/no\/wp-json\/wp\/v2\/types\/page"}],"author":[{"embeddable":true,"href":"https:\/\/www.kranabstuetzplatten.com\/no\/wp-json\/wp\/v2\/users\/1"}],"replies":[{"embeddable":true,"href":"https:\/\/www.kranabstuetzplatten.com\/no\/wp-json\/wp\/v2\/comments?post=5980"}],"version-history":[{"count":6,"href":"https:\/\/www.kranabstuetzplatten.com\/no\/wp-json\/wp\/v2\/pages\/5980\/revisions"}],"predecessor-version":[{"id":6705,"href":"https:\/\/www.kranabstuetzplatten.com\/no\/wp-json\/wp\/v2\/pages\/5980\/revisions\/6705"}],"wp:featuredmedia":[{"embeddable":true,"href":"https:\/\/www.kranabstuetzplatten.com\/no\/wp-json\/wp\/v2\/media\/5981"}],"wp:attachment":[{"href":"https:\/\/www.kranabstuetzplatten.com\/no\/wp-json\/wp\/v2\/media?parent=5980"}],"curies":[{"name":"wp","href":"https:\/\/api.w.org\/{rel}","templated":true}]}}