{"id":5966,"date":"2024-02-28T11:06:55","date_gmt":"2024-02-28T10:06:55","guid":{"rendered":"https:\/\/www.kranabstuetzplatten.com\/legal-notice\/"},"modified":"2025-07-02T08:37:02","modified_gmt":"2025-07-02T06:37:02","slug":"legal-notice","status":"publish","type":"page","link":"https:\/\/www.kranabstuetzplatten.com\/no\/legal-notice\/","title":{"rendered":"Avtrykk"},"content":{"rendered":"<p>[et_pb_section fb_built=&#8221;1&#8243; _builder_version=&#8221;4.24.0&#8243; _module_preset=&#8221;default&#8221; custom_margin=&#8221;||||false|false&#8221; global_colors_info=&#8221;{}&#8221; theme_builder_area=&#8221;post_content&#8221;][et_pb_row make_equal=&#8221;on&#8221; _builder_version=&#8221;4.24.0&#8243; _module_preset=&#8221;default&#8221; max_width=&#8221;1600px&#8221; min_height=&#8221;400px&#8221; min_height_tablet=&#8221;200px&#8221; min_height_phone=&#8221;&#8221; min_height_last_edited=&#8221;on|tablet&#8221; custom_margin=&#8221;100px||||false|false&#8221; custom_padding=&#8221;25px|0px|25px|0px|true|true&#8221; global_colors_info=&#8221;{}&#8221; theme_builder_area=&#8221;post_content&#8221;][et_pb_column type=&#8221;4_4&#8243; _builder_version=&#8221;4.24.0&#8243; _module_preset=&#8221;default&#8221; custom_css_main_element=&#8221;margin: auto;&#8221; global_colors_info=&#8221;{}&#8221; theme_builder_area=&#8221;post_content&#8221;][et_pb_text _builder_version=&#8221;4.24.0&#8243; _module_preset=&#8221;default&#8221; header_text_color=&#8221;gcid-5ea6f707-7589-495b-ac14-f55a09689654&#8243; global_colors_info=&#8221;{%22gcid-5ea6f707-7589-495b-ac14-f55a09689654%22:%91%22header_text_color%22%93}&#8221; theme_builder_area=&#8221;post_content&#8221;]<\/p>\n<h1 style=\"text-align: center;\">Avtrykk<\/h1>\n<p>[\/et_pb_text][\/et_pb_column][\/et_pb_row][\/et_pb_section][et_pb_section fb_built=&#8221;1&#8243; _builder_version=&#8221;4.24.0&#8243; _module_preset=&#8221;default&#8221; global_colors_info=&#8221;{}&#8221; theme_builder_area=&#8221;post_content&#8221;][et_pb_row _builder_version=&#8221;4.24.2&#8243; _module_preset=&#8221;default&#8221; theme_builder_area=&#8221;post_content&#8221;][et_pb_column _builder_version=&#8221;4.24.2&#8243; _module_preset=&#8221;default&#8221; type=&#8221;4_4&#8243; theme_builder_area=&#8221;post_content&#8221;][et_pb_text _builder_version=&#8221;4.24.2&#8243; _module_preset=&#8221;default&#8221; theme_builder_area=&#8221;post_content&#8221; hover_enabled=&#8221;0&#8243; sticky_enabled=&#8221;0&#8243;]<\/p>\n<div class=\"et_pb_column et_pb_column_4_4 et_pb_column_1 et_pb_css_mix_blend_mode_passthrough et-last-child\">\n<div class=\"et_pb_module et_pb_text et_pb_text_1 et_pb_text_align_left et_pb_bg_layout_light\">\n<div class=\"et_pb_text_inner\">\n<p>Feinwerk Technologies GmbH<br \/>Zunftstr. 20<br \/>77694 Kehl-Marlen <\/p>\n<p>Representert av:<br \/>Dominik Obert<br \/>Sascha Raither<\/p>\n<p>Telefon: 078541860<br \/>E-post: info@feinwerk-technologies.de<\/p>\n<p>Registerdomstol: Freiburg<br \/>Registernummer: HRB723181<\/p>\n<h3>Ansvar for innhold<\/h3>\n<p>Som tjenesteleverand\u00f8r er vi ansvarlige for v\u00e5rt eget innhold p\u00e5 disse sidene i henhold til \u00a7 7 (1) TMG (tysk telemedielov) og generell lovgivning. I henhold til \u00a7\u00a7 8 til 10 i TMG er vi som tjenesteleverand\u00f8r imidlertid ikke forpliktet til \u00e5 overv\u00e5ke overf\u00f8rt eller lagret tredjepartsinformasjon eller til \u00e5 unders\u00f8ke forhold som tyder p\u00e5 ulovlig aktivitet. Forpliktelser til \u00e5 fjerne eller blokkere bruken av informasjon i samsvar med generell lovgivning forblir up\u00e5virket av dette. Ansvar i denne forbindelse er imidlertid bare mulig fra det tidspunktet vi f\u00e5r kjennskap til en konkret overtredelse. S\u00e5 snart vi blir oppmerksomme p\u00e5 slike overtredelser, vil vi fjerne dette innholdet umiddelbart.     <\/p>\n<h3>Ansvar for lenker<\/h3>\n<p>Nettstedet v\u00e5rt inneholder lenker til eksterne tredjeparts nettsteder som vi ikke har noen innflytelse over innholdet p\u00e5. Derfor kan vi ikke p\u00e5ta oss noe ansvar for dette tredjepartsinnholdet. Det er alltid den respektive leverand\u00f8ren eller operat\u00f8ren av sidene som er ansvarlig for innholdet p\u00e5 de lenkede sidene. De lenkede sidene ble kontrollert for mulige lovbrudd p\u00e5 tidspunktet for lenkingen. Ulovlig innhold var ikke gjenkjennelig p\u00e5 tidspunktet for lenkingen. Det er imidlertid ikke rimelig \u00e5 overv\u00e5ke innholdet p\u00e5 de lenkede sidene permanent uten at det foreligger konkrete bevis p\u00e5 lovbrudd. Hvis vi blir oppmerksomme p\u00e5 eventuelle lovbrudd, vil vi fjerne slike lenker umiddelbart.      <\/p>\n<h3>Opphavsrett<\/h3>\n<p>Innholdet og verkene som er skapt av nettstedets operat\u00f8rer p\u00e5 disse sidene, er underlagt tysk lov om opphavsrett. Duplisering, bearbeiding, distribusjon og enhver form for bruk utenfor opphavsrettslovens grenser krever skriftlig samtykke fra den respektive opphavsmannen. Nedlasting og kopiering av dette nettstedet er kun tillatt for privat, ikke-kommersiell bruk. I den grad innholdet p\u00e5 dette nettstedet ikke er opprettet av operat\u00f8ren, respekteres opphavsrettighetene til tredjeparter. Spesielt innhold fra tredjeparter er merket som s\u00e5dan. Skulle du likevel bli oppmerksom p\u00e5 brudd p\u00e5 opphavsretten, ber vi deg informere oss om dette. Hvis vi blir oppmerksomme p\u00e5 brudd p\u00e5 opphavsretten, vil vi fjerne slikt innhold umiddelbart.      <\/p>\n<h3>Realisering \/ Bilder \/ Film<\/h3>\n<p><a href=\"https:\/\/www.kopfmedia.de\" target=\"_blank\" rel=\"noopener\">KOPF MEDIA GmbH<\/a><\/p>\n<\/div>\n<\/div>\n<\/div>\n<p>[\/et_pb_text][\/et_pb_column][\/et_pb_row][\/et_pb_section]<\/p>\n","protected":false},"excerpt":{"rendered":"<p>Avtrykk Feinwerk Technologies GmbHZunftstr. 2077694 Kehl-Marlen Representert av:Dominik ObertSascha Raither Telefon: 078541860E-post: info@feinwerk-technologies.de Registerdomstol: FreiburgRegisternummer: HRB723181 Ansvar for innhold Som tjenesteleverand\u00f8r er vi ansvarlige for v\u00e5rt eget innhold p\u00e5 disse sidene i henhold til \u00a7 7 (1) TMG (tysk telemedielov) og generell lovgivning. I henhold til \u00a7\u00a7 8 til 10 i TMG er vi som [&hellip;]<\/p>\n","protected":false},"author":1,"featured_media":0,"parent":0,"menu_order":0,"comment_status":"closed","ping_status":"closed","template":"","meta":{"_acf_changed":false,"_et_pb_use_builder":"on","_et_pb_old_content":"","_et_gb_content_width":"","inline_featured_image":false,"footnotes":""},"class_list":["post-5966","page","type-page","status-publish","hentry"],"acf":[],"tag_names":[],"category_names":[],"thumbnail":false,"_links":{"self":[{"href":"https:\/\/www.kranabstuetzplatten.com\/no\/wp-json\/wp\/v2\/pages\/5966","targetHints":{"allow":["GET"]}}],"collection":[{"href":"https:\/\/www.kranabstuetzplatten.com\/no\/wp-json\/wp\/v2\/pages"}],"about":[{"href":"https:\/\/www.kranabstuetzplatten.com\/no\/wp-json\/wp\/v2\/types\/page"}],"author":[{"embeddable":true,"href":"https:\/\/www.kranabstuetzplatten.com\/no\/wp-json\/wp\/v2\/users\/1"}],"replies":[{"embeddable":true,"href":"https:\/\/www.kranabstuetzplatten.com\/no\/wp-json\/wp\/v2\/comments?post=5966"}],"version-history":[{"count":3,"href":"https:\/\/www.kranabstuetzplatten.com\/no\/wp-json\/wp\/v2\/pages\/5966\/revisions"}],"predecessor-version":[{"id":6687,"href":"https:\/\/www.kranabstuetzplatten.com\/no\/wp-json\/wp\/v2\/pages\/5966\/revisions\/6687"}],"wp:attachment":[{"href":"https:\/\/www.kranabstuetzplatten.com\/no\/wp-json\/wp\/v2\/media?parent=5966"}],"curies":[{"name":"wp","href":"https:\/\/api.w.org\/{rel}","templated":true}]}}