{"id":2962,"date":"2024-02-28T11:06:55","date_gmt":"2024-02-28T10:06:55","guid":{"rendered":"https:\/\/next.kranabstuetzplatten.com\/mentions-legales\/"},"modified":"2024-03-27T10:24:28","modified_gmt":"2024-03-27T09:24:28","slug":"mentions-legales","status":"publish","type":"page","link":"https:\/\/www.kranabstuetzplatten.com\/fr\/mentions-legales\/","title":{"rendered":"Mentions l\u00e9gales"},"content":{"rendered":"<p>[et_pb_section fb_built=&#8221;1&#8243; _builder_version=&#8221;4.24.0&#8243; _module_preset=&#8221;default&#8221; custom_margin=&#8221;||||false|false&#8221; global_colors_info=&#8221;{}&#8221; theme_builder_area=&#8221;post_content&#8221;][et_pb_row make_equal=&#8221;on&#8221; _builder_version=&#8221;4.24.0&#8243; _module_preset=&#8221;default&#8221; max_width=&#8221;1600px&#8221; min_height=&#8221;400px&#8221; min_height_tablet=&#8221;200px&#8221; min_height_phone=&#8221;&#8221; min_height_last_edited=&#8221;on|tablet&#8221; custom_margin=&#8221;100px||||false|false&#8221; custom_padding=&#8221;25px|0px|25px|0px|true|true&#8221; global_colors_info=&#8221;{}&#8221; theme_builder_area=&#8221;post_content&#8221;][et_pb_column type=&#8221;4_4&#8243; _builder_version=&#8221;4.24.0&#8243; _module_preset=&#8221;default&#8221; custom_css_main_element=&#8221;margin: auto;&#8221; global_colors_info=&#8221;{}&#8221; theme_builder_area=&#8221;post_content&#8221;][et_pb_text _builder_version=&#8221;4.24.0&#8243; _module_preset=&#8221;default&#8221; header_text_color=&#8221;gcid-5ea6f707-7589-495b-ac14-f55a09689654&#8243; global_colors_info=&#8221;{%22gcid-5ea6f707-7589-495b-ac14-f55a09689654%22:%91%22header_text_color%22%93}&#8221; theme_builder_area=&#8221;post_content&#8221;]<\/p>\n<h1 style=\"text-align: center;\">Mentions l\u00e9gales<\/h1>\n<p>[\/et_pb_text][\/et_pb_column][\/et_pb_row][\/et_pb_section][et_pb_section fb_built=&#8221;1&#8243; _builder_version=&#8221;4.24.0&#8243; _module_preset=&#8221;default&#8221; global_colors_info=&#8221;{}&#8221; theme_builder_area=&#8221;post_content&#8221;][et_pb_row _builder_version=&#8221;4.24.2&#8243; _module_preset=&#8221;default&#8221; theme_builder_area=&#8221;post_content&#8221;][et_pb_column _builder_version=&#8221;4.24.2&#8243; _module_preset=&#8221;default&#8221; type=&#8221;4_4&#8243; theme_builder_area=&#8221;post_content&#8221;][et_pb_text _builder_version=&#8221;4.24.2&#8243; _module_preset=&#8221;default&#8221; theme_builder_area=&#8221;post_content&#8221; hover_enabled=&#8221;0&#8243; sticky_enabled=&#8221;0&#8243;]<\/p>\n<div class=\"et_pb_column et_pb_column_4_4 et_pb_column_1 et_pb_css_mix_blend_mode_passthrough et-last-child\">\n<div class=\"et_pb_module et_pb_text et_pb_text_1 et_pb_text_align_left et_pb_bg_layout_light\">\n<div class=\"et_pb_text_inner\">\n<p>Feinwerk Technologies GmbH<br \/>Zunftstr. 20<br \/>77694 Kehl-Marlen<\/p>\n<p>Repr\u00e9sent\u00e9 par :<br \/>Dominik Obert<br \/>Sascha Raither<\/p>\n<p>T\u00e9l\u00e9phone : +4978541860<br \/>E-Mail: info@feinwerk-technologies.de<\/p>\n<p>Cour de registre: Freiburg<br \/>Num\u00e9ro d&#8217;enregistrement: HRB723181<\/p>\n<h3>Responsabilit\u00e9 du contenu<\/h3>\n<p>En tant que prestataire de services, nous sommes tenus, conform\u00e9ment au \u00a7 7 al.1 TMG pour ses propres contenus sur ces pages selon les lois g\u00e9n\u00e9rales. Selon les \u00a7\u00a7 8 \u00e0 10 de la loi allemande sur les m\u00e9dias \u00e9lectroniques (TMG), nous ne sommes toutefois pas tenus, en tant que prestataire de services, de surveiller les informations externes transmises ou enregistr\u00e9es ou de rechercher des circonstances indiquant une activit\u00e9 ill\u00e9gale. Les obligations de supprimer ou de bloquer l&#8217;utilisation d&#8217;informations conform\u00e9ment aux lois g\u00e9n\u00e9rales restent inchang\u00e9es. Une responsabilit\u00e9 \u00e0 cet \u00e9gard n&#8217;est toutefois possible qu&#8217;\u00e0 partir du moment o\u00f9 une violation concr\u00e8te de la loi est connue. D\u00e8s que nous aurons connaissance de telles violations, nous retirerons imm\u00e9diatement ces contenus.<\/p>\n<h3>Responsabilit\u00e9 pour les liens<\/h3>\n<p>Notre offre contient des liens vers des sites web externes de tiers, sur le contenu desquels nous n&#8217;avons aucune influence. C&#8217;est pourquoi nous ne pouvons pas non plus nous porter garants de ces contenus \u00e9trangers. Le fournisseur ou l&#8217;exploitant des pages li\u00e9es est toujours responsable du contenu de ces pages. Les pages li\u00e9es ont \u00e9t\u00e9 contr\u00f4l\u00e9es au moment de la mise en place des liens afin de v\u00e9rifier qu&#8217;elles n&#8217;enfreignaient pas la loi. Aucun contenu ill\u00e9gal n&#8217;a \u00e9t\u00e9 identifi\u00e9 au moment de la cr\u00e9ation des liens. Un contr\u00f4le permanent du contenu des pages li\u00e9es n&#8217;est toutefois pas exigible sans indices concrets d&#8217;une violation de la loi. D\u00e8s que nous aurons connaissance de violations de la loi, nous supprimerons imm\u00e9diatement de tels liens.<\/p>\n<h3>Droit d&#8217;auteur<\/h3>\n<p>Les contenus et \u0153uvres cr\u00e9\u00e9s par les exploitants de ces pages sont soumis au droit d&#8217;auteur allemand. La reproduction, le traitement, la diffusion et toute forme d&#8217;exploitation en dehors des limites du droit d&#8217;auteur requi\u00e8rent l&#8217;accord \u00e9crit de l&#8217;auteur ou du cr\u00e9ateur concern\u00e9. Les t\u00e9l\u00e9chargements et les copies de cette page ne sont autoris\u00e9s que pour un usage priv\u00e9 et non commercial. Dans la mesure o\u00f9 les contenus de ce site n&#8217;ont pas \u00e9t\u00e9 cr\u00e9\u00e9s par l&#8217;exploitant, les droits d&#8217;auteur de tiers sont respect\u00e9s. En particulier, les contenus de tiers sont identifi\u00e9s comme tels. Si vous deviez n\u00e9anmoins constater une violation des droits d&#8217;auteur, nous vous prions de nous en informer. D\u00e8s que nous aurons connaissance d&#8217;une violation de la loi, nous supprimerons imm\u00e9diatement de tels contenus.<\/p>\n<h3>R\u00e9alisation \/ Photos \/ Film<\/h3>\n<p><a href=\"https:\/\/www.kopfmedia.de\" target=\"_blank\" rel=\"noopener\">KOPF MEDIA GmbH<\/a><\/p>\n<\/div>\n<\/div>\n<\/div>\n<p>[\/et_pb_text][\/et_pb_column][\/et_pb_row][\/et_pb_section]<\/p>\n","protected":false},"excerpt":{"rendered":"<p>Mentions l\u00e9gales Feinwerk Technologies GmbHZunftstr. 2077694 Kehl-Marlen Repr\u00e9sent\u00e9 par :Dominik ObertSascha Raither T\u00e9l\u00e9phone : +4978541860E-Mail: info@feinwerk-technologies.de Cour de registre: FreiburgNum\u00e9ro d&#8217;enregistrement: HRB723181 Responsabilit\u00e9 du contenu En tant que prestataire de services, nous sommes tenus, conform\u00e9ment au \u00a7 7 al.1 TMG pour ses propres contenus sur ces pages selon les lois g\u00e9n\u00e9rales. Selon les \u00a7\u00a7 8 [&hellip;]<\/p>\n","protected":false},"author":1,"featured_media":0,"parent":0,"menu_order":0,"comment_status":"closed","ping_status":"closed","template":"","meta":{"_acf_changed":false,"_et_pb_use_builder":"on","_et_pb_old_content":"","_et_gb_content_width":"","inline_featured_image":false,"footnotes":""},"class_list":["post-2962","page","type-page","status-publish","hentry"],"acf":[],"tag_names":[],"category_names":[],"thumbnail":false,"_links":{"self":[{"href":"https:\/\/www.kranabstuetzplatten.com\/fr\/wp-json\/wp\/v2\/pages\/2962","targetHints":{"allow":["GET"]}}],"collection":[{"href":"https:\/\/www.kranabstuetzplatten.com\/fr\/wp-json\/wp\/v2\/pages"}],"about":[{"href":"https:\/\/www.kranabstuetzplatten.com\/fr\/wp-json\/wp\/v2\/types\/page"}],"author":[{"embeddable":true,"href":"https:\/\/www.kranabstuetzplatten.com\/fr\/wp-json\/wp\/v2\/users\/1"}],"replies":[{"embeddable":true,"href":"https:\/\/www.kranabstuetzplatten.com\/fr\/wp-json\/wp\/v2\/comments?post=2962"}],"version-history":[{"count":5,"href":"https:\/\/www.kranabstuetzplatten.com\/fr\/wp-json\/wp\/v2\/pages\/2962\/revisions"}],"predecessor-version":[{"id":2967,"href":"https:\/\/www.kranabstuetzplatten.com\/fr\/wp-json\/wp\/v2\/pages\/2962\/revisions\/2967"}],"wp:attachment":[{"href":"https:\/\/www.kranabstuetzplatten.com\/fr\/wp-json\/wp\/v2\/media?parent=2962"}],"curies":[{"name":"wp","href":"https:\/\/api.w.org\/{rel}","templated":true}]}}