{"id":2824,"date":"2024-02-26T15:55:42","date_gmt":"2024-02-26T14:55:42","guid":{"rendered":"https:\/\/next.kranabstuetzplatten.com\/plaques-de-calage-repartition-pour-grues-mobiles-2\/"},"modified":"2025-06-12T08:40:23","modified_gmt":"2025-06-12T06:40:23","slug":"plaques-de-calage-repartition-pour-grues-mobiles-2","status":"publish","type":"page","link":"https:\/\/www.kranabstuetzplatten.com\/fr\/plaques-de-calage-repartition-pour-grues-mobiles-2\/","title":{"rendered":"Plaques de calage \/ r\u00e9partition pour grues mobiles"},"content":{"rendered":"<p>[et_pb_section fb_built=&#8221;1&#8243; _builder_version=&#8221;4.24.2&#8243; custom_margin_tablet=&#8221;&#8221; custom_margin_phone=&#8221;||||false|true&#8221; custom_margin_last_edited=&#8221;on|phone&#8221; global_colors_info=&#8221;{}&#8221;][et_pb_row column_structure=&#8221;3_5,2_5&#8243; custom_padding_last_edited=&#8221;on|phone&#8221; _builder_version=&#8221;4.24.2&#8243; background_size=&#8221;initial&#8221; background_position=&#8221;top_left&#8221; background_repeat=&#8221;repeat&#8221; max_width=&#8221;1600px&#8221; custom_padding=&#8221;100px||100px||true|false&#8221; custom_padding_tablet=&#8221;100px||100px||true|false&#8221; custom_padding_phone=&#8221;||0px||false|false&#8221; global_colors_info=&#8221;{}&#8221;][et_pb_column type=&#8221;3_5&#8243; _builder_version=&#8221;4.16&#8243; custom_padding=&#8221;|||&#8221; global_colors_info=&#8221;{}&#8221; custom_padding__hover=&#8221;|||&#8221;][et_pb_text content_tablet=&#8221;<\/p>\n<h1>Plaques de calage \/ r\u00e9partition pour grues mobiles<\/h1>\n<p>&#8221; content_phone=&#8221;<\/p>\n<h1>Plaques de calage \/ r\u00e9partition pour grues mobiles<\/h1>\n<p>&#8221; content_last_edited=&#8221;on|phone&#8221; _builder_version=&#8221;4.24.2&#8243; _module_preset=&#8221;default&#8221; header_text_color=&#8221;gcid-52d948b6-e042-4cc0-80cc-f3a688effea0&#8243; global_colors_info=&#8221;{%22gcid-52d948b6-e042-4cc0-80cc-f3a688effea0%22:%91%22header_text_color%22%93}&#8221;]<\/p>\n<h1>Plaques de calage \/ r\u00e9partition pour grues mobiles<\/h1>\n<p>[\/et_pb_text][et_pb_code _builder_version=&#8221;4.24.2&#8243; _module_preset=&#8221;default&#8221; global_colors_info=&#8221;{}&#8221;]<\/p>\n<div class=\"badge-container\"><!-- [et_pb_line_break_holder] -->    <\/p>\n<div class=\"badge badge-transparent\"><!-- [et_pb_line_break_holder] -->        <span class=\"feinwerk-icon-marker\"><\/span><!-- [et_pb_line_break_holder] -->        <span>Made in Germany<\/span><!-- [et_pb_line_break_holder] -->    <\/div>\n<p><!-- [et_pb_line_break_holder] -->    <\/p>\n<div class=\"badge badge-transparent\"><!-- [et_pb_line_break_holder] -->        <span class=\"feinwerk-icon-shield\"><\/span><!-- [et_pb_line_break_holder] -->        <span>Qualit\u00e9 au Top<\/span><!-- [et_pb_line_break_holder] -->    <\/div>\n<p><!-- [et_pb_line_break_holder] -->    <\/p>\n<div class=\"badge badge-transparent\"><!-- [et_pb_line_break_holder] -->        <span class=\"feinwerk-icon-transform\"><\/span><!-- [et_pb_line_break_holder] -->        <span>Diff\u00e9rentes tailles<\/span><!-- [et_pb_line_break_holder] -->    <\/div>\n<p><!-- [et_pb_line_break_holder] -->    <\/p>\n<div><\/div>\n<p><!-- [et_pb_line_break_holder] --><\/div>\n<p>[\/et_pb_code][\/et_pb_column][et_pb_column type=&#8221;2_5&#8243; _builder_version=&#8221;4.16&#8243; custom_padding=&#8221;|||&#8221; global_colors_info=&#8221;{}&#8221; custom_padding__hover=&#8221;|||&#8221;][et_pb_image src=&#8221;https:\/\/www.kranabstuetzplatten.com\/wp-content\/uploads\/2024\/02\/kopfmedia_feinwerk_mobilkran_1.webp&#8221; title_text=&#8221;kopfmedia_feinwerk_mobilkran_1&#8243; _builder_version=&#8221;4.27.4&#8243; _module_preset=&#8221;default&#8221; background_color=&#8221;gcid-900d4a25-5d4d-4445-b994-67d8dc7f68c1&#8243; dvmd_acat_aria_label=&#8221;Plaque d&#8217;appui de grue en version Performance avec hauteur et poids optimis\u00e9s &#8211; 20 % plus l\u00e9g\u00e8re que les mod\u00e8les traditionnels, particuli\u00e8rement adapt\u00e9e aux applications exigeantes mettant l&#8217;accent sur la r\u00e9duction du poids et l&#8217;efficacit\u00e9 du transport&#8221; border_radii=&#8221;on|10px|10px|10px|10px&#8221; global_colors_info=&#8221;{%22gcid-900d4a25-5d4d-4445-b994-67d8dc7f68c1%22:%91%22background_color%22%93}&#8221;][\/et_pb_image][\/et_pb_column][\/et_pb_row][\/et_pb_section][et_pb_section fb_built=&#8221;1&#8243; _builder_version=&#8221;4.24.2&#8243; _module_preset=&#8221;default&#8221; custom_margin_tablet=&#8221;&#8221; custom_margin_phone=&#8221;|-25px||-25px|false|true&#8221; custom_margin_last_edited=&#8221;on|phone&#8221; global_colors_info=&#8221;{}&#8221;][et_pb_row column_structure=&#8221;1_2,1_2&#8243; custom_padding_last_edited=&#8221;on|phone&#8221; _builder_version=&#8221;4.24.2&#8243; _module_preset=&#8221;default&#8221; max_width=&#8221;1600px&#8221; custom_padding_tablet=&#8221;&#8221; custom_padding_phone=&#8221;0px||0px||false|false&#8221; global_colors_info=&#8221;{}&#8221;][et_pb_column type=&#8221;1_2&#8243; _builder_version=&#8221;4.24.0&#8243; _module_preset=&#8221;default&#8221; global_colors_info=&#8221;{}&#8221;][et_pb_text _builder_version=&#8221;4.24.2&#8243; _module_preset=&#8221;default&#8221; custom_margin=&#8221;||20px||false|false&#8221; global_colors_info=&#8221;{}&#8221;]<\/p>\n<h2>Une stabilit\u00e9 optimale pour les grues<br \/>\nmobiles: Nos plagues r\u00e9partiton<\/h2>\n<p>[\/et_pb_text][\/et_pb_column][et_pb_column type=&#8221;1_2&#8243; _builder_version=&#8221;4.24.0&#8243; _module_preset=&#8221;default&#8221; global_colors_info=&#8221;{}&#8221;][et_pb_text _builder_version=&#8221;4.24.0&#8243; _module_preset=&#8221;default&#8221; global_colors_info=&#8221;{}&#8221;]<\/p>\n<p>D\u00e9couvrez la solution pour une stabilit\u00e9 optimale de vos grues mobiles. Nos plaques sont concues pour repartir de facon optimale la charge. Elles fournissent une grande stabilit\u00e9 qui correspond \u00e0 une efficience et une s\u00e9curit\u00e9 accrues .Ce qui est demand\u00e9 sur tous les chantiers. Avec Feinwerk Technologies, vous misez sur une qualit\u00e9 et une fiabilit\u00e9 \u00e9prouv\u00e9es.<\/p>\n<p>[\/et_pb_text][\/et_pb_column][\/et_pb_row][\/et_pb_section][et_pb_section fb_built=&#8221;1&#8243; _builder_version=&#8221;4.24.2&#8243; _module_preset=&#8221;default&#8221; custom_margin_tablet=&#8221;&#8221; custom_margin_phone=&#8221;||||false|true&#8221; custom_margin_last_edited=&#8221;on|phone&#8221; global_colors_info=&#8221;{}&#8221;][et_pb_row custom_padding_last_edited=&#8221;on|phone&#8221; _builder_version=&#8221;4.24.2&#8243; _module_preset=&#8221;default&#8221; max_width=&#8221;1600px&#8221; custom_padding_tablet=&#8221;&#8221; custom_padding_phone=&#8221;0px||0px||false|false&#8221; global_colors_info=&#8221;{}&#8221;][et_pb_column type=&#8221;4_4&#8243; _builder_version=&#8221;4.24.2&#8243; _module_preset=&#8221;default&#8221; global_colors_info=&#8221;{}&#8221;][et_pb_text _builder_version=&#8221;4.24.2&#8243; _module_preset=&#8221;default&#8221; global_colors_info=&#8221;{}&#8221;]<\/p>\n<h2 style=\"text-align: center;\">combinaisons populaires<\/h2>\n<p>[\/et_pb_text][et_pb_code _builder_version=&#8221;4.27.4&#8243; _module_preset=&#8221;default&#8221; dvmd_acat_aria_label=&#8221;Des combinaisons de plaques de r\u00e9partition tr\u00e8s appr\u00e9ci\u00e9es au choix. Sept variantes rectangulaires de diff\u00e9rentes tailles et couleurs &#8211; de 2000 x 1000 mm \u00e0 2500 x 2400 mm. Chaque plaque est \u00e9quip\u00e9e de poign\u00e9es d&#8217;angle et d&#8217;un profil\u00e9 de bordure robuste. Les panneaux sont disponibles en rouge, noir, orange, jaune et bleu. Chaque variante peut \u00eatre configur\u00e9e individuellement.&#8221; global_colors_info=&#8221;{}&#8221;]<div id=\"vue-wordpress-app-5d56363d-09e6-460d-92ff-223fb9fe5952\" data-app-url=\"https:\/\/www.kranabstuetzplatten.com\" data-fcaptcha-sitekey=\"FCMHA65IB64SV3PL\" data-component=\"configuration-presets-preview\" data-lang=\"fr\"><\/div>[\/et_pb_code][\/et_pb_column][\/et_pb_row][\/et_pb_section][et_pb_section fb_built=&#8221;1&#8243; _builder_version=&#8221;4.24.2&#8243; _module_preset=&#8221;default&#8221; custom_margin_tablet=&#8221;&#8221; custom_margin_phone=&#8221;||||false|true&#8221; custom_margin_last_edited=&#8221;on|phone&#8221; global_colors_info=&#8221;{}&#8221;][et_pb_row column_structure=&#8221;1_2,1_2&#8243; make_equal=&#8221;on&#8221; custom_padding_last_edited=&#8221;on|phone&#8221; _builder_version=&#8221;4.24.2&#8243; _module_preset=&#8221;default&#8221; max_width=&#8221;1600px&#8221; custom_padding_tablet=&#8221;&#8221; custom_padding_phone=&#8221;0px||||false|false&#8221; global_colors_info=&#8221;{}&#8221;][et_pb_column type=&#8221;1_2&#8243; _builder_version=&#8221;4.24.2&#8243; _module_preset=&#8221;default&#8221; custom_css_main_element=&#8221;margin: auto;&#8221; global_colors_info=&#8221;{}&#8221;][et_pb_text _builder_version=&#8221;4.24.2&#8243; _module_preset=&#8221;default&#8221; custom_padding_tablet=&#8221;&#8221; custom_padding_phone=&#8221;||20px||false|false&#8221; custom_padding_last_edited=&#8221;on|phone&#8221; global_colors_info=&#8221;{}&#8221;]<\/p>\n<h2>Les avantages de nos plaques <br \/>de calage \/ r\u00e9partition<\/h2>\n<p>[\/et_pb_text][\/et_pb_column][et_pb_column type=&#8221;1_2&#8243; _builder_version=&#8221;4.24.0&#8243; _module_preset=&#8221;default&#8221; custom_css_main_element=&#8221;margin:auto;&#8221; global_colors_info=&#8221;{}&#8221;][et_pb_text _builder_version=&#8221;4.24.2&#8243; _module_preset=&#8221;default&#8221; global_colors_info=&#8221;{}&#8221;]<\/p>\n<div class=\"badge-container\">\n<div class=\"badge\"><span class=\"feinwerk-icon-check\"><\/span>100 % fabriqu\u00e9es en Allemagne par Feinwerk Group<\/div>\n<div class=\"badge\"><span class=\"feinwerk-icon-check\"><\/span>Poids minimum pour charges maximales grace \u00e0 une structure interne sp\u00e9cifique<\/div>\n<div class=\"badge\"><span class=\"feinwerk-icon-check\"><\/span>une exp\u00e9rience de plus de 40 ans dans la construction m\u00e9canique<\/div>\n<div class=\"badge\"><span class=\"feinwerk-icon-check\"><\/span>Certifications d\u00b4apr\u00e8s les standards internationaux<\/div>\n<div class=\"badge\"><span class=\"feinwerk-icon-check\"><\/span>Livraison avec mode d\u00b4emploi et certification &#8220;CE&#8221;<\/div>\n<div class=\"badge\"><span class=\"feinwerk-icon-check\"><\/span>Toutes les teintes RAL disponibles<\/div>\n<div class=\"badge\"><span class=\"feinwerk-icon-check\"><\/span>Personnalisations individuelles de la couleur et de la taille sur demande<\/div>\n<div class=\"badge\"><span class=\"feinwerk-icon-check\"><\/span>Calcul statique des plaques<\/div>\n<\/div>\n<p>[\/et_pb_text][\/et_pb_column][\/et_pb_row][\/et_pb_section]<\/p>\n","protected":false},"excerpt":{"rendered":"<p>Plaques de calage \/ r\u00e9partition pour grues mobilesUne stabilit\u00e9 optimale pour les grues mobiles: Nos plagues r\u00e9partitonD\u00e9couvrez la solution pour une stabilit\u00e9 optimale de vos grues mobiles. Nos plaques sont concues pour repartir de facon optimale la charge. Elles fournissent une grande stabilit\u00e9 qui correspond \u00e0 une efficience et une s\u00e9curit\u00e9 accrues .Ce qui est [&hellip;]<\/p>\n","protected":false},"author":1,"featured_media":1845,"parent":0,"menu_order":0,"comment_status":"closed","ping_status":"closed","template":"","meta":{"_acf_changed":false,"_et_pb_use_builder":"on","_et_pb_old_content":"","_et_gb_content_width":"","inline_featured_image":false,"footnotes":""},"class_list":["post-2824","page","type-page","status-publish","has-post-thumbnail","hentry"],"acf":[],"tag_names":[],"category_names":[],"thumbnail":"https:\/\/www.kranabstuetzplatten.com\/wp-content\/uploads\/2024\/02\/kopfmedia_feinwerk_mobilkran_1.webp","_links":{"self":[{"href":"https:\/\/www.kranabstuetzplatten.com\/fr\/wp-json\/wp\/v2\/pages\/2824","targetHints":{"allow":["GET"]}}],"collection":[{"href":"https:\/\/www.kranabstuetzplatten.com\/fr\/wp-json\/wp\/v2\/pages"}],"about":[{"href":"https:\/\/www.kranabstuetzplatten.com\/fr\/wp-json\/wp\/v2\/types\/page"}],"author":[{"embeddable":true,"href":"https:\/\/www.kranabstuetzplatten.com\/fr\/wp-json\/wp\/v2\/users\/1"}],"replies":[{"embeddable":true,"href":"https:\/\/www.kranabstuetzplatten.com\/fr\/wp-json\/wp\/v2\/comments?post=2824"}],"version-history":[{"count":12,"href":"https:\/\/www.kranabstuetzplatten.com\/fr\/wp-json\/wp\/v2\/pages\/2824\/revisions"}],"predecessor-version":[{"id":5431,"href":"https:\/\/www.kranabstuetzplatten.com\/fr\/wp-json\/wp\/v2\/pages\/2824\/revisions\/5431"}],"wp:featuredmedia":[{"embeddable":true,"href":"https:\/\/www.kranabstuetzplatten.com\/fr\/wp-json\/wp\/v2\/media\/1845"}],"wp:attachment":[{"href":"https:\/\/www.kranabstuetzplatten.com\/fr\/wp-json\/wp\/v2\/media?parent=2824"}],"curies":[{"name":"wp","href":"https:\/\/api.w.org\/{rel}","templated":true}]}}