{"id":5978,"date":"2024-02-26T15:55:42","date_gmt":"2024-02-26T14:55:42","guid":{"rendered":"https:\/\/www.kranabstuetzplatten.com\/crane-support-plates-for-the-mobile-crane\/"},"modified":"2025-07-02T07:41:25","modified_gmt":"2025-07-02T05:41:25","slug":"crane-support-plates-for-the-mobile-crane","status":"publish","type":"page","link":"https:\/\/www.kranabstuetzplatten.com\/fi\/crane-support-plates-for-the-mobile-crane\/","title":{"rendered":"Nosturin tukilevyt liikkuvaa nosturia varten"},"content":{"rendered":"<p>[et_pb_section fb_built=&#8221;1&#8243; _builder_version=&#8221;4.24.2&#8243; custom_margin_tablet=&#8221;&#8221; custom_margin_phone=&#8221;||||false|true&#8221; custom_margin_last_edited=&#8221;on|phone&#8221; global_colors_info=&#8221;{}&#8221;][et_pb_row column_structure=&#8221;3_5,2_5&#8243; custom_padding_last_edited=&#8221;on|phone&#8221; _builder_version=&#8221;4.24.2&#8243; background_size=&#8221;initial&#8221; background_position=&#8221;top_left&#8221; background_repeat=&#8221;repeat&#8221; max_width=&#8221;1600px&#8221; custom_padding=&#8221;100px||100px||true|false&#8221; custom_padding_tablet=&#8221;100px||100px||true|false&#8221; custom_padding_phone=&#8221;||0px||false|false&#8221; global_colors_info=&#8221;{}&#8221;][et_pb_column type=&#8221;3_5&#8243; _builder_version=&#8221;4.16&#8243; custom_padding=&#8221;|||&#8221; global_colors_info=&#8221;{}&#8221; custom_padding__hover=&#8221;|||&#8221;][et_pb_text content_tablet=&#8221;<\/p>\n<h1>Nosturin tukilevyt liikkuvaa nosturia varten<\/h1>\n<p>&#8221; content_phone=&#8221;<\/p>\n<h1>Nosturin tukilevyt liikkuvaa nosturia varten<\/h1>\n<p>&#8221; content_last_edited=&#8221;on|phone&#8221; _builder_version=&#8221;4.24.2&#8243; _module_preset=&#8221;default&#8221; header_text_color=&#8221;gcid-52d948b6-e042-4cc0-80cc-f3a688effea0&#8243; global_colors_info=&#8221;{%22gcid-52d948b6-e042-4cc0-80cc-f3a688effea0%22:%91%22header_text_color%22%93}&#8221;]<\/p>\n<h1>Nosturin tukilevyt liikkuvaa nosturia varten<\/h1>\n<p>[\/et_pb_text][et_pb_code _builder_version=&#8221;4.24.2&#8243; _module_preset=&#8221;default&#8221; global_colors_info=&#8221;{}&#8221;]<\/p>\n<div class=\"badge-container\"><!-- [et_pb_line_break_holder] -->    <\/p>\n<div class=\"badge badge-transparent\"><!-- [et_pb_line_break_holder] -->        <span class=\"feinwerk-icon-marker\"><\/span><!-- [et_pb_line_break_holder] -->        <span>Valmistettu Saksassa<\/span><!-- [et_pb_line_break_holder] -->    <\/div>\n<p><!-- [et_pb_line_break_holder] -->    <\/p>\n<div class=\"badge badge-transparent\"><!-- [et_pb_line_break_holder] -->        <span class=\"feinwerk-icon-shield\"><\/span><!-- [et_pb_line_break_holder] -->        <span>Huippulaatua<\/span><!-- [et_pb_line_break_holder] -->    <\/div>\n<p><!-- [et_pb_line_break_holder] -->    <\/p>\n<div class=\"badge badge-transparent\"><!-- [et_pb_line_break_holder] -->        <span class=\"feinwerk-icon-transform\"><\/span><!-- [et_pb_line_break_holder] -->        <span>eri koot<\/span><!-- [et_pb_line_break_holder] -->    <\/div>\n<p><!-- [et_pb_line_break_holder] -->    <\/p>\n<div><\/div>\n<p><!-- [et_pb_line_break_holder] --><\/div>\n<p>[\/et_pb_code][\/et_pb_column][et_pb_column type=&#8221;2_5&#8243; _builder_version=&#8221;4.16&#8243; custom_padding=&#8221;|||&#8221; global_colors_info=&#8221;{}&#8221; custom_padding__hover=&#8221;|||&#8221;][et_pb_image src=&#8221;https:\/\/www.kranabstuetzplatten.com\/wp-content\/uploads\/2024\/02\/kopfmedia_feinwerk_mobilkran_1.webp&#8221; title_text=&#8221;kopfmedia_feinwerk_mobile_crane_1&#8243; _builder_version=&#8221;4.27.4&#8243; _module_preset=&#8221;default&#8221; background_color=&#8221;gcid-900d4a25-5d4d-4445-b994-67d8dc7f68c1&#8243; dvmd_acat_aria_label=&#8221;Kranabst\u00fctzplatte in Performance-Ausf\u00fchrung mit optimierter Bauh\u00f6he und Gewicht \u2013 20\u202f% leichter als herk\u00f6mmliche Modelle, besonders geeignet f\u00fcr anspruchsvolle Anwendungen mit Fokus auf Gewichtseinsparung und Transporteffizienz&#8221; border_radii=&#8221;on|10px|10px|10px|10px&#8221; global_colors_info=&#8221;{%22gcid-900d4a25-5d4d-4445-b994-67d8dc7f68c1%22:%91%22background_color%22%93}&#8221;][\/et_pb_image][\/et_pb_column][\/et_pb_row][\/et_pb_section][et_pb_section fb_built=&#8221;1&#8243; _builder_version=&#8221;4.24.2&#8243; _module_preset=&#8221;default&#8221; custom_margin_tablet=&#8221;&#8221; custom_margin_phone=&#8221;|-25px||-25px|false|true&#8221; custom_margin_last_edited=&#8221;on|phone&#8221; global_colors_info=&#8221;{}&#8221;][et_pb_row column_structure=&#8221;1_2,1_2&#8243; custom_padding_last_edited=&#8221;on|phone&#8221; _builder_version=&#8221;4.24.2&#8243; _module_preset=&#8221;default&#8221; max_width=&#8221;1600px&#8221; custom_padding_tablet=&#8221;&#8221; custom_padding_phone=&#8221;0px||0px||false|false&#8221; global_colors_info=&#8221;{}&#8221;][et_pb_column type=&#8221;1_2&#8243; _builder_version=&#8221;4.24.0&#8243; _module_preset=&#8221;default&#8221; global_colors_info=&#8221;{}&#8221;][et_pb_text _builder_version=&#8221;4.24.2&#8243; _module_preset=&#8221;default&#8221; custom_margin=&#8221;||20px||false|false&#8221; global_colors_info=&#8221;{}&#8221;]<\/p>\n<h2>Optimaalinen vakaus mobiilinostureille: nosturin tukilevyt.<\/h2>\n<p>[\/et_pb_text][\/et_pb_column][et_pb_column type=&#8221;1_2&#8243; _builder_version=&#8221;4.24.0&#8243; _module_preset=&#8221;default&#8221; global_colors_info=&#8221;{}&#8221;][et_pb_text _builder_version=&#8221;4.24.0&#8243; _module_preset=&#8221;default&#8221; global_colors_info=&#8221;{}&#8221;]<\/p>\n<p>L\u00f6yd\u00e4 lopullinen ratkaisu mobiilinosturisi vakauttamiseen: nosturin tukilevyt. Levyt on suunniteltu optimoimaan kuorman jakautuminen ja varmistamaan nosturin vakaus, ja ne takaavat turvallisuuden ja tehokkuuden, jota tarvitset mill\u00e4 tahansa rakennusty\u00f6maalla. Feinwerk Technologiesin kanssa voit luottaa todistettuun laatuun ja luotettavuuteen.  <\/p>\n<p>[\/et_pb_text][\/et_pb_column][\/et_pb_row][\/et_pb_section][et_pb_section fb_built=&#8221;1&#8243; _builder_version=&#8221;4.24.2&#8243; _module_preset=&#8221;default&#8221; custom_margin_tablet=&#8221;&#8221; custom_margin_phone=&#8221;||||false|true&#8221; custom_margin_last_edited=&#8221;on|phone&#8221; global_colors_info=&#8221;{}&#8221;][et_pb_row custom_padding_last_edited=&#8221;on|phone&#8221; _builder_version=&#8221;4.24.2&#8243; _module_preset=&#8221;default&#8221; max_width=&#8221;1600px&#8221; custom_padding_tablet=&#8221;&#8221; custom_padding_phone=&#8221;0px||0px||false|false&#8221; global_colors_info=&#8221;{}&#8221;][et_pb_column type=&#8221;4_4&#8243; _builder_version=&#8221;4.24.2&#8243; _module_preset=&#8221;default&#8221; global_colors_info=&#8221;{}&#8221;][et_pb_text _builder_version=&#8221;4.24.2&#8243; _module_preset=&#8221;default&#8221; global_colors_info=&#8221;{}&#8221;]<\/p>\n<h2 style=\"text-align: center;\">Suosittuja yhdistelmi\u00e4<\/h2>\n<p>[\/et_pb_text][et_pb_code _builder_version=&#8221;4.27.4&#8243; _module_preset=&#8221;default&#8221; dvmd_acat_aria_label=&#8221;Beliebte Kranabst\u00fctzplatten-Kombinationen zur Auswahl. Sieben rechteckige Varianten mit unterschiedlichen Gr\u00f6\u00dfen und Farben \u2013 von 2000 x 1000 mm bis 2500 x 2400 mm. Jede Platte ist mit Eckgriffen und robustem Randprofil ausgestattet. Die Platten sind in Rot, Schwarz, Orange, Gelb und Blau verf\u00fcgbar. Jede Variante ist einzeln konfigurierbar.&#8221; global_colors_info=&#8221;{}&#8221;]<div id=\"vue-wordpress-app-39064dd2-4d46-4428-8d92-6b6f47017c13\" data-app-url=\"https:\/\/www.kranabstuetzplatten.com\" data-fcaptcha-sitekey=\"FCMHA65IB64SV3PL\" data-component=\"configuration-presets-preview\" data-lang=\"de\"><\/div>[\/et_pb_code][\/et_pb_column][\/et_pb_row][\/et_pb_section][et_pb_section fb_built=&#8221;1&#8243; _builder_version=&#8221;4.24.2&#8243; _module_preset=&#8221;default&#8221; custom_margin_tablet=&#8221;&#8221; custom_margin_phone=&#8221;||||false|true&#8221; custom_margin_last_edited=&#8221;on|phone&#8221; global_colors_info=&#8221;{}&#8221;][et_pb_row column_structure=&#8221;1_2,1_2&#8243; make_equal=&#8221;on&#8221; custom_padding_last_edited=&#8221;on|phone&#8221; _builder_version=&#8221;4.24.2&#8243; _module_preset=&#8221;default&#8221; max_width=&#8221;1600px&#8221; custom_padding_tablet=&#8221;&#8221; custom_padding_phone=&#8221;0px||||false|false&#8221; global_colors_info=&#8221;{}&#8221;][et_pb_column type=&#8221;1_2&#8243; _builder_version=&#8221;4.24.2&#8243; _module_preset=&#8221;default&#8221; custom_css_main_element=&#8221;margin: auto;&#8221; global_colors_info=&#8221;{}&#8221;][et_pb_text _builder_version=&#8221;4.24.2&#8243; _module_preset=&#8221;default&#8221; custom_padding_tablet=&#8221;&#8221; custom_padding_phone=&#8221;||20px||false|false&#8221; custom_padding_last_edited=&#8221;on|phone&#8221; global_colors_info=&#8221;{}&#8221;]<\/p>\n<h2>Tukilevyjemme edut<\/h2>\n<p>[\/et_pb_text][\/et_pb_column][et_pb_column type=&#8221;1_2&#8243; _builder_version=&#8221;4.24.0&#8243; _module_preset=&#8221;default&#8221; custom_css_main_element=&#8221;margin:auto;&#8221; global_colors_info=&#8221;{}&#8221;][et_pb_text _builder_version=&#8221;4.24.2&#8243; _module_preset=&#8221;default&#8221; global_colors_info=&#8221;{}&#8221;]<\/p>\n<div class=\"badge-container\">\n<div class=\"badge\"><span class=\"feinwerk-icon-shield-check\"><\/span>Feinwerk Group valmistaa 100-prosenttisesti Saksassa<\/div>\n<div class=\"badge\"><span class=\"feinwerk-icon-check\"><\/span>Pieni paino ja suurin kantavuus erityisesti kehitetyn hunajakennorakenteen ansiosta.<\/div>\n<div class=\"badge\"><span class=\"feinwerk-icon-user\"><\/span>Yli 40 vuoden kokemus ter\u00e4ksen jalostuksesta<\/div>\n<div class=\"badge\"><span class=\"feinwerk-icon-document-signed\"><\/span>Sertifioitu kansainv\u00e4listen standardien mukaisesti<\/div>\n<div class=\"badge\"><span class=\"feinwerk-icon-document\"><\/span>Toimitus sis\u00e4lt\u00e4\u00e4 k\u00e4ytt\u00f6ohjeet ja CE-ilmoituksen <\/div>\n<div class=\"badge\"><span class=\"feinwerk-icon-cookie\"><\/span>Maalaus kaikissa RAL-v\u00e4reiss\u00e4<\/div>\n<div class=\"badge\"><span class=\"feinwerk-icon-plus-circle\"><\/span>V\u00e4rin ja koon r\u00e4\u00e4t\u00e4l\u00f6inti sopimuksen mukaan.<\/div>\n<div class=\"badge\"><span class=\"feinwerk-icon-plus-circle\"><\/span>Nosturin tukilevyjen yksitt\u00e4iset staattiset laskelmat<\/div>\n<\/div>\n<p>[\/et_pb_text][\/et_pb_column][\/et_pb_row][\/et_pb_section]<\/p>\n","protected":false},"excerpt":{"rendered":"<p>Nosturin tukilevyt liikkuvaa nosturia vartenOptimaalinen vakaus mobiilinostureille: nosturin tukilevyt.L\u00f6yd\u00e4 lopullinen ratkaisu mobiilinosturisi vakauttamiseen: nosturin tukilevyt. Levyt on suunniteltu optimoimaan kuorman jakautuminen ja varmistamaan nosturin vakaus, ja ne takaavat turvallisuuden ja tehokkuuden, jota tarvitset mill\u00e4 tahansa rakennusty\u00f6maalla. Feinwerk Technologiesin kanssa voit luottaa todistettuun laatuun ja luotettavuuteen. Suosittuja yhdistelmi\u00e4<div id=\"vue-wordpress-app-91a266f7-9880-49c7-aeb4-46c43b79394a\" data-app-url=\"https:\/\/www.kranabstuetzplatten.com\" data-fcaptcha-sitekey=\"FCMHA65IB64SV3PL\" data-component=\"configuration-presets-preview\" data-lang=\"de\"><\/div>Tukilevyjemme edut Feinwerk Group valmistaa 100-prosenttisesti Saksassa [&hellip;]<\/p>\n","protected":false},"author":1,"featured_media":5979,"parent":0,"menu_order":0,"comment_status":"closed","ping_status":"closed","template":"","meta":{"_acf_changed":false,"_et_pb_use_builder":"on","_et_pb_old_content":"","_et_gb_content_width":"","inline_featured_image":false,"footnotes":""},"class_list":["post-5978","page","type-page","status-publish","has-post-thumbnail","hentry"],"acf":[],"tag_names":[],"category_names":[],"thumbnail":"https:\/\/www.kranabstuetzplatten.com\/wp-content\/uploads\/2024\/02\/kopfmedia_feinwerk_mobilkran_1.webp","_links":{"self":[{"href":"https:\/\/www.kranabstuetzplatten.com\/fi\/wp-json\/wp\/v2\/pages\/5978","targetHints":{"allow":["GET"]}}],"collection":[{"href":"https:\/\/www.kranabstuetzplatten.com\/fi\/wp-json\/wp\/v2\/pages"}],"about":[{"href":"https:\/\/www.kranabstuetzplatten.com\/fi\/wp-json\/wp\/v2\/types\/page"}],"author":[{"embeddable":true,"href":"https:\/\/www.kranabstuetzplatten.com\/fi\/wp-json\/wp\/v2\/users\/1"}],"replies":[{"embeddable":true,"href":"https:\/\/www.kranabstuetzplatten.com\/fi\/wp-json\/wp\/v2\/comments?post=5978"}],"version-history":[{"count":3,"href":"https:\/\/www.kranabstuetzplatten.com\/fi\/wp-json\/wp\/v2\/pages\/5978\/revisions"}],"predecessor-version":[{"id":6532,"href":"https:\/\/www.kranabstuetzplatten.com\/fi\/wp-json\/wp\/v2\/pages\/5978\/revisions\/6532"}],"wp:featuredmedia":[{"embeddable":true,"href":"https:\/\/www.kranabstuetzplatten.com\/fi\/wp-json\/wp\/v2\/media\/5979"}],"wp:attachment":[{"href":"https:\/\/www.kranabstuetzplatten.com\/fi\/wp-json\/wp\/v2\/media?parent=5978"}],"curies":[{"name":"wp","href":"https:\/\/api.w.org\/{rel}","templated":true}]}}