{"id":5965,"date":"2024-02-28T11:06:55","date_gmt":"2024-02-28T10:06:55","guid":{"rendered":"https:\/\/www.kranabstuetzplatten.com\/legal-notice\/"},"modified":"2025-07-02T07:40:20","modified_gmt":"2025-07-02T05:40:20","slug":"legal-notice","status":"publish","type":"page","link":"https:\/\/www.kranabstuetzplatten.com\/fi\/legal-notice\/","title":{"rendered":"J\u00e4lki"},"content":{"rendered":"<p>[et_pb_section fb_built=&#8221;1&#8243; _builder_version=&#8221;4.24.0&#8243; _module_preset=&#8221;default&#8221; custom_margin=&#8221;||||false|false&#8221; global_colors_info=&#8221;{}&#8221; theme_builder_area=&#8221;post_content&#8221;][et_pb_row make_equal=&#8221;on&#8221; _builder_version=&#8221;4.24.0&#8243; _module_preset=&#8221;default&#8221; max_width=&#8221;1600px&#8221; min_height=&#8221;400px&#8221; min_height_tablet=&#8221;200px&#8221; min_height_phone=&#8221;&#8221; min_height_last_edited=&#8221;on|tablet&#8221; custom_margin=&#8221;100px||||false|false&#8221; custom_padding=&#8221;25px|0px|25px|0px|true|true&#8221; global_colors_info=&#8221;{}&#8221; theme_builder_area=&#8221;post_content&#8221;][et_pb_column type=&#8221;4_4&#8243; _builder_version=&#8221;4.24.0&#8243; _module_preset=&#8221;default&#8221; custom_css_main_element=&#8221;margin: auto;&#8221; global_colors_info=&#8221;{}&#8221; theme_builder_area=&#8221;post_content&#8221;][et_pb_text _builder_version=&#8221;4.24.0&#8243; _module_preset=&#8221;default&#8221; header_text_color=&#8221;gcid-5ea6f707-7589-495b-ac14-f55a09689654&#8243; global_colors_info=&#8221;{%22gcid-5ea6f707-7589-495b-ac14-f55a09689654%22:%91%22header_text_color%22%93}&#8221; theme_builder_area=&#8221;post_content&#8221;]<\/p>\n<h1 style=\"text-align: center;\">J\u00e4lki<\/h1>\n<p>[\/et_pb_text][\/et_pb_column][\/et_pb_row][\/et_pb_section][et_pb_section fb_built=&#8221;1&#8243; _builder_version=&#8221;4.24.0&#8243; _module_preset=&#8221;default&#8221; global_colors_info=&#8221;{}&#8221; theme_builder_area=&#8221;post_content&#8221;][et_pb_row _builder_version=&#8221;4.24.2&#8243; _module_preset=&#8221;default&#8221; theme_builder_area=&#8221;post_content&#8221;][et_pb_column _builder_version=&#8221;4.24.2&#8243; _module_preset=&#8221;default&#8221; type=&#8221;4_4&#8243; theme_builder_area=&#8221;post_content&#8221;][et_pb_text _builder_version=&#8221;4.24.2&#8243; _module_preset=&#8221;default&#8221; theme_builder_area=&#8221;post_content&#8221; hover_enabled=&#8221;0&#8243; sticky_enabled=&#8221;0&#8243;]<\/p>\n<div class=\"et_pb_column et_pb_column_4_4 et_pb_column_1 et_pb_css_mix_blend_mode_passthrough et-last-child\">\n<div class=\"et_pb_module et_pb_text et_pb_text_1 et_pb_text_align_left et_pb_bg_layout_light\">\n<div class=\"et_pb_text_inner\">\n<p>Feinwerk Technologies GmbH<br \/>Zunftstr. 20<br \/>77694 Kehl-Marlen 77694 Kehl-Marlen <\/p>\n<p>Edustajat:<br \/>Dominik Obert<br \/>Sascha Raither Sascha Raither<\/p>\n<p>Puhelin: 078541860<br \/>S\u00e4hk\u00f6posti: info@feinwerk-technologies.de.<\/p>\n<p>Rekisterituomioistuin: Freiburg<br \/>Rekisterinumero: HRB723181.<\/p>\n<h3>Vastuu sis\u00e4ll\u00f6st\u00e4<\/h3>\n<p>Palveluntarjoajana olemme vastuussa n\u00e4iden sivujen sis\u00e4ll\u00f6st\u00e4 TMG:n (Saksan telemedialaki) 7 \u00a7:n 1 momentin ja yleisen lains\u00e4\u00e4d\u00e4nn\u00f6n mukaisesti. TMG:n 8-10 \u00a7:n mukaan meill\u00e4 ei kuitenkaan palveluntarjoajana ole velvollisuutta valvoa siirrettyj\u00e4 tai tallennettuja kolmannen osapuolen tietoja tai tutkia olosuhteita, jotka viittaavat laittomaan toimintaan. T\u00e4m\u00e4 ei vaikuta yleisen lains\u00e4\u00e4d\u00e4nn\u00f6n mukaisiin velvollisuuksiin poistaa tai est\u00e4\u00e4 tietojen k\u00e4ytt\u00f6. Vastuu t\u00e4ss\u00e4 suhteessa on kuitenkin mahdollista vasta siit\u00e4 l\u00e4htien, kun tietoon on tullut konkreettinen rikkomus. Heti kun saamme tiet\u00e4\u00e4 t\u00e4llaisista rikkomuksista, poistamme kyseisen sis\u00e4ll\u00f6n v\u00e4litt\u00f6m\u00e4sti.     <\/p>\n<h3>Linkkien vastuu<\/h3>\n<p>Verkkosivustomme sis\u00e4lt\u00e4\u00e4 linkkej\u00e4 kolmansien osapuolten ulkopuolisille verkkosivustoille, joiden sis\u00e4lt\u00f6\u00f6n emme voi vaikuttaa. Siksi emme voi ottaa mit\u00e4\u00e4n vastuuta n\u00e4ist\u00e4 kolmansien osapuolten sis\u00e4ll\u00f6ist\u00e4. Linkitettyjen sivujen sis\u00e4ll\u00f6st\u00e4 on aina vastuussa kyseisten sivujen tarjoaja tai yll\u00e4pit\u00e4j\u00e4. Linkitetyt sivut on tarkistettu mahdollisten lainrikkomusten varalta linkitt\u00e4mishetkell\u00e4. Laitonta sis\u00e4lt\u00f6\u00e4 ei ollut tunnistettavissa linkitt\u00e4mishetkell\u00e4. Linkitettyjen sivujen sis\u00e4ll\u00f6n jatkuva seuranta ei kuitenkaan ole j\u00e4rkev\u00e4\u00e4 ilman konkreettisia todisteita rikkomuksesta. Jos saamme tietoiseksi lainrikkomuksista, poistamme kyseiset linkit v\u00e4litt\u00f6m\u00e4sti.      <\/p>\n<h3>Tekij\u00e4noikeus<\/h3>\n<p>Sivuston yll\u00e4pit\u00e4jien n\u00e4ill\u00e4 sivuilla luoma sis\u00e4lt\u00f6 ja teokset ovat Saksan tekij\u00e4noikeuslain alaisia. Monistaminen, k\u00e4sittely, jakelu ja kaikenlainen k\u00e4ytt\u00f6 tekij\u00e4noikeuslain rajojen ulkopuolella edellytt\u00e4\u00e4 asianomaisen tekij\u00e4n tai luojan kirjallista suostumusta. T\u00e4m\u00e4n sivuston lataaminen ja kopioiminen on sallittua vain yksityiseen, ei-kaupalliseen k\u00e4ytt\u00f6\u00f6n. Silt\u00e4 osin kuin t\u00e4m\u00e4n sivuston sis\u00e4lt\u00f6 ei ole operaattorin luomaa, noudatetaan kolmansien osapuolten tekij\u00e4noikeuksia. Erityisesti kolmansien osapuolten sis\u00e4lt\u00f6 on merkitty sellaiseksi. Jos kuitenkin havaitset tekij\u00e4noikeusrikkomuksen, ilmoita siit\u00e4 meille. Jos saamme tiet\u00e4\u00e4 loukkauksista, poistamme t\u00e4llaisen sis\u00e4ll\u00f6n v\u00e4litt\u00f6m\u00e4sti.      <\/p>\n<h3>Toteutus \/ Kuvat \/ Elokuva<\/h3>\n<p><a href=\"https:\/\/www.kopfmedia.de\" target=\"_blank\" rel=\"noopener\">KOPF MEDIA GmbH<\/a><\/p>\n<\/div>\n<\/div>\n<\/div>\n<p>[\/et_pb_text][\/et_pb_column][\/et_pb_row][\/et_pb_section]<\/p>\n","protected":false},"excerpt":{"rendered":"<p>J\u00e4lki Feinwerk Technologies GmbHZunftstr. 2077694 Kehl-Marlen 77694 Kehl-Marlen Edustajat:Dominik ObertSascha Raither Sascha Raither Puhelin: 078541860S\u00e4hk\u00f6posti: info@feinwerk-technologies.de. Rekisterituomioistuin: FreiburgRekisterinumero: HRB723181. Vastuu sis\u00e4ll\u00f6st\u00e4 Palveluntarjoajana olemme vastuussa n\u00e4iden sivujen sis\u00e4ll\u00f6st\u00e4 TMG:n (Saksan telemedialaki) 7 \u00a7:n 1 momentin ja yleisen lains\u00e4\u00e4d\u00e4nn\u00f6n mukaisesti. TMG:n 8-10 \u00a7:n mukaan meill\u00e4 ei kuitenkaan palveluntarjoajana ole velvollisuutta valvoa siirrettyj\u00e4 tai tallennettuja kolmannen osapuolen tietoja [&hellip;]<\/p>\n","protected":false},"author":1,"featured_media":0,"parent":0,"menu_order":0,"comment_status":"closed","ping_status":"closed","template":"","meta":{"_acf_changed":false,"_et_pb_use_builder":"on","_et_pb_old_content":"","_et_gb_content_width":"","inline_featured_image":false,"footnotes":""},"class_list":["post-5965","page","type-page","status-publish","hentry"],"acf":[],"tag_names":[],"category_names":[],"thumbnail":false,"_links":{"self":[{"href":"https:\/\/www.kranabstuetzplatten.com\/fi\/wp-json\/wp\/v2\/pages\/5965","targetHints":{"allow":["GET"]}}],"collection":[{"href":"https:\/\/www.kranabstuetzplatten.com\/fi\/wp-json\/wp\/v2\/pages"}],"about":[{"href":"https:\/\/www.kranabstuetzplatten.com\/fi\/wp-json\/wp\/v2\/types\/page"}],"author":[{"embeddable":true,"href":"https:\/\/www.kranabstuetzplatten.com\/fi\/wp-json\/wp\/v2\/users\/1"}],"replies":[{"embeddable":true,"href":"https:\/\/www.kranabstuetzplatten.com\/fi\/wp-json\/wp\/v2\/comments?post=5965"}],"version-history":[{"count":3,"href":"https:\/\/www.kranabstuetzplatten.com\/fi\/wp-json\/wp\/v2\/pages\/5965\/revisions"}],"predecessor-version":[{"id":6520,"href":"https:\/\/www.kranabstuetzplatten.com\/fi\/wp-json\/wp\/v2\/pages\/5965\/revisions\/6520"}],"wp:attachment":[{"href":"https:\/\/www.kranabstuetzplatten.com\/fi\/wp-json\/wp\/v2\/media?parent=5965"}],"curies":[{"name":"wp","href":"https:\/\/api.w.org\/{rel}","templated":true}]}}