{"id":3048,"date":"2024-02-26T17:01:39","date_gmt":"2024-02-26T16:01:39","guid":{"rendered":"https:\/\/next.kranabstuetzplatten.com\/placas-de-soporte-de-la-grua-sobre-orugas\/"},"modified":"2025-07-02T14:23:51","modified_gmt":"2025-07-02T12:23:51","slug":"placas-de-soporte-de-la-grua-sobre-orugas","status":"publish","type":"page","link":"https:\/\/www.kranabstuetzplatten.com\/es\/placas-de-soporte-de-la-grua-sobre-orugas\/","title":{"rendered":"Placas de soporte de la gr\u00faa sobre orugas"},"content":{"rendered":"<p>[et_pb_section fb_built=&#8221;1&#8243; _builder_version=&#8221;4.24.2&#8243; custom_margin_tablet=&#8221;&#8221; custom_margin_phone=&#8221;||||false|true&#8221; custom_margin_last_edited=&#8221;on|phone&#8221; global_colors_info=&#8221;{}&#8221;][et_pb_row column_structure=&#8221;3_5,2_5&#8243; custom_padding_last_edited=&#8221;on|phone&#8221; _builder_version=&#8221;4.24.2&#8243; background_size=&#8221;initial&#8221; background_position=&#8221;top_left&#8221; background_repeat=&#8221;repeat&#8221; max_width=&#8221;1600px&#8221; custom_padding=&#8221;100px||100px||true|false&#8221; custom_padding_tablet=&#8221;100px||100px||true|false&#8221; custom_padding_phone=&#8221;||0px||false|false&#8221; global_colors_info=&#8221;{}&#8221;][et_pb_column type=&#8221;3_5&#8243; _builder_version=&#8221;4.16&#8243; custom_padding=&#8221;|||&#8221; global_colors_info=&#8221;{}&#8221; custom_padding__hover=&#8221;|||&#8221;][et_pb_text content_tablet=&#8221;<\/p>\n<h1>Placas de apoyo de la gr\u00faa<br \/>para la gr\u00faa sobre orugas<\/h1>\n<p>&#8221; content_phone=&#8221;<\/p>\n<h1>Placas de soporte de la gr\u00faa sobre orugas<\/h1>\n<p>&#8221; content_last_edited=&#8221;on|phone&#8221; _builder_version=&#8221;4.24.2&#8243; _module_preset=&#8221;default&#8221; header_text_color=&#8221;gcid-52d948b6-e042-4cc0-80cc-f3a688effea0&#8243; global_colors_info=&#8221;{%22gcid-52d948b6-e042-4cc0-80cc-f3a688effea0%22:%91%22header_text_color%22%93}&#8221;]<\/p>\n<h1>Placas de apoyo de la gr\u00faa<br \/>para la gr\u00faa sobre orugas<\/h1>\n<p>[\/et_pb_text][et_pb_code _builder_version=&#8221;4.24.2&#8243; _module_preset=&#8221;default&#8221; global_colors_info=&#8221;{}&#8221;]<\/p>\n<div class=\"badge-container\"><!-- [et_pb_line_break_holder] -->    <\/p>\n<div class=\"badge badge-transparent\"><!-- [et_pb_line_break_holder] -->        <span class=\"feinwerk-icon-marker\"><\/span><!-- [et_pb_line_break_holder] -->        <span>Fabricado en Alemania<\/span><!-- [et_pb_line_break_holder] -->    <\/div>\n<p><!-- [et_pb_line_break_holder] -->    <\/p>\n<div class=\"badge badge-transparent\"><!-- [et_pb_line_break_holder] -->        <span class=\"feinwerk-icon-shield\"><\/span><!-- [et_pb_line_break_holder] -->        <span>Calidad superior<\/span><!-- [et_pb_line_break_holder] -->    <\/div>\n<p><!-- [et_pb_line_break_holder] -->    <\/p>\n<div class=\"badge badge-transparent\"><!-- [et_pb_line_break_holder] -->        <span class=\"feinwerk-icon-transform\"><\/span><!-- [et_pb_line_break_holder] -->        <span>diferentes tama\u00f1os<\/span><!-- [et_pb_line_break_holder] -->    <\/div>\n<p><!-- [et_pb_line_break_holder] -->    <\/p>\n<div><\/div>\n<p><!-- [et_pb_line_break_holder] --><\/div>\n<p>[\/et_pb_code][\/et_pb_column][et_pb_column type=&#8221;2_5&#8243; _builder_version=&#8221;4.16&#8243; custom_padding=&#8221;|||&#8221; global_colors_info=&#8221;{}&#8221; custom_padding__hover=&#8221;|||&#8221;][et_pb_image src=&#8221;https:\/\/www.kranabstuetzplatten.com\/wp-content\/uploads\/2024\/02\/kopfmedia_feinwerk_raupenkran_1.webp&#8221; title_text=&#8221;kopfmedia_feinwerk_raupenkran_1&#8243; _builder_version=&#8221;4.27.4&#8243; _module_preset=&#8221;default&#8221; background_color=&#8221;gcid-900d4a25-5d4d-4445-b994-67d8dc7f68c1&#8243; dvmd_acat_aria_label=&#8221;Gestapelte gr\u00fcne Kranabst\u00fctzplatten der Feinwerk Group mit roten Tragegriffen \u2013 optimal zur platzsparenden Lagerung und sicheren Transport auf Baustellen&#8221; border_radii=&#8221;on|10px|10px|10px|10px&#8221; global_colors_info=&#8221;{%22gcid-900d4a25-5d4d-4445-b994-67d8dc7f68c1%22:%91%22background_color%22%93}&#8221;][\/et_pb_image][\/et_pb_column][\/et_pb_row][\/et_pb_section][et_pb_section fb_built=&#8221;1&#8243; _builder_version=&#8221;4.24.2&#8243; _module_preset=&#8221;default&#8221; custom_margin_tablet=&#8221;&#8221; custom_margin_phone=&#8221;||||false|true&#8221; custom_margin_last_edited=&#8221;on|phone&#8221; global_colors_info=&#8221;{}&#8221;][et_pb_row column_structure=&#8221;1_2,1_2&#8243; custom_padding_last_edited=&#8221;on|phone&#8221; _builder_version=&#8221;4.24.2&#8243; _module_preset=&#8221;default&#8221; max_width=&#8221;1600px&#8221; custom_padding_tablet=&#8221;&#8221; custom_padding_phone=&#8221;0px||||false|false&#8221; global_colors_info=&#8221;{}&#8221;][et_pb_column type=&#8221;1_2&#8243; _builder_version=&#8221;4.24.0&#8243; _module_preset=&#8221;default&#8221; global_colors_info=&#8221;{}&#8221;][et_pb_text _builder_version=&#8221;4.24.2&#8243; _module_preset=&#8221;default&#8221; custom_margin=&#8221;||20px||false|false&#8221; global_colors_info=&#8221;{}&#8221;]<\/p>\n<h2>Ajuste de altura \u00fanico <br \/>y tama\u00f1os flexibles<\/h2>\n<p>[\/et_pb_text][\/et_pb_column][et_pb_column type=&#8221;1_2&#8243; _builder_version=&#8221;4.24.0&#8243; _module_preset=&#8221;default&#8221; global_colors_info=&#8221;{}&#8221;][et_pb_text _builder_version=&#8221;4.27.4&#8243; _module_preset=&#8221;default&#8221; global_colors_info=&#8221;{}&#8221;]Nuestras placas de soporte para gr\u00faas son l\u00edderes del mercado cuando se trata de adaptarse a las necesidades espec\u00edficas de su gr\u00faa sobre orugas. La misma altura de la placa y el bongossi permite una transici\u00f3n suave y aumenta la estabilidad. Con tama\u00f1os de hasta <strong class=\"highlight\">8,0 x 2,4 x 0,20 m<\/strong> ya fabricados y la opci\u00f3n de fabricar tama\u00f1os especiales bajo pedido, ofrecemos soluciones perfectamente adaptadas a sus necesidades.[\/et_pb_text][\/et_pb_column][\/et_pb_row][et_pb_row column_structure=&#8221;1_2,1_2&#8243; _builder_version=&#8221;4.24.0&#8243; _module_preset=&#8221;default&#8221; max_width=&#8221;1600px&#8221; global_colors_info=&#8221;{}&#8221;][et_pb_column type=&#8221;1_2&#8243; _builder_version=&#8221;4.24.0&#8243; _module_preset=&#8221;default&#8221; global_colors_info=&#8221;{}&#8221;][et_pb_code _builder_version=&#8221;4.27.4&#8243; _module_preset=&#8221;default&#8221; background_image=&#8221;https:\/\/www.kranabstuetzplatten.com\/wp-content\/uploads\/2024\/02\/kopfmedia_feinwerk-group-kranabstuetzplatten-2000px-16-1.webp&#8221; min_height=&#8221;500px&#8221; background_last_edited=&#8221;on|phone&#8221; background_position_phone=&#8221;top_left&#8221; background_horizontal_offset_phone=&#8221;63%&#8221; background_vertical_offset_phone=&#8221;0%&#8221; dvmd_acat_aria_label=&#8221;Kranabst\u00fctzplatte mit rotem Rahmen und schwarzer Oberfl\u00e4che. Flache, rechteckige Platte mit seitlichen Haken zur H\u00f6henabstimmung. Konstruktion erm\u00f6glicht flexible Gr\u00f6\u00dfenanpassung&#8221; border_radii=&#8221;on|10px|10px|10px|10px&#8221; global_colors_info=&#8221;{}&#8221;][\/et_pb_code][\/et_pb_column][et_pb_column type=&#8221;1_2&#8243; _builder_version=&#8221;4.24.0&#8243; _module_preset=&#8221;default&#8221; global_colors_info=&#8221;{}&#8221;][et_pb_code _builder_version=&#8221;4.27.4&#8243; _module_preset=&#8221;default&#8221; background_color=&#8221;gcid-900d4a25-5d4d-4445-b994-67d8dc7f68c1&#8243; background_image=&#8221;https:\/\/www.kranabstuetzplatten.com\/wp-content\/uploads\/2024\/02\/kopfmedia_feinwerk-group-kranabstuetzplatten-2000px-8.webp&#8221; min_height=&#8221;500px&#8221; background_last_edited=&#8221;on|phone&#8221; background_position_phone=&#8221;top_left&#8221; background_horizontal_offset_phone=&#8221;14%&#8221; background_vertical_offset_phone=&#8221;0%&#8221; dvmd_acat_aria_label=&#8221;Raupenkran steht auf \u00fcbereinander gestapelten, schwarzen Abst\u00fctzplatten mit rotem Rahmen. Die gleichm\u00e4\u00dfige H\u00f6he von Kran und Platten zeigt die pr\u00e4zise H\u00f6henabstimmung zur sicheren Lastverteilung&#8221; border_radii=&#8221;on|10px|10px|10px|10px&#8221; global_colors_info=&#8221;{%22gcid-900d4a25-5d4d-4445-b994-67d8dc7f68c1%22:%91%22background_color%22%93}&#8221;][\/et_pb_code][\/et_pb_column][\/et_pb_row][\/et_pb_section][et_pb_section fb_built=&#8221;1&#8243; _builder_version=&#8221;4.24.2&#8243; _module_preset=&#8221;default&#8221; custom_margin=&#8221;||||false|false&#8221; custom_margin_tablet=&#8221;&#8221; custom_margin_phone=&#8221;||||false|true&#8221; custom_margin_last_edited=&#8221;on|phone&#8221; global_colors_info=&#8221;{}&#8221;][et_pb_row column_structure=&#8221;1_2,1_2&#8243; make_equal=&#8221;on&#8221; _builder_version=&#8221;4.24.0&#8243; _module_preset=&#8221;default&#8221; background_color=&#8221;gcid-900d4a25-5d4d-4445-b994-67d8dc7f68c1&#8243; max_width=&#8221;1600px&#8221; custom_margin=&#8221;||||false|false&#8221; custom_padding=&#8221;40px|45px|40px|45px|true|true&#8221; border_radii=&#8221;on|10px|10px|10px|10px&#8221; global_colors_info=&#8221;{%22gcid-900d4a25-5d4d-4445-b994-67d8dc7f68c1%22:%91%22background_color%22%93}&#8221;][et_pb_column type=&#8221;1_2&#8243; _builder_version=&#8221;4.24.0&#8243; _module_preset=&#8221;default&#8221; custom_css_main_element=&#8221;margin: auto;&#8221; global_colors_info=&#8221;{}&#8221;][et_pb_text content_tablet=&#8221;<\/p>\n<h2>C\u00e1lculo por elementos finitos de placas de apoyo de gr\u00faas<\/h2>\n<p>El Grupo Feinwerk calcula internamente todas las placas de apoyo de las gr\u00faas mediante el m\u00e9todo de los elementos finitos. Los casos de carga especiales tambi\u00e9n pueden evaluarse r\u00e1pidamente. <\/p>\n<p>&#8221; content_phone=&#8221;<\/p>\n<h2>C\u00e1lculo por elementos finitos de placas de apoyo de gr\u00faas<\/h2>\n<p>El Grupo Feinwerk calcula internamente todas las placas de apoyo de las gr\u00faas mediante el m\u00e9todo de los elementos finitos. Los casos de carga especiales tambi\u00e9n pueden evaluarse r\u00e1pidamente. <\/p>\n<p>&#8221; content_last_edited=&#8221;on|phone&#8221; _builder_version=&#8221;4.24.2&#8243; _module_preset=&#8221;default&#8221; header_text_color=&#8221;gcid-5ea6f707-7589-495b-ac14-f55a09689654&#8243; global_colors_info=&#8221;{%22gcid-5ea6f707-7589-495b-ac14-f55a09689654%22:%91%22header_text_color%22%93}&#8221;]<\/p>\n<h2>C\u00e1lculo por elementos finitos de placas de apoyo de gr\u00faas<\/h2>\n<p>El Grupo Feinwerk calcula internamente todas las placas de apoyo de las gr\u00faas mediante el m\u00e9todo de los elementos finitos. Los casos de carga especiales tambi\u00e9n pueden evaluarse r\u00e1pidamente. <\/p>\n<p>[\/et_pb_text][et_pb_text _builder_version=&#8221;4.24.0&#8243; _module_preset=&#8221;default&#8221; custom_margin=&#8221;||50px||false|false&#8221; global_colors_info=&#8221;{}&#8221;]<\/p>\n<p><a class=\"btn-link dark\" href=\"https:\/\/www.kranabstuetzplatten.com\/es\/configurador\/\">Solicitar c\u00e1lculo <span class=\"feinwerk-icon-arrow-right\"><\/span><\/a><\/p>\n<p>[\/et_pb_text][\/et_pb_column][et_pb_column type=&#8221;1_2&#8243; _builder_version=&#8221;4.24.0&#8243; _module_preset=&#8221;default&#8221; custom_css_main_element=&#8221;margin: auto;&#8221; global_colors_info=&#8221;{}&#8221;][et_pb_image src=&#8221;https:\/\/www.kranabstuetzplatten.com\/wp-content\/uploads\/2024\/02\/kranabstuetzplatten-feinwerk-fem-individuelle-berechnung.webp&#8221; title_text=&#8221;placas-soporte-gr\u00faa-feinwerk-fem-calculo-individual&#8221; _builder_version=&#8221;4.27.4&#8243; _module_preset=&#8221;default&#8221; dvmd_acat_aria_label=&#8221;Visualisierung der Lastverteilung auf einer Kranabst\u00fctzplatte. Farbverlauf von hellblau bis dunkelblau zeigt Druckintensit\u00e4t, wobei die mittleren Bereiche die h\u00f6chste Belastung tragen&#8221; global_colors_info=&#8221;{}&#8221;][\/et_pb_image][\/et_pb_column][\/et_pb_row][\/et_pb_section][et_pb_section fb_built=&#8221;1&#8243; _builder_version=&#8221;4.24.2&#8243; _module_preset=&#8221;default&#8221; custom_margin_tablet=&#8221;&#8221; custom_margin_phone=&#8221;||||false|true&#8221; custom_margin_last_edited=&#8221;on|phone&#8221; global_colors_info=&#8221;{}&#8221;][et_pb_row column_structure=&#8221;1_2,1_2&#8243; make_equal=&#8221;on&#8221; custom_padding_last_edited=&#8221;on|phone&#8221; _builder_version=&#8221;4.24.2&#8243; _module_preset=&#8221;default&#8221; max_width=&#8221;1600px&#8221; custom_padding_tablet=&#8221;&#8221; custom_padding_phone=&#8221;0px||||false|false&#8221; global_colors_info=&#8221;{}&#8221;][et_pb_column type=&#8221;1_2&#8243; _builder_version=&#8221;4.24.2&#8243; _module_preset=&#8221;default&#8221; custom_css_main_element=&#8221;margin: auto;&#8221; global_colors_info=&#8221;{}&#8221;][et_pb_text _builder_version=&#8221;4.24.2&#8243; _module_preset=&#8221;default&#8221; custom_padding_tablet=&#8221;&#8221; custom_padding_phone=&#8221;||20px||false|false&#8221; custom_padding_last_edited=&#8221;on|phone&#8221; global_colors_info=&#8221;{}&#8221;]<\/p>\n<h2>Ventajas de nuestras placas de apoyo<\/h2>\n<p>[\/et_pb_text][\/et_pb_column][et_pb_column type=&#8221;1_2&#8243; _builder_version=&#8221;4.24.0&#8243; _module_preset=&#8221;default&#8221; custom_css_main_element=&#8221;margin:auto;&#8221; global_colors_info=&#8221;{}&#8221;][et_pb_text _builder_version=&#8221;4.24.2&#8243; _module_preset=&#8221;default&#8221; global_colors_info=&#8221;{}&#8221;]<\/p>\n<div class=\"badge-container\">\n<div class=\"badge\"><span class=\"feinwerk-icon-shield-check\"><\/span>100% fabricado en Alemania por el Grupo Feinwerk<\/div>\n<div class=\"badge\"><span class=\"feinwerk-icon-check\"><\/span>Peso m\u00ednimo con m\u00e1xima capacidad de carga gracias a la estructura de panal especialmente desarrollada<\/div>\n<div class=\"badge\"><span class=\"feinwerk-icon-user\"><\/span>M\u00e1s de 40 a\u00f1os de experiencia en el tratamiento del acero<\/div>\n<div class=\"badge\"><span class=\"feinwerk-icon-document-signed\"><\/span>Certificado conforme a normas internacionales<\/div>\n<div class=\"badge\"><span class=\"feinwerk-icon-document\"><\/span>Entrega incl. Manual de instrucciones y declaraci\u00f3n CE <\/div>\n<div class=\"badge\"><span class=\"feinwerk-icon-cookie\"><\/span>Pintura en todos los colores RAL<\/div>\n<div class=\"badge\"><span class=\"feinwerk-icon-plus-circle\"><\/span>Personalizaci\u00f3n en color y tama\u00f1o por encargo<\/div>\n<div class=\"badge\"><span class=\"feinwerk-icon-plus-circle\"><\/span>C\u00e1lculo est\u00e1tico individual de las placas de apoyo de la gr\u00faa<\/div>\n<\/div>\n<p>[\/et_pb_text][\/et_pb_column][\/et_pb_row][\/et_pb_section][et_pb_section fb_built=&#8221;1&#8243; _builder_version=&#8221;4.24.2&#8243; _module_preset=&#8221;default&#8221; locked=&#8221;off&#8221; global_colors_info=&#8221;{}&#8221;][et_pb_row column_structure=&#8221;1_2,1_2&#8243; make_equal=&#8221;on&#8221; _builder_version=&#8221;4.24.0&#8243; _module_preset=&#8221;default&#8221; background_color=&#8221;gcid-900d4a25-5d4d-4445-b994-67d8dc7f68c1&#8243; max_width=&#8221;1600px&#8221; custom_margin=&#8221;||||false|false&#8221; custom_padding=&#8221;|45px|0px|45px|false|true&#8221; border_radii=&#8221;on|10px|10px|10px|10px&#8221; global_colors_info=&#8221;{%22gcid-900d4a25-5d4d-4445-b994-67d8dc7f68c1%22:%91%22background_color%22%93}&#8221;][et_pb_column type=&#8221;1_2&#8243; _builder_version=&#8221;4.24.0&#8243; _module_preset=&#8221;default&#8221; custom_css_main_element=&#8221;margin: auto;&#8221; global_colors_info=&#8221;{}&#8221;][et_pb_text _builder_version=&#8221;4.24.0&#8243; _module_preset=&#8221;default&#8221; header_text_color=&#8221;gcid-5ea6f707-7589-495b-ac14-f55a09689654&#8243; global_colors_info=&#8221;{%22gcid-5ea6f707-7589-495b-ac14-f55a09689654%22:%91%22header_text_color%22%93}&#8221;]<\/p>\n<h2>Configure su placa<br \/>con una capacidad de carga de hasta 300 toneladas<\/h2>\n<p>[\/et_pb_text][et_pb_text _builder_version=&#8221;4.24.2&#8243; _module_preset=&#8221;default&#8221; custom_margin=&#8221;||50px||false|false&#8221; link_option_url=&#8221;https:\/\/www.kranabstuetzplatten.com\/es\/configurador\/&#8221; global_colors_info=&#8221;{}&#8221;]<\/p>\n<p><a href=\"https:\/\/www.kranabstuetzplatten.com\/es\/configurador\/\" class=\"btn-link dark\">Configurar ahora<br \/><\/a><\/p>\n<p>[\/et_pb_text][\/et_pb_column][et_pb_column type=&#8221;1_2&#8243; _builder_version=&#8221;4.24.0&#8243; _module_preset=&#8221;default&#8221; custom_css_main_element=&#8221;margin: auto;&#8221; global_colors_info=&#8221;{}&#8221;][et_pb_code _builder_version=&#8221;4.27.4&#8243; _module_preset=&#8221;default&#8221; background_image=&#8221;https:\/\/www.kranabstuetzplatten.com\/wp-content\/uploads\/2025\/07\/feinwerk-configurator-mockup-spain.webp&#8221; background_position=&#8221;top_center&#8221; height=&#8221;600px&#8221; height_tablet=&#8221;300px&#8221; height_phone=&#8221;300px&#8221; height_last_edited=&#8221;on|tablet&#8221; hover_enabled=&#8221;0&#8243; dvmd_acat_aria_label=&#8221;Bild von der Kranabst\u00fctzplatten Konfigurator-Seite&#8221; border_radii=&#8221;off|10px|10px||&#8221; global_colors_info=&#8221;{}&#8221; title_text=&#8221;feinwerk-configurator-mockup-spain&#8221; sticky_enabled=&#8221;0&#8243;][\/et_pb_code][\/et_pb_column][\/et_pb_row][\/et_pb_section]<\/p>\n","protected":false},"excerpt":{"rendered":"<p>Placas de apoyo de la gr\u00faapara la gr\u00faa sobre orugasAjuste de altura \u00fanico y tama\u00f1os flexiblesNuestras placas de soporte para gr\u00faas son l\u00edderes del mercado cuando se trata de adaptarse a las necesidades espec\u00edficas de su gr\u00faa sobre orugas. La misma altura de la placa y el bongossi permite una transici\u00f3n suave y aumenta la [&hellip;]<\/p>\n","protected":false},"author":1,"featured_media":1852,"parent":0,"menu_order":0,"comment_status":"closed","ping_status":"closed","template":"","meta":{"_acf_changed":false,"_et_pb_use_builder":"on","_et_pb_old_content":"","_et_gb_content_width":"","inline_featured_image":false,"footnotes":""},"class_list":["post-3048","page","type-page","status-publish","has-post-thumbnail","hentry"],"acf":[],"tag_names":[],"category_names":[],"thumbnail":"https:\/\/www.kranabstuetzplatten.com\/wp-content\/uploads\/2024\/02\/kopfmedia_feinwerk_raupenkran_1.webp","_links":{"self":[{"href":"https:\/\/www.kranabstuetzplatten.com\/es\/wp-json\/wp\/v2\/pages\/3048","targetHints":{"allow":["GET"]}}],"collection":[{"href":"https:\/\/www.kranabstuetzplatten.com\/es\/wp-json\/wp\/v2\/pages"}],"about":[{"href":"https:\/\/www.kranabstuetzplatten.com\/es\/wp-json\/wp\/v2\/types\/page"}],"author":[{"embeddable":true,"href":"https:\/\/www.kranabstuetzplatten.com\/es\/wp-json\/wp\/v2\/users\/1"}],"replies":[{"embeddable":true,"href":"https:\/\/www.kranabstuetzplatten.com\/es\/wp-json\/wp\/v2\/comments?post=3048"}],"version-history":[{"count":12,"href":"https:\/\/www.kranabstuetzplatten.com\/es\/wp-json\/wp\/v2\/pages\/3048\/revisions"}],"predecessor-version":[{"id":7248,"href":"https:\/\/www.kranabstuetzplatten.com\/es\/wp-json\/wp\/v2\/pages\/3048\/revisions\/7248"}],"wp:featuredmedia":[{"embeddable":true,"href":"https:\/\/www.kranabstuetzplatten.com\/es\/wp-json\/wp\/v2\/media\/1852"}],"wp:attachment":[{"href":"https:\/\/www.kranabstuetzplatten.com\/es\/wp-json\/wp\/v2\/media?parent=3048"}],"curies":[{"name":"wp","href":"https:\/\/api.w.org\/{rel}","templated":true}]}}