{"id":3027,"date":"2024-02-28T11:06:55","date_gmt":"2024-02-28T10:06:55","guid":{"rendered":"https:\/\/next.kranabstuetzplatten.com\/pie-de-imprenta\/"},"modified":"2024-03-27T11:01:42","modified_gmt":"2024-03-27T10:01:42","slug":"pie-de-imprenta","status":"publish","type":"page","link":"https:\/\/www.kranabstuetzplatten.com\/es\/pie-de-imprenta\/","title":{"rendered":"Pie de imprenta"},"content":{"rendered":"<p>[et_pb_section fb_built=&#8221;1&#8243; _builder_version=&#8221;4.24.0&#8243; _module_preset=&#8221;default&#8221; custom_margin=&#8221;||||false|false&#8221; global_colors_info=&#8221;{}&#8221; theme_builder_area=&#8221;post_content&#8221;][et_pb_row make_equal=&#8221;on&#8221; _builder_version=&#8221;4.24.0&#8243; _module_preset=&#8221;default&#8221; max_width=&#8221;1600px&#8221; min_height=&#8221;400px&#8221; min_height_tablet=&#8221;200px&#8221; min_height_phone=&#8221;&#8221; min_height_last_edited=&#8221;on|tablet&#8221; custom_margin=&#8221;100px||||false|false&#8221; custom_padding=&#8221;25px|0px|25px|0px|true|true&#8221; global_colors_info=&#8221;{}&#8221; theme_builder_area=&#8221;post_content&#8221;][et_pb_column type=&#8221;4_4&#8243; _builder_version=&#8221;4.24.0&#8243; _module_preset=&#8221;default&#8221; custom_css_main_element=&#8221;margin: auto;&#8221; global_colors_info=&#8221;{}&#8221; theme_builder_area=&#8221;post_content&#8221;][et_pb_text _builder_version=&#8221;4.24.0&#8243; _module_preset=&#8221;default&#8221; header_text_color=&#8221;gcid-5ea6f707-7589-495b-ac14-f55a09689654&#8243; global_colors_info=&#8221;{%22gcid-5ea6f707-7589-495b-ac14-f55a09689654%22:%91%22header_text_color%22%93}&#8221; theme_builder_area=&#8221;post_content&#8221;]<\/p>\n<h1 style=\"text-align: center;\">Pie de imprenta<\/h1>\n<p>[\/et_pb_text][\/et_pb_column][\/et_pb_row][\/et_pb_section][et_pb_section fb_built=&#8221;1&#8243; _builder_version=&#8221;4.24.0&#8243; _module_preset=&#8221;default&#8221; global_colors_info=&#8221;{}&#8221; theme_builder_area=&#8221;post_content&#8221;][et_pb_row _builder_version=&#8221;4.24.2&#8243; _module_preset=&#8221;default&#8221; theme_builder_area=&#8221;post_content&#8221;][et_pb_column _builder_version=&#8221;4.24.2&#8243; _module_preset=&#8221;default&#8221; type=&#8221;4_4&#8243; theme_builder_area=&#8221;post_content&#8221;][et_pb_text _builder_version=&#8221;4.24.2&#8243; _module_preset=&#8221;default&#8221; theme_builder_area=&#8221;post_content&#8221; hover_enabled=&#8221;0&#8243; sticky_enabled=&#8221;0&#8243;]<\/p>\n<div class=\"et_pb_column et_pb_column_4_4 et_pb_column_1 et_pb_css_mix_blend_mode_passthrough et-last-child\">\n<div class=\"et_pb_module et_pb_text et_pb_text_1 et_pb_text_align_left et_pb_bg_layout_light\">\n<div class=\"et_pb_text_inner\">\n<p>Feinwerk Technologies GmbH<br \/>Zunftstr. 20<br \/>77694 Kehl-Marlen<\/p>\n<p>Representado por:<br \/>Dominik Obert<br \/>Sascha Raither<\/p>\n<p>Telefon: 078541860<br \/>E-Mail: info@feinwerk-technologies.de<\/p>\n<p>Tribunal de registro: Freiburg<br \/>N\u00famero de registro: HRB723181<\/p>\n<h3>Responsabilidad por los contenidos<\/h3>\n<p>Como proveedor de servicios, estamos obligados en virtud del art\u00edculo 7, apartado 1, a TMG es responsable de su propio contenido en estas p\u00e1ginas de acuerdo con las leyes generales. Sin embargo, seg\u00fan los art\u00edculos 8 a 10 de la TMG, como proveedores de servicios no estamos obligados a supervisar la informaci\u00f3n de terceros transmitida o almacenada ni a investigar circunstancias que indiquen una actividad ilegal. Esto no afecta a las obligaciones de eliminar o bloquear el uso de informaci\u00f3n de conformidad con las leyes generales. Sin embargo, la responsabilidad a este respecto s\u00f3lo es posible a partir del momento en que se tiene conocimiento de una infracci\u00f3n concreta. En cuanto tengamos conocimiento de tales infracciones, eliminaremos inmediatamente estos contenidos.<\/p>\n<h3>Responsabilidad de los enlaces<\/h3>\n<p>Nuestro sitio web contiene enlaces a sitios web externos de terceros sobre cuyo contenido no tenemos ninguna influencia. Por lo tanto, no podemos aceptar ninguna responsabilidad por este contenido de terceros. El respectivo proveedor u operador de las p\u00e1ginas es siempre responsable del contenido de las p\u00e1ginas enlazadas. En el momento de establecer el enlace, se comprob\u00f3 si las p\u00e1ginas enlazadas infring\u00edan la ley. Los contenidos ilegales no eran reconocibles en el momento del enlace. Sin embargo, el control permanente del contenido de las p\u00e1ginas enlazadas no es razonable sin pruebas concretas de una infracci\u00f3n. Si tenemos conocimiento de alguna infracci\u00f3n legal, eliminaremos dichos enlaces inmediatamente.<\/p>\n<h3>Derechos de autor<\/h3>\n<p>El contenido y las obras creadas por los operadores del sitio en estas p\u00e1ginas est\u00e1n sujetos a la legislaci\u00f3n alemana sobre derechos de autor. La reproducci\u00f3n, edici\u00f3n, distribuci\u00f3n y cualquier tipo de utilizaci\u00f3n fuera de los l\u00edmites de la ley de propiedad intelectual requieren el consentimiento por escrito del autor o creador correspondiente. Las descargas y copias de este sitio s\u00f3lo est\u00e1n permitidas para uso privado y no comercial. En la medida en que el contenido de este sitio no haya sido creado por el operador, se respetan los derechos de autor de terceros. En particular, los contenidos de terceros se etiquetan como tales. No obstante, si tiene conocimiento de una infracci\u00f3n de los derechos de autor, le rogamos que nos lo comunique. Si tenemos conocimiento de alguna infracci\u00f3n legal, eliminaremos dicho contenido inmediatamente.<\/p>\n<h3>Realizaci\u00f3n \/ Fotos \/ Pel\u00edcula<\/h3>\n<p><a href=\"https:\/\/www.kopfmedia.de\" target=\"_blank\" rel=\"noopener\">KOPF MEDIA GmbH<\/a><\/p>\n<\/div>\n<\/div>\n<\/div>\n<p>[\/et_pb_text][\/et_pb_column][\/et_pb_row][\/et_pb_section]<\/p>\n","protected":false},"excerpt":{"rendered":"<p>Pie de imprenta Feinwerk Technologies GmbHZunftstr. 2077694 Kehl-Marlen Representado por:Dominik ObertSascha Raither Telefon: 078541860E-Mail: info@feinwerk-technologies.de Tribunal de registro: FreiburgN\u00famero de registro: HRB723181 Responsabilidad por los contenidos Como proveedor de servicios, estamos obligados en virtud del art\u00edculo 7, apartado 1, a TMG es responsable de su propio contenido en estas p\u00e1ginas de acuerdo con las leyes [&hellip;]<\/p>\n","protected":false},"author":1,"featured_media":0,"parent":0,"menu_order":0,"comment_status":"closed","ping_status":"closed","template":"","meta":{"_acf_changed":false,"_et_pb_use_builder":"on","_et_pb_old_content":"","_et_gb_content_width":"","inline_featured_image":false,"footnotes":""},"class_list":["post-3027","page","type-page","status-publish","hentry"],"acf":[],"tag_names":[],"category_names":[],"thumbnail":false,"_links":{"self":[{"href":"https:\/\/www.kranabstuetzplatten.com\/es\/wp-json\/wp\/v2\/pages\/3027","targetHints":{"allow":["GET"]}}],"collection":[{"href":"https:\/\/www.kranabstuetzplatten.com\/es\/wp-json\/wp\/v2\/pages"}],"about":[{"href":"https:\/\/www.kranabstuetzplatten.com\/es\/wp-json\/wp\/v2\/types\/page"}],"author":[{"embeddable":true,"href":"https:\/\/www.kranabstuetzplatten.com\/es\/wp-json\/wp\/v2\/users\/1"}],"replies":[{"embeddable":true,"href":"https:\/\/www.kranabstuetzplatten.com\/es\/wp-json\/wp\/v2\/comments?post=3027"}],"version-history":[{"count":2,"href":"https:\/\/www.kranabstuetzplatten.com\/es\/wp-json\/wp\/v2\/pages\/3027\/revisions"}],"predecessor-version":[{"id":3029,"href":"https:\/\/www.kranabstuetzplatten.com\/es\/wp-json\/wp\/v2\/pages\/3027\/revisions\/3029"}],"wp:attachment":[{"href":"https:\/\/www.kranabstuetzplatten.com\/es\/wp-json\/wp\/v2\/media?parent=3027"}],"curies":[{"name":"wp","href":"https:\/\/api.w.org\/{rel}","templated":true}]}}