{"id":4763,"date":"2024-02-28T11:04:49","date_gmt":"2024-02-28T10:04:49","guid":{"rendered":"https:\/\/www.kranabstuetzplatten.com\/beskyttelse-af-data\/"},"modified":"2025-02-20T17:24:44","modified_gmt":"2025-02-20T16:24:44","slug":"databeskyttelse","status":"publish","type":"page","link":"https:\/\/www.kranabstuetzplatten.com\/da\/databeskyttelse\/","title":{"rendered":"Databeskyttelse"},"content":{"rendered":"<p>[et_pb_section fb_built=&#8221;1&#8243; _builder_version=&#8221;4.24.0&#8243; _module_preset=&#8221;default&#8221; custom_margin=&#8221;||||false|false&#8221; global_colors_info=&#8221;{}&#8221;][et_pb_row make_equal=&#8221;on&#8221; _builder_version=&#8221;4.24.0&#8243; _module_preset=&#8221;default&#8221; max_width=&#8221;1600px&#8221; min_height=&#8221;400px&#8221; min_height_tablet=&#8221;200px&#8221; min_height_phone=&#8221;&#8221; min_height_last_edited=&#8221;on|tablet&#8221; custom_margin=&#8221;100px||||false|false&#8221; custom_padding=&#8221;25px|0px|25px|0px|true|true&#8221; global_colors_info=&#8221;{}&#8221;][et_pb_column type=&#8221;4_4&#8243; _builder_version=&#8221;4.24.0&#8243; _module_preset=&#8221;default&#8221; custom_css_main_element=&#8221;margin: auto;&#8221; global_colors_info=&#8221;{}&#8221;][et_pb_text _builder_version=&#8221;4.27.4&#8243; _module_preset=&#8221;default&#8221; header_text_color=&#8221;gcid-5ea6f707-7589-495b-ac14-f55a09689654&#8243; hover_enabled=&#8221;0&#8243; global_colors_info=&#8221;{%22gcid-5ea6f707-7589-495b-ac14-f55a09689654%22:%91%22header_text_color%22%93}&#8221; sticky_enabled=&#8221;0&#8243;]<\/p>\n<h1 style=\"text-align: center;\">Databeskyttelse<\/h1>\n<p>[\/et_pb_text][\/et_pb_column][\/et_pb_row][\/et_pb_section][et_pb_section fb_built=&#8221;1&#8243; _builder_version=&#8221;4.24.0&#8243; _module_preset=&#8221;default&#8221; global_colors_info=&#8221;{}&#8221;][et_pb_row _builder_version=&#8221;4.24.2&#8243; _module_preset=&#8221;default&#8221; global_colors_info=&#8221;{}&#8221;][et_pb_column type=&#8221;4_4&#8243; _builder_version=&#8221;4.24.2&#8243; _module_preset=&#8221;default&#8221; global_colors_info=&#8221;{}&#8221;][et_pb_text _builder_version=&#8221;4.24.2&#8243; _module_preset=&#8221;default&#8221; global_colors_info=&#8221;{}&#8221;]<\/p>\n<div class=\"et_pb_column et_pb_column_4_4 et_pb_column_1 et_pb_css_mix_blend_mode_passthrough et-last-child\">\n<div class=\"et_pb_module et_pb_text et_pb_text_1 et_pb_text_align_left et_pb_bg_layout_light\">\n<div class=\"et_pb_text_inner\">\n<div class=\"et_pb_section et_pb_section_1 et_section_regular\">\n<div class=\"et_pb_row et_pb_row_1\">\n<div class=\"et_pb_column et_pb_column_4_4 et_pb_column_1 et_pb_css_mix_blend_mode_passthrough et-last-child\">\n<div class=\"et_pb_module et_pb_text et_pb_text_1 et_pb_text_align_left et_pb_bg_layout_light\">\n<div class=\"et_pb_text_inner\">Vi forklarer, hvordan vi h\u00e5ndterer dine personlige data i denne privatlivspolitik. Den g\u00e6ldende databeskyttelseslovgivning, is\u00e6r den generelle databeskyttelsesforordning (GDPR), finder anvendelse. Med undtagelse af de tjenesteudbydere og tredjepartsudbydere, som vi n\u00e6vner i denne privatlivspolitik, videregiver vi ikke nogen data til tredjeparter. Hvis du har sp\u00f8rgsm\u00e5l, er du velkommen til at kontakte os.   <\/p>\n<p>&nbsp;<\/p>\n<h2>Indhold<\/h2>\n<ul>\n<li class=\"first\"><a href=\"https:\/\/www.feinwerk-technologies.de\/datenschutz\/#verantwortlicher\">Ansvarlig person<\/a><\/li>\n<li><a href=\"https:\/\/www.feinwerk-technologies.de\/datenschutz\/#allgemeine-informationen\">Generel information<\/a><\/li>\n<li><a href=\"https:\/\/www.feinwerk-technologies.de\/datenschutz\/#datenverarbeitung-beim-aufruf-der-webseite\">Databehandling ved adgang til hjemmesiden<\/a><\/li>\n<li><a href=\"https:\/\/www.feinwerk-technologies.de\/datenschutz\/#cookies-zaehlpixel-und-mobile-identifier\">Cookies, sporingspixels og mobilidentifikatorer<\/a><\/li>\n<li><a href=\"https:\/\/www.feinwerk-technologies.de\/datenschutz\/#kontaktaufnahme\">Kontakt os<\/a><\/li>\n<li><a href=\"https:\/\/www.feinwerk-technologies.de\/datenschutz\/#newsletter\">Nyhedsbrev<\/a><\/li>\n<li><a href=\"https:\/\/www.feinwerk-technologies.de\/datenschutz\/#stellenbewerbungen\">Jobans\u00f8gninger<\/a><\/li>\n<li><a href=\"https:\/\/www.feinwerk-technologies.de\/datenschutz\/#weitere-drittdienste\">Andre tredjepartstjenester<\/a><\/li>\n<li><a href=\"https:\/\/www.feinwerk-technologies.de\/datenschutz\/#profile-in-sozialen-netzwerken\">Profiler i sociale netv\u00e6rk<\/a><\/li>\n<li class=\"last\"><a href=\"https:\/\/www.feinwerk-technologies.de\/datenschutz\/#rechte-betroffener-personen\">Registreredes rettigheder<\/a><\/li>\n<\/ul>\n<h2 id=\"verantwortlicher\">Ansvarlig person<\/h2>\n<p>Ansvarlig for databehandling er<\/p>\n<p>Feinwerk Technologies GmbH<br \/>Zunftstr. 20<br \/>77694 Kehl-Marlen <\/p>\n<h2 id=\"allgemeine-informationen\">Generel information<\/h2>\n<div><strong>Tilvejebringelse af data<br \/><\/strong><\/div>\n<div>\n<p>Som regel er der ikke noget juridisk eller kontraktligt krav om at give personlige data for at bruge vores websted. Hvis det er n\u00f8dvendigt at afgive oplysninger for at indg\u00e5 en kontrakt, eller hvis brugeren er forpligtet til at afgive personoplysninger, vil vi informere dig om dette og om konsekvenserne af ikke at afgive dem i denne privatlivspolitik. <\/p>\n<\/div>\n<div>\n<p><strong>Dataoverf\u00f8rsel til tredjelande<\/strong><\/p>\n<\/div>\n<div>\n<p>Vi kan bruge tjenesteudbydere og tredjepartsudbydere, der er baseret i lande uden for Den Europ\u00e6iske Union og Det Europ\u00e6iske \u00d8konomiske Samarbejdsomr\u00e5de. Overf\u00f8rslen af personoplysninger til s\u00e5danne tredjelande finder sted p\u00e5 grundlag af en beslutning om tilstr\u00e6kkelighed fra Europa-Kommissionen (art. 45 GDPR), eller vi har givet passende garantier for at sikre databeskyttelse (art. 46 GDPR), medmindre brugeren har givet sit samtykke til dataoverf\u00f8rslen. Hvis der findes en afg\u00f8relse om tilstr\u00e6kkelighed fra Europa-Kommissionen for overf\u00f8rsel af data til et tredjeland, vil vi p\u00e5pege dette i denne privatlivspolitik. Derudover kan brugerne f\u00e5 en kopi af de relevante sikkerhedsforanstaltninger fra os, hvis de ikke allerede er inkluderet i tjenesteudbydernes eller tredjepartsudbydernes databeskyttelseserkl\u00e6ringer.   <\/p>\n<\/div>\n<div><strong>Automatiseret beslutningstagning<br \/><\/strong><\/div>\n<div>\n<p>Hvis vi udf\u00f8rer automatiseret beslutningstagning, herunder profilering, vil vi informere dig i denne privatlivspolitik om dette faktum, den involverede logik og omfanget og de tilsigtede virkninger af en s\u00e5dan behandling. Ellers finder automatiseret beslutningstagning ikke sted. <\/p>\n<\/div>\n<div><strong>Behandling til andre form\u00e5l<br \/><\/strong><\/div>\n<div>Data behandles generelt kun til de form\u00e5l, som de blev indsamlet til. Hvis de i undtagelsestilf\u00e6lde skal behandles til andre form\u00e5l, vil vi informere dig om disse andre form\u00e5l f\u00f8r yderligere behandling og give alle andre relevante oplysninger (artikel 13, stk. 3, i GDPR). <\/div>\n<h2 id=\"datenverarbeitung-beim-aufruf-der-webseite\">Datah\u00e5ndtering f\u00f8r adgang til hjemmesiden<\/h2>\n<p>Hver gang vores hjemmeside \u00e5bnes, sender brugerens browser forskellige data. F\u00f8lgende data behandles under hele bes\u00f8get p\u00e5 webstedet og gemmes i logfiler, selv efter at forbindelsen er afsluttet: <\/p>\n<ul>\n<li>Anvendt browsertype og -version<\/li>\n<li>Operativsystem<\/li>\n<li>Bes\u00f8gte sider og filer<\/li>\n<li>M\u00e6ngden af overf\u00f8rte data<\/li>\n<li>Dato og tidspunkt for hentning<\/li>\n<li>Udbyder af brugeren<\/li>\n<li>IP-Adresse<\/li>\n<li>Henvisende URL<\/li>\n<\/ul>\n<p>Behandlingen af disse data er n\u00f8dvendig for at levere hjemmesiden til brugeren og for at optimere den til deres slutenhed. Opbevaring i logfiler tjener til at forbedre sikkerheden p\u00e5 vores hjemmeside (f.eks. beskyttelse mod DDOS-angreb). <\/p>\n<p>Rechtsgrundlage f\u00fcr die Verarbeitung ist Art. 6 Abs. 1 UAbs. 1 Buchst. f) DSGVO. Unser berechtigtes Interesse besteht in der Bereitstellung der Webseite und der Verbesserung der Webseitensicherheit. Logfiles werden nach 14 Tagen automatisch gel\u00f6scht.    <\/p>\n<h2 id=\"cookies-zaehlpixel-und-mobile-identifier\">Cookies, sporingspixels og mobilidentifikatorer<\/h2>\n<p>Vi bruger teknologier p\u00e5 vores hjemmeside til at genkende den anvendte enhed. Det kan v\u00e6re cookies, sporingspixels og\/eller mobilidentifikatorer. <\/p>\n<p>Genkendelse af en slutenhed kan generelt ske til forskellige form\u00e5l. Det kan v\u00e6re n\u00f8dvendigt for at stille funktioner til r\u00e5dighed p\u00e5 vores hjemmeside, f.eks. for at g\u00f8re en indk\u00f8bskurv tilg\u00e6ngelig. Derudover kan de n\u00e6vnte teknologier bruges til at spore brugernes adf\u00e6rd p\u00e5 webstedet, f.eks. til reklameform\u00e5l. Vi beskriver i detaljer, hvilke teknologier vi bruger og til hvilke form\u00e5l, separat i denne privatlivspolitik.   <\/p>\n<p>For en bedre forst\u00e5else forklarer vi nedenfor i generelle vendinger, hvordan cookies, sporingspixels og mobilidentifikatorer fungerer:<\/p>\n<ul>\n<li>Cookies er sm\u00e5 tekstfiler, der indeholder visse oplysninger, og som gemmes p\u00e5 brugerens slutenhed. I de fleste tilf\u00e6lde er det et identifikationsnummer, der er tildelt en slutenhed (cookie-id). <\/li>\n<li>En sporingspixel er en gennemsigtig grafisk fil, der er integreret i en side og muligg\u00f8r analyse af logfiler.<\/li>\n<li>En mobilidentifikator er et unikt nummer (mobil-ID), der er gemt p\u00e5 en mobil enhed og kan l\u00e6ses via en hjemmeside.<\/li>\n<\/ul>\n<p>Cookies kan v\u00e6re n\u00f8dvendige for, at vores hjemmeside fungerer korrekt. Retsgrundlaget for brugen af s\u00e5danne cookies er art. 6, stk. 1, nr. 1, litra f), i GDPR. Vores legitime interesse ligger i leveringen af funktionerne p\u00e5 vores hjemmeside.    <\/p>\n<p>Vi bruger cookies, der ikke er n\u00f8dvendige for driften af vores websted, for at g\u00f8re vores websted mere brugervenligt eller for at kunne spore brugen af vores websted. Retsgrundlaget afh\u00e6nger her af, om brugerens samtykke skal indhentes, eller om vi kan p\u00e5ber\u00e5be os en legitim interesse. Brugere kan til enhver tid tilbagekalde deres samtykke ved at \u00e6ndre indstillingerne i deres browser.  <\/p>\n<p>Brugeren kan forhindre og g\u00f8re indsigelse mod behandling af data ved hj\u00e6lp af cookies ved at foretage de relevante indstillinger i sin browser. I tilf\u00e6lde af en indsigelse er det ikke sikkert, at alle funktioner p\u00e5 vores websted er tilg\u00e6ngelige. Vi giver separate oplysninger om andre muligheder for at g\u00f8re indsigelse mod behandling af personoplysninger ved hj\u00e6lp af cookies i denne privatlivspolitik. Om n\u00f8dvendigt stiller vi links til r\u00e5dighed, hvormed der kan g\u00f8res indsigelse. Disse er m\u00e6rket \u00bbOpt-Out\u00ab.    <\/p>\n<h2 id=\"kontaktaufnahme\">Kontakt os<\/h2>\n<p>Hvis der tages kontakt, behandler vi brugerens oplysninger, dato og klokkesl\u00e6t med henblik p\u00e5 at behandle henvendelsen, herunder eventuelle opf\u00f8lgende sp\u00f8rgsm\u00e5l.<\/p>\n<p>Retsgrundlaget for databehandlingen er artikel 6, stk. 1, nr. 1, litra f, i GDPR. Vores legitime interesse ligger i at besvare vores brugeres foresp\u00f8rgsler. Et yderligere retsgrundlag er artikel 6, stk. 1, nr. 1, litra b, i GDPR, hvis behandlingen er n\u00f8dvendig for opfyldelsen af en kontrakt eller for gennemf\u00f8relsen af foranstaltninger forud for kontraktindg\u00e5else.      <\/p>\n<p>Oplysningerne slettes, s\u00e5 snart henvendelsen, herunder eventuelle opf\u00f8lgende sp\u00f8rgsm\u00e5l, er besvaret. Vi kontrollerer med j\u00e6vne mellemrum, dog mindst hvert andet \u00e5r, om data, der er indsamlet i forbindelse med kontakter, skal slettes. <\/p>\n<h2 id=\"newsletter\">Nyhedsbrev<\/h2>\n<p>Brugerne har mulighed for at tilmelde sig nyhedsbreve p\u00e5 vores hjemmeside. Vi behandler de data, der indtastes under tilmeldingen, for at kunne sende en bekr\u00e6ftelsesmail til brugerens e-mailadresse. Efter bekr\u00e6ftelsen behandler vi oplysningerne for at kunne sende nyhedsbreve. Med henblik p\u00e5 personalisering kan vi ogs\u00e5 behandle brugerens navn, hvis brugeren har oplyst det.   <\/p>\n<p>Ved registrering gemmes dato og klokkesl\u00e6t samt brugerens IP-adresse for at kunne bevise registreringen. Vi forts\u00e6tter med at behandle disse data efter annullering til verifikationsform\u00e5l og sletter dem efter tre \u00e5r ved \u00e5rets udgang. <\/p>\n<p>Retsgrundlaget for behandlingen er brugerens samtykke i henhold til art. 6, stk. 1, nr. 1, litra a), i GDPR. Ellers udf\u00f8res behandlingen i overensstemmelse med art. 6, stk. 1, afsnit 1, litra f), i GDPR. Vores legitime interesser er udsendelse af nyhedsbreve, den personaliserede tilgang til brugeren og bevis for, at brugeren har tilmeldt sig nyhedsbrevet.      <\/p>\n<h2 id=\"stellenbewerbungen\">Jobans\u00f8gninger<\/h2>\n<p>N\u00e5r brugere ans\u00f8ger om et job, behandler vi personoplysninger med henblik p\u00e5 ans\u00f8gningsprocessen. Ud over de data, som brugeren sender, behandler vi andre data, som indsamles i l\u00f8bet af ans\u00f8gningsprocessen (f.eks. under en jobsamtale). Hvis vi inkluderer data i en ans\u00f8gerpulje, sker dette kun p\u00e5 grundlag af brugerens forudg\u00e5ende samtykke. I dette tilf\u00e6lde vil dataene blive behandlet ud over afslutningen af ans\u00f8gningsprocessen, s\u00e5 der kan tages kontakt, hvis der opst\u00e5r passende ledige stillinger.   <\/p>\n<p>Ans\u00f8gerdata slettes tre m\u00e5neder efter afslutningen af ans\u00f8gningsprocessen. I tilf\u00e6lde af optagelse i en ans\u00f8gerpulje gemmes dataene i h\u00f8jst to \u00e5r, medmindre det givne samtykke tilbagekaldes forinden. <\/p>\n<p>Retsgrundlaget for behandlingen er art. 6, stk. 1, nr. 1, litra b), i GDPR. Hvis der er givet samtykke til optagelse i en ans\u00f8gerpulje, er behandlingen baseret p\u00e5 art. 6, stk. 1, nr. 1, litra a), i GDPR. Efter afslutning af ans\u00f8gningsprocessen er behandlingen baseret p\u00e5 art. 6, stk. 1, nr. 1, litra f), i GDPR. Vores legitime interesse ligger i at forsvare os mod mulige krav i henhold til den generelle ligebehandlingslov.          <\/p>\n<h2 id=\"weitere-drittdienste\">Andre tredjepartstjenester<\/h2>\n<p>&nbsp;<\/p>\n<p><strong>Google Analytics<\/strong><\/p>\n<p>Vi bruger Google Analytics til at analysere brugen af vores hjemmeside. Udbyder: Google Ireland Ltd, Google Building Gordon House, 4 Barrow St, Dublin, D04 E5W5, Irland.<\/p>\n<p>En cookie placeres p\u00e5 slutenheden for at spore brugerens aktiviteter p\u00e5 hjemmesiden. Vi bruger Google Analytics med udvidelsen <em>anonymize IP<\/em>. Brugerens IP-adresse afkortes automatisk, f\u00f8r den sendes til servere i USA. Blandt andet analyseres den omtrentlige geografiske placering, slutenhed, sk\u00e6rmopl\u00f8sning, browser og bes\u00f8gte sider, herunder den tid, der er brugt p\u00e5 webstedet.   <\/p>\n<p>I det omfang vi indhenter brugerens samtykke, sker behandlingen af data p\u00e5 det juridiske grundlag i artikel 6, stk. 1, afsnit 1, litra a), i GDPR. I modsat fald er den baseret p\u00e5 art. 6, stk. 1, litra f) i GDPR. Vores legitime interesse ligger i optimering af vores hjemmeside, forbedring af vores tilbud og online markedsf\u00f8ring.      <\/p>\n<p>De data, der indsamles af Google Analytics, slettes automatisk efter 14 m\u00e5neder.<\/p>\n<p><a href=\"https:\/\/tools.google.com\/dlpage\/gaoptout?hl=de\">Opt-Out<\/a><\/p>\n<p><a href=\"https:\/\/policies.google.com\/privacy?hl=de\">Fortrolighedspolitik for Google Analytics<\/a><\/p>\n<p><strong>Matomo Analytics<\/strong><\/p>\n<p>Vi m\u00e5ler r\u00e6kkevidden af vores hjemmeside ved hj\u00e6lp af Matomo, et open source-v\u00e6rkt\u00f8j, som vi driver p\u00e5 vores egen server.<\/p>\n<p>Der kan s\u00e6ttes en cookie p\u00e5 brugerens slutenhed, som f.eks. kan bruges til at spore aktiviteter og genkende tilbagevendende bes\u00f8g. Brugerens IP-adresse afkortes automatisk, s\u00e5 det ikke l\u00e6ngere er muligt at identificere individuelle personer. Blandt andet analyseres den omtrentlige geografiske placering, slutenhed, sk\u00e6rmopl\u00f8sning, browser og bes\u00f8gte sider, herunder den tid, der er brugt p\u00e5 webstedet.  <\/p>\n<p>I det omfang vi indhenter brugerens samtykke, sker behandlingen af data p\u00e5 det juridiske grundlag i artikel 6, stk. 1, afsnit 1, litra a), i GDPR. I modsat fald er den baseret p\u00e5 art. 6, stk. 1, litra f) i GDPR. Vores legitime interesse ligger i optimering af vores hjemmeside, forbedring af vores tilbud og online markedsf\u00f8ring.      <\/p>\n<div id=\"matomo-opt-out\"><\/div>\n<p>&nbsp;<\/p>\n<p><strong>Sendgrid<\/strong><\/p>\n<p>Vi bruger Sendgrid til at forbedre kommunikationen med vores brugere. Udbyder: Twilio Inc, 645 Harrison Street, Third Floor, San Francisco, CA 94107, USA.<\/p>\n<p>Vi kan bruge Sendgrid til at sende e-mails til brugere. Vi behandler de data, der indtastes under registreringen, for at kunne sende en bekr\u00e6ftelsesmail til brugerens e-mailadresse. Efter bekr\u00e6ftelsen behandler vi oplysningerne for at kunne sende e-mails. Med henblik p\u00e5 personalisering kan vi ogs\u00e5 behandle brugerens navn, hvis det er blevet oplyst.   <\/p>\n<p>I det omfang vi indhenter brugerens samtykke, sker behandlingen af data p\u00e5 det juridiske grundlag i artikel 6, stk. 1, afsnit 1, litra a), i GDPR. Ellers er den baseret p\u00e5 artikel 6, stk. 1, afsnit 1, litra f), i GDPR. Vores legitime interesse ligger i enkel og effektiv kommunikation med vores brugere.      <\/p>\n<p>For at beskytte personoplysninger har vi indg\u00e5et standardkontraktbestemmelser, der er godkendt af EU-Kommissionen, med Twilio: <a href=\"https:\/\/www.twilio.com\/legal\/data-protection-addendum\" rel=\"noopener noreferrer nofollow\">https:\/\/www.twilio.com\/legal\/data-protection-addendum<\/a><\/p>\n<p><a href=\"https:\/\/www.twilio.com\/legal\/privacy\">Sendgrids privatlivspolitik<\/a><\/p>\n<h2 id=\"profile-in-sozialen-netzwerken\">Profiler i sociale netv\u00e6rk<\/h2>\n<p>Vi er til stede i et eller flere sociale netv\u00e6rk. I detaljer er disse: Facebook, Instagram eller LinkedIn. N\u00e5r du kontakter os, behandler vi personoplysninger som beskrevet ovenfor under Kontakt.  <\/p>\n<p>Udbyderne af sociale netv\u00e6rk behandler data i overensstemmelse med deres privatlivspolitikker, som du kan f\u00e5 adgang til her:<\/p>\n<p>&nbsp;<\/p>\n<ul>\n<li><a href=\"https:\/\/facebook.com\/policy.php\" target=\"_blank\" rel=\"noopener\">Facebook<\/a><\/li>\n<li><a href=\"https:\/\/de-de.facebook.com\/help\/instagram\/155833707900388\" target=\"_blank\" rel=\"noopener\">Instagram<\/a><\/li>\n<li><a href=\"https:\/\/www.linkedin.com\/legal\/privacy-policy?_l=de_DE\" target=\"_blank\" rel=\"noopener\">LinkedIn<\/a><\/li>\n<\/ul>\n<p>Hvis en bruger er logget ind med sin konto, kan aktiviteterne p\u00e5 vores profil i det respektive sociale netv\u00e6rk tildeles dem. Dette kan ske p\u00e5 tv\u00e6rs af enheder og muligvis endda uden at logge ind, f.eks. ved hj\u00e6lp af cookies eller mobilidentifikatorer. Udbyderne af de sociale netv\u00e6rk bruger de indsamlede data til at oprette pseudonymiserede brugerprofiler, som de is\u00e6r kan bruge til at vise personaliserede reklamer.  <\/p>\n<h2 id=\"rechte-betroffener-personen\">Registreredes rettigheder<\/h2>\n<p>Hvis brugerens personlige data behandles, er brugeren en registreret i henhold til GDPR. Registrerede personer har f\u00f8lgende rettigheder: <\/p>\n<p><strong>Ret til indsigt:<\/strong> Den registrerede har ret til at f\u00e5 bekr\u00e6ftet, om der behandles personoplysninger om ham eller hende eller ej. Hvis der behandles personoplysninger, har den registrerede ret til gratis information og en kopi af de personoplysninger, der er genstand for behandlingen. <\/p>\n<p><strong>Ret til berigtigelse:<\/strong> Den registrerede har ret til uden un\u00f8dig forsinkelse at f\u00e5 berigtiget ukorrekte personoplysninger eller f\u00e5 fuldst\u00e6ndiggjort ufuldst\u00e6ndige personoplysninger.<\/p>\n<p><strong>Ret til sletning:<\/strong> Den registrerede har ret til at f\u00e5 slettet personoplysninger om ham eller hende uden un\u00f8dig forsinkelse i overensstemmelse med de lovbestemte bestemmelser.<\/p>\n<p><strong>Ret til begr\u00e6nsning af behandling:<\/strong> Den registrerede har ret til at f\u00e5 begr\u00e6nset behandlingen af personoplysninger om ham eller hende i overensstemmelse med loven.<\/p>\n<p><strong>Ret til dataportabilitet:<\/strong> Den registrerede har ret til at modtage personoplysninger om ham eller hende i et struktureret, almindeligt anvendt og maskinl\u00e6sbart format eller til at anmode om overf\u00f8rsel til en anden dataansvarlig.<\/p>\n<p><strong>Ret til indsigelse: <\/strong>Den registrerede har til enhver tid ret til af grunde, der vedr\u00f8rer hans eller hendes s\u00e6rlige situation, at g\u00f8re indsigelse mod behandling af personoplysninger om ham eller hende, som er baseret p\u00e5 artikel 6, stk. 1, litra e) eller f), i GDPR, herunder profilering baseret p\u00e5 disse bestemmelser. Hvis personoplysninger behandles med henblik p\u00e5 direkte markedsf\u00f8ring, har den registrerede til enhver tid ret til at g\u00f8re indsigelse mod behandling af personoplysninger om ham eller hende til s\u00e5dan markedsf\u00f8ring, hvilket omfatter profilering i det omfang, det er relateret til s\u00e5dan direkte markedsf\u00f8ring.     <\/p>\n<p><strong>Ret til at tr\u00e6kke samtykke tilbage:<\/strong> Den registrerede har til enhver tid ret til at tr\u00e6kke sit samtykke tilbage.<\/p>\n<p><strong>Ret til at indgive en klage:<\/strong> Den registrerede har ret til at indgive en klage til en tilsynsmyndighed.<\/p>\n<p><strong>Status for privatlivspolitikken:<\/strong> 22. februar 2024<\/p>\n<\/div>\n<\/div>\n<\/div>\n<\/div>\n<\/div>\n<\/div>\n<\/div>\n<\/div>\n<p>[\/et_pb_text][\/et_pb_column][\/et_pb_row][\/et_pb_section]<\/p>\n","protected":false},"excerpt":{"rendered":"<p>Databeskyttelse Vi forklarer, hvordan vi h\u00e5ndterer dine personlige data i denne privatlivspolitik. Den g\u00e6ldende databeskyttelseslovgivning, is\u00e6r den generelle databeskyttelsesforordning (GDPR), finder anvendelse. Med undtagelse af de tjenesteudbydere og tredjepartsudbydere, som vi n\u00e6vner i denne privatlivspolitik, videregiver vi ikke nogen data til tredjeparter. Hvis du har sp\u00f8rgsm\u00e5l, er du velkommen til at kontakte os. &nbsp; Indhold [&hellip;]<\/p>\n","protected":false},"author":1,"featured_media":0,"parent":0,"menu_order":0,"comment_status":"closed","ping_status":"closed","template":"","meta":{"_acf_changed":false,"_et_pb_use_builder":"on","_et_pb_old_content":"","_et_gb_content_width":"","inline_featured_image":false,"footnotes":""},"class_list":["post-4763","page","type-page","status-publish","hentry"],"acf":[],"tag_names":[],"category_names":[],"thumbnail":false,"_links":{"self":[{"href":"https:\/\/www.kranabstuetzplatten.com\/da\/wp-json\/wp\/v2\/pages\/4763","targetHints":{"allow":["GET"]}}],"collection":[{"href":"https:\/\/www.kranabstuetzplatten.com\/da\/wp-json\/wp\/v2\/pages"}],"about":[{"href":"https:\/\/www.kranabstuetzplatten.com\/da\/wp-json\/wp\/v2\/types\/page"}],"author":[{"embeddable":true,"href":"https:\/\/www.kranabstuetzplatten.com\/da\/wp-json\/wp\/v2\/users\/1"}],"replies":[{"embeddable":true,"href":"https:\/\/www.kranabstuetzplatten.com\/da\/wp-json\/wp\/v2\/comments?post=4763"}],"version-history":[{"count":4,"href":"https:\/\/www.kranabstuetzplatten.com\/da\/wp-json\/wp\/v2\/pages\/4763\/revisions"}],"predecessor-version":[{"id":4798,"href":"https:\/\/www.kranabstuetzplatten.com\/da\/wp-json\/wp\/v2\/pages\/4763\/revisions\/4798"}],"wp:attachment":[{"href":"https:\/\/www.kranabstuetzplatten.com\/da\/wp-json\/wp\/v2\/media?parent=4763"}],"curies":[{"name":"wp","href":"https:\/\/api.w.org\/{rel}","templated":true}]}}