{"id":4740,"date":"2024-02-26T17:01:39","date_gmt":"2024-02-26T16:01:39","guid":{"rendered":"https:\/\/www.kranabstuetzplatten.com\/kranstoetteplader-til-baeltekranen\/"},"modified":"2025-07-02T14:50:03","modified_gmt":"2025-07-02T12:50:03","slug":"kranstoetteplader-til-baeltekranen","status":"publish","type":"page","link":"https:\/\/www.kranabstuetzplatten.com\/da\/kranstoetteplader-til-baeltekranen\/","title":{"rendered":"Kranst\u00f8tteplader til b\u00e6ltekranen"},"content":{"rendered":"<p>[et_pb_section fb_built=&#8221;1&#8243; _builder_version=&#8221;4.24.2&#8243; custom_margin_tablet=&#8221;&#8221; custom_margin_phone=&#8221;||||false|true&#8221; custom_margin_last_edited=&#8221;on|phone&#8221; global_colors_info=&#8221;{}&#8221;][et_pb_row column_structure=&#8221;3_5,2_5&#8243; custom_padding_last_edited=&#8221;on|phone&#8221; _builder_version=&#8221;4.24.2&#8243; background_size=&#8221;initial&#8221; background_position=&#8221;top_left&#8221; background_repeat=&#8221;repeat&#8221; max_width=&#8221;1600px&#8221; custom_padding=&#8221;100px||100px||true|false&#8221; custom_padding_tablet=&#8221;100px||100px||true|false&#8221; custom_padding_phone=&#8221;||0px||false|false&#8221; global_colors_info=&#8221;{}&#8221;][et_pb_column type=&#8221;3_5&#8243; _builder_version=&#8221;4.16&#8243; custom_padding=&#8221;|||&#8221; global_colors_info=&#8221;{}&#8221; custom_padding__hover=&#8221;|||&#8221;][et_pb_text content_tablet=&#8221;<\/p>\n<h1>St\u00f8tteplader til kraner<br \/>til b\u00e6ltekranen<\/h1>\n<p>&#8221; content_phone=&#8221;<\/p>\n<h1>Kranst\u00f8tteplader til b\u00e6ltekranen<\/h1>\n<p>&#8221; content_last_edited=&#8221;on|phone&#8221; _builder_version=&#8221;4.24.2&#8243; _module_preset=&#8221;default&#8221; header_text_color=&#8221;gcid-52d948b6-e042-4cc0-80cc-f3a688effea0&#8243; global_colors_info=&#8221;{%22gcid-52d948b6-e042-4cc0-80cc-f3a688effea0%22:%91%22header_text_color%22%93}&#8221;]<\/p>\n<h1>St\u00f8tteplader til kraner<br \/>til b\u00e6ltekranen<\/h1>\n<p>[\/et_pb_text][et_pb_code _builder_version=&#8221;4.24.2&#8243; _module_preset=&#8221;default&#8221; global_colors_info=&#8221;{}&#8221;]<\/p>\n<div class=\"badge-container\"><!-- [et_pb_line_break_holder] -->    <\/p>\n<div class=\"badge badge-transparent\"><!-- [et_pb_line_break_holder] -->        <span class=\"feinwerk-icon-marker\"><\/span><!-- [et_pb_line_break_holder] -->        <span>Fremstillet i Tyskland<\/span><!-- [et_pb_line_break_holder] -->    <\/div>\n<p><!-- [et_pb_line_break_holder] -->    <\/p>\n<div class=\"badge badge-transparent\"><!-- [et_pb_line_break_holder] -->        <span class=\"feinwerk-icon-shield\"><\/span><!-- [et_pb_line_break_holder] -->        <span>H\u00f8jeste kvalitet<\/span><!-- [et_pb_line_break_holder] -->    <\/div>\n<p><!-- [et_pb_line_break_holder] -->    <\/p>\n<div class=\"badge badge-transparent\"><!-- [et_pb_line_break_holder] -->        <span class=\"feinwerk-icon-transform\"><\/span><!-- [et_pb_line_break_holder] -->        <span>forskellige st\u00f8rrelser<\/span><!-- [et_pb_line_break_holder] -->    <\/div>\n<p><!-- [et_pb_line_break_holder] -->    <\/p>\n<div><\/div>\n<p><!-- [et_pb_line_break_holder] --><\/div>\n<p>[\/et_pb_code][\/et_pb_column][et_pb_column type=&#8221;2_5&#8243; _builder_version=&#8221;4.16&#8243; custom_padding=&#8221;|||&#8221; global_colors_info=&#8221;{}&#8221; custom_padding__hover=&#8221;|||&#8221;][et_pb_image src=&#8221;https:\/\/www.kranabstuetzplatten.com\/wp-content\/uploads\/2024\/02\/kopfmedia_feinwerk_raupenkran_1.webp&#8221; title_text=&#8221;kopfmedia_feinwerk_raupenkran_1&#8243; _builder_version=&#8221;4.27.4&#8243; _module_preset=&#8221;default&#8221; background_color=&#8221;gcid-900d4a25-5d4d-4445-b994-67d8dc7f68c1&#8243; dvmd_acat_aria_label=&#8221;Stablede gr\u00f8nne kranst\u00f8tteplader fra Feinwerk Group med r\u00f8de b\u00e6reh\u00e5ndtag &#8211; ideelle til pladsbesparende opbevaring og sikker transport p\u00e5 byggepladser&#8221; border_radii=&#8221;on|10px|10px|10px|10px&#8221; global_colors_info=&#8221;{%22gcid-900d4a25-5d4d-4445-b994-67d8dc7f68c1%22:%91%22background_color%22%93}&#8221;][\/et_pb_image][\/et_pb_column][\/et_pb_row][\/et_pb_section][et_pb_section fb_built=&#8221;1&#8243; _builder_version=&#8221;4.24.2&#8243; _module_preset=&#8221;default&#8221; custom_margin_tablet=&#8221;&#8221; custom_margin_phone=&#8221;||||false|true&#8221; custom_margin_last_edited=&#8221;on|phone&#8221; global_colors_info=&#8221;{}&#8221;][et_pb_row column_structure=&#8221;1_2,1_2&#8243; custom_padding_last_edited=&#8221;on|phone&#8221; _builder_version=&#8221;4.24.2&#8243; _module_preset=&#8221;default&#8221; max_width=&#8221;1600px&#8221; custom_padding_tablet=&#8221;&#8221; custom_padding_phone=&#8221;0px||||false|false&#8221; global_colors_info=&#8221;{}&#8221;][et_pb_column type=&#8221;1_2&#8243; _builder_version=&#8221;4.24.0&#8243; _module_preset=&#8221;default&#8221; global_colors_info=&#8221;{}&#8221;][et_pb_text _builder_version=&#8221;4.24.2&#8243; _module_preset=&#8221;default&#8221; custom_margin=&#8221;||20px||false|false&#8221; global_colors_info=&#8221;{}&#8221;]<\/p>\n<h2>Unik h\u00f8jdejustering<br \/>og fleksible st\u00f8rrelser<\/h2>\n<p>[\/et_pb_text][\/et_pb_column][et_pb_column type=&#8221;1_2&#8243; _builder_version=&#8221;4.24.0&#8243; _module_preset=&#8221;default&#8221; global_colors_info=&#8221;{}&#8221;][et_pb_text _builder_version=&#8221;4.24.2&#8243; _module_preset=&#8221;default&#8221; global_colors_info=&#8221;{}&#8221;]Vores kranst\u00f8tteplader er markedsf\u00f8rende, n\u00e5r det g\u00e6lder tilpasning til din b\u00e6ltekrans specifikke behov. Samme h\u00f8jde p\u00e5 plade og kranbj\u00e6lke giver en glidende overgang og \u00f8ger stabiliteten. Med allerede producerede st\u00f8rrelser p\u00e5 op til <strong class=\"highlight\">8,0 x 2,4 x 0,20 m<\/strong> og muligheden for at producere specialst\u00f8rrelser p\u00e5 foresp\u00f8rgsel, tilbyder vi l\u00f8sninger, der er perfekt skr\u00e6ddersyet til dine behov.[\/et_pb_text][\/et_pb_column][\/et_pb_row][et_pb_row column_structure=&#8221;1_2,1_2&#8243; _builder_version=&#8221;4.24.0&#8243; _module_preset=&#8221;default&#8221; max_width=&#8221;1600px&#8221; global_colors_info=&#8221;{}&#8221;][et_pb_column type=&#8221;1_2&#8243; _builder_version=&#8221;4.24.0&#8243; _module_preset=&#8221;default&#8221; global_colors_info=&#8221;{}&#8221;][et_pb_code _builder_version=&#8221;4.27.4&#8243; _module_preset=&#8221;default&#8221; background_image=&#8221;https:\/\/www.kranabstuetzplatten.com\/wp-content\/uploads\/2024\/02\/kopfmedia_feinwerk-group-kranabstuetzplatten-2000px-16-1.webp&#8221; min_height=&#8221;500px&#8221; background_last_edited=&#8221;on|phone&#8221; background_position_phone=&#8221;top_left&#8221; background_horizontal_offset_phone=&#8221;63%&#8221; background_vertical_offset_phone=&#8221;0%&#8221; dvmd_acat_aria_label=&#8221;Kranst\u00f8tteplade med r\u00f8d ramme og sort overflade. Flad, rektangul\u00e6r plade med sidekroge til h\u00f8jdejustering. Designet giver mulighed for fleksibel st\u00f8rrelsesjustering&#8221; border_radii=&#8221;on|10px|10px|10px|10px&#8221; global_colors_info=&#8221;{}&#8221;][\/et_pb_code][\/et_pb_column][et_pb_column type=&#8221;1_2&#8243; _builder_version=&#8221;4.24.0&#8243; _module_preset=&#8221;default&#8221; global_colors_info=&#8221;{}&#8221;][et_pb_code _builder_version=&#8221;4.27.4&#8243; _module_preset=&#8221;default&#8221; background_color=&#8221;gcid-900d4a25-5d4d-4445-b994-67d8dc7f68c1&#8243; background_image=&#8221;https:\/\/www.kranabstuetzplatten.com\/wp-content\/uploads\/2024\/02\/kopfmedia_feinwerk-group-kranabstuetzplatten-2000px-8.webp&#8221; min_height=&#8221;500px&#8221; background_last_edited=&#8221;on|phone&#8221; background_position_phone=&#8221;top_left&#8221; background_horizontal_offset_phone=&#8221;14%&#8221; background_vertical_offset_phone=&#8221;0%&#8221; dvmd_acat_aria_label=&#8221;B\u00e6ltekranen st\u00e5r p\u00e5 stablede sorte st\u00f8tteplader med en r\u00f8d ramme. Den ensartede h\u00f8jde p\u00e5 kranen og pladerne viser den pr\u00e6cise h\u00f8jdejustering for sikker lastfordeling.&#8221; border_radii=&#8221;on|10px|10px|10px|10px&#8221; global_colors_info=&#8221;{%22gcid-900d4a25-5d4d-4445-b994-67d8dc7f68c1%22:%91%22background_color%22%93}&#8221;][\/et_pb_code][\/et_pb_column][\/et_pb_row][\/et_pb_section][et_pb_section fb_built=&#8221;1&#8243; _builder_version=&#8221;4.24.2&#8243; _module_preset=&#8221;default&#8221; custom_margin=&#8221;||||false|false&#8221; custom_margin_tablet=&#8221;&#8221; custom_margin_phone=&#8221;||||false|true&#8221; custom_margin_last_edited=&#8221;on|phone&#8221; global_colors_info=&#8221;{}&#8221;][et_pb_row column_structure=&#8221;1_2,1_2&#8243; make_equal=&#8221;on&#8221; _builder_version=&#8221;4.24.0&#8243; _module_preset=&#8221;default&#8221; background_color=&#8221;gcid-900d4a25-5d4d-4445-b994-67d8dc7f68c1&#8243; max_width=&#8221;1600px&#8221; custom_margin=&#8221;||||false|false&#8221; custom_padding=&#8221;40px|45px|40px|45px|true|true&#8221; border_radii=&#8221;on|10px|10px|10px|10px&#8221; global_colors_info=&#8221;{%22gcid-900d4a25-5d4d-4445-b994-67d8dc7f68c1%22:%91%22background_color%22%93}&#8221;][et_pb_column type=&#8221;1_2&#8243; _builder_version=&#8221;4.24.0&#8243; _module_preset=&#8221;default&#8221; custom_css_main_element=&#8221;margin: auto;&#8221; global_colors_info=&#8221;{}&#8221;][et_pb_text content_tablet=&#8221;<\/p>\n<h2>FEM-beregning af kranens st\u00f8tteplader<\/h2>\n<p>Feinwerk Group beregner alle kranst\u00f8tteplader in-house ved hj\u00e6lp af finite element-metoden. Det g\u00f8r det ogs\u00e5 muligt hurtigt at vurdere s\u00e6rlige belastningstilf\u00e6lde. <\/p>\n<p>&#8221; content_phone=&#8221;<\/p>\n<h2>FEM-beregning af kranens st\u00f8tteplader<\/h2>\n<p>Feinwerk Group beregner alle kranst\u00f8tteplader in-house ved hj\u00e6lp af finite element-metoden. Det g\u00f8r det ogs\u00e5 muligt hurtigt at vurdere s\u00e6rlige belastningstilf\u00e6lde. <\/p>\n<p>&#8221; content_last_edited=&#8221;on|phone&#8221; _builder_version=&#8221;4.24.2&#8243; _module_preset=&#8221;default&#8221; header_text_color=&#8221;gcid-5ea6f707-7589-495b-ac14-f55a09689654&#8243; global_colors_info=&#8221;{%22gcid-5ea6f707-7589-495b-ac14-f55a09689654%22:%91%22header_text_color%22%93}&#8221;]<\/p>\n<h2>FEM-beregning af kranens st\u00f8tteplader<\/h2>\n<p>Feinwerk Group beregner alle kranst\u00f8tteplader in-house ved hj\u00e6lp af finite element-metoden. Det g\u00f8r det ogs\u00e5 muligt hurtigt at vurdere s\u00e6rlige belastningstilf\u00e6lde. <\/p>\n<p>[\/et_pb_text][et_pb_text _builder_version=&#8221;4.24.0&#8243; _module_preset=&#8221;default&#8221; custom_margin=&#8221;||50px||false|false&#8221; global_colors_info=&#8221;{}&#8221;]<\/p>\n<p><a class=\"btn-link dark\" href=\"https:\/\/www.kranabstuetzplatten.com\/da\/konfigurator\/\">Anmodning om beregning  <span class=\"feinwerk-icon-arrow-right\"><\/span><\/a><\/p>\n<p>[\/et_pb_text][\/et_pb_column][et_pb_column type=&#8221;1_2&#8243; _builder_version=&#8221;4.24.0&#8243; _module_preset=&#8221;default&#8221; custom_css_main_element=&#8221;margin: auto;&#8221; global_colors_info=&#8221;{}&#8221;][et_pb_image src=&#8221;https:\/\/www.kranabstuetzplatten.com\/wp-content\/uploads\/2024\/02\/kranabstuetzplatten-feinwerk-fem-individuelle-berechnung.webp&#8221; title_text=&#8221;Kranst\u00f8tteplader-feinwerk-fem-individuel-beregning&#8221; _builder_version=&#8221;4.27.4&#8243; _module_preset=&#8221;default&#8221; dvmd_acat_aria_label=&#8221;Visualisering af belastningsfordelingen p\u00e5 en kranst\u00f8tteplade. Farvegradienten fra lysebl\u00e5 til m\u00f8rkebl\u00e5 viser trykintensiteten, hvor de midterste omr\u00e5der b\u00e6rer den h\u00f8jeste belastning.&#8221; global_colors_info=&#8221;{}&#8221;][\/et_pb_image][\/et_pb_column][\/et_pb_row][\/et_pb_section][et_pb_section fb_built=&#8221;1&#8243; _builder_version=&#8221;4.24.2&#8243; _module_preset=&#8221;default&#8221; custom_margin_tablet=&#8221;&#8221; custom_margin_phone=&#8221;||||false|true&#8221; custom_margin_last_edited=&#8221;on|phone&#8221; global_colors_info=&#8221;{}&#8221;][et_pb_row column_structure=&#8221;1_2,1_2&#8243; make_equal=&#8221;on&#8221; custom_padding_last_edited=&#8221;on|phone&#8221; _builder_version=&#8221;4.24.2&#8243; _module_preset=&#8221;default&#8221; max_width=&#8221;1600px&#8221; custom_padding_tablet=&#8221;&#8221; custom_padding_phone=&#8221;0px||||false|false&#8221; global_colors_info=&#8221;{}&#8221;][et_pb_column type=&#8221;1_2&#8243; _builder_version=&#8221;4.24.2&#8243; _module_preset=&#8221;default&#8221; custom_css_main_element=&#8221;margin: auto;&#8221; global_colors_info=&#8221;{}&#8221;][et_pb_text _builder_version=&#8221;4.24.2&#8243; _module_preset=&#8221;default&#8221; custom_padding_tablet=&#8221;&#8221; custom_padding_phone=&#8221;||20px||false|false&#8221; custom_padding_last_edited=&#8221;on|phone&#8221; global_colors_info=&#8221;{}&#8221;]<\/p>\n<h2>Fordele ved vores st\u00f8tteplader<\/h2>\n<p>[\/et_pb_text][\/et_pb_column][et_pb_column type=&#8221;1_2&#8243; _builder_version=&#8221;4.24.0&#8243; _module_preset=&#8221;default&#8221; custom_css_main_element=&#8221;margin:auto;&#8221; global_colors_info=&#8221;{}&#8221;][et_pb_text _builder_version=&#8221;4.24.2&#8243; _module_preset=&#8221;default&#8221; global_colors_info=&#8221;{}&#8221;]<\/p>\n<div class=\"badge-container\">\n<div class=\"badge\"><span class=\"feinwerk-icon-shield-check\"><\/span>100 % fremstillet i Tyskland af Feinwerk Group<\/div>\n<div class=\"badge\"><span class=\"feinwerk-icon-check\"><\/span>Minimal v\u00e6gt med maksimal belastningskapacitet takket v\u00e6re specialudviklet honeycomb-struktur<\/div>\n<div class=\"badge\"><span class=\"feinwerk-icon-user\"><\/span>Over 40 \u00e5rs erfaring med st\u00e5lforarbejdning<\/div>\n<div class=\"badge\"><span class=\"feinwerk-icon-document-signed\"><\/span>Certificeret i henhold til internationale standarder<\/div>\n<div class=\"badge\"><span class=\"feinwerk-icon-document\"><\/span>Levering inkl. brugsanvisning og CE-erkl\u00e6ring <\/div>\n<div class=\"badge\"><span class=\"feinwerk-icon-cookie\"><\/span>Maling i alle RAL-farver<\/div>\n<div class=\"badge\"><span class=\"feinwerk-icon-plus-circle\"><\/span>Tilpasning af farve og st\u00f8rrelse efter aftale<\/div>\n<div class=\"badge\"><span class=\"feinwerk-icon-plus-circle\"><\/span>Individuel statisk beregning af kranens st\u00f8tteplader<\/div>\n<\/div>\n<p>[\/et_pb_text][\/et_pb_column][\/et_pb_row][\/et_pb_section][et_pb_section fb_built=&#8221;1&#8243; _builder_version=&#8221;4.24.2&#8243; _module_preset=&#8221;default&#8221; locked=&#8221;off&#8221; global_colors_info=&#8221;{}&#8221;][et_pb_row column_structure=&#8221;1_2,1_2&#8243; make_equal=&#8221;on&#8221; _builder_version=&#8221;4.24.0&#8243; _module_preset=&#8221;default&#8221; background_color=&#8221;gcid-900d4a25-5d4d-4445-b994-67d8dc7f68c1&#8243; max_width=&#8221;1600px&#8221; custom_margin=&#8221;||||false|false&#8221; custom_padding=&#8221;|45px|0px|45px|false|true&#8221; border_radii=&#8221;on|10px|10px|10px|10px&#8221; global_colors_info=&#8221;{%22gcid-900d4a25-5d4d-4445-b994-67d8dc7f68c1%22:%91%22background_color%22%93}&#8221;][et_pb_column type=&#8221;1_2&#8243; _builder_version=&#8221;4.24.0&#8243; _module_preset=&#8221;default&#8221; custom_css_main_element=&#8221;margin: auto;&#8221; global_colors_info=&#8221;{}&#8221;][et_pb_text _builder_version=&#8221;4.24.0&#8243; _module_preset=&#8221;default&#8221; header_text_color=&#8221;gcid-5ea6f707-7589-495b-ac14-f55a09689654&#8243; global_colors_info=&#8221;{%22gcid-5ea6f707-7589-495b-ac14-f55a09689654%22:%91%22header_text_color%22%93}&#8221;]<\/p>\n<h2>Konfigurer din skr\u00e6ddersyede<br \/>kranst\u00f8tteplade med en belastningskapacitet p\u00e5 op til 300 tons<\/h2>\n<p>[\/et_pb_text][et_pb_text _builder_version=&#8221;4.24.2&#8243; _module_preset=&#8221;default&#8221; custom_margin=&#8221;||50px||false|false&#8221; link_option_url=&#8221;https:\/\/www.kranabstuetzplatten.com\/da\/konfigurator\/&#8221; global_colors_info=&#8221;{}&#8221;]<\/p>\n<p><a href=\"https:\/\/www.kranabstuetzplatten.com\/da\/konfigurator\/\" class=\"btn-link dark\">Konfigurer nu<br \/><\/a><\/p>\n<p>[\/et_pb_text][\/et_pb_column][et_pb_column type=&#8221;1_2&#8243; _builder_version=&#8221;4.24.0&#8243; _module_preset=&#8221;default&#8221; custom_css_main_element=&#8221;margin: auto;&#8221; global_colors_info=&#8221;{}&#8221;][et_pb_code _builder_version=&#8221;4.27.4&#8243; _module_preset=&#8221;default&#8221; background_image=&#8221;https:\/\/www.kranabstuetzplatten.com\/wp-content\/uploads\/2025\/07\/feinwerk-configurator-mockup-denmark.webp&#8221; background_position=&#8221;top_center&#8221; height=&#8221;600px&#8221; height_tablet=&#8221;300px&#8221; height_phone=&#8221;300px&#8221; height_last_edited=&#8221;on|tablet&#8221; hover_enabled=&#8221;0&#8243; dvmd_acat_aria_label=&#8221;Billede fra konfigurationssiden for kranst\u00f8tteplader&#8221; border_radii=&#8221;off|10px|10px||&#8221; global_colors_info=&#8221;{}&#8221; title_text=&#8221;feinwerk-configurator-mockup-denmark&#8221; sticky_enabled=&#8221;0&#8243;][\/et_pb_code][\/et_pb_column][\/et_pb_row][\/et_pb_section]<\/p>\n","protected":false},"excerpt":{"rendered":"<p>St\u00f8tteplader til kranertil b\u00e6ltekranenUnik h\u00f8jdejusteringog fleksible st\u00f8rrelserVores kranst\u00f8tteplader er markedsf\u00f8rende, n\u00e5r det g\u00e6lder tilpasning til din b\u00e6ltekrans specifikke behov. Samme h\u00f8jde p\u00e5 plade og kranbj\u00e6lke giver en glidende overgang og \u00f8ger stabiliteten. Med allerede producerede st\u00f8rrelser p\u00e5 op til 8,0 x 2,4 x 0,20 m og muligheden for at producere specialst\u00f8rrelser p\u00e5 foresp\u00f8rgsel, tilbyder vi [&hellip;]<\/p>\n","protected":false},"author":1,"featured_media":4279,"parent":0,"menu_order":0,"comment_status":"closed","ping_status":"closed","template":"","meta":{"_acf_changed":false,"_et_pb_use_builder":"on","_et_pb_old_content":"","_et_gb_content_width":"","inline_featured_image":false,"footnotes":""},"class_list":["post-4740","page","type-page","status-publish","has-post-thumbnail","hentry"],"acf":[],"tag_names":[],"category_names":[],"thumbnail":"https:\/\/www.kranabstuetzplatten.com\/wp-content\/uploads\/2024\/02\/kopfmedia_feinwerk_raupenkran_1.webp","_links":{"self":[{"href":"https:\/\/www.kranabstuetzplatten.com\/da\/wp-json\/wp\/v2\/pages\/4740","targetHints":{"allow":["GET"]}}],"collection":[{"href":"https:\/\/www.kranabstuetzplatten.com\/da\/wp-json\/wp\/v2\/pages"}],"about":[{"href":"https:\/\/www.kranabstuetzplatten.com\/da\/wp-json\/wp\/v2\/types\/page"}],"author":[{"embeddable":true,"href":"https:\/\/www.kranabstuetzplatten.com\/da\/wp-json\/wp\/v2\/users\/1"}],"replies":[{"embeddable":true,"href":"https:\/\/www.kranabstuetzplatten.com\/da\/wp-json\/wp\/v2\/comments?post=4740"}],"version-history":[{"count":10,"href":"https:\/\/www.kranabstuetzplatten.com\/da\/wp-json\/wp\/v2\/pages\/4740\/revisions"}],"predecessor-version":[{"id":7282,"href":"https:\/\/www.kranabstuetzplatten.com\/da\/wp-json\/wp\/v2\/pages\/4740\/revisions\/7282"}],"wp:featuredmedia":[{"embeddable":true,"href":"https:\/\/www.kranabstuetzplatten.com\/da\/wp-json\/wp\/v2\/media\/4279"}],"wp:attachment":[{"href":"https:\/\/www.kranabstuetzplatten.com\/da\/wp-json\/wp\/v2\/media?parent=4740"}],"curies":[{"name":"wp","href":"https:\/\/api.w.org\/{rel}","templated":true}]}}