{"id":5961,"date":"2024-09-24T14:31:39","date_gmt":"2024-09-24T12:31:39","guid":{"rendered":"https:\/\/www.kranabstuetzplatten.com\/download\/"},"modified":"2025-07-02T07:31:36","modified_gmt":"2025-07-02T05:31:36","slug":"download","status":"publish","type":"page","link":"https:\/\/www.kranabstuetzplatten.com\/cs\/download\/","title":{"rendered":"ke sta\u017een\u00ed"},"content":{"rendered":"<p>[et_pb_section fb_built=&#8221;1&#8243; _builder_version=&#8221;4.24.0&#8243; _module_preset=&#8221;default&#8221; custom_margin=&#8221;||||false|false&#8221; global_colors_info=&#8221;{}&#8221;][et_pb_row make_equal=&#8221;on&#8221; _builder_version=&#8221;4.24.0&#8243; _module_preset=&#8221;default&#8221; max_width=&#8221;1600px&#8221; min_height=&#8221;400px&#8221; min_height_tablet=&#8221;200px&#8221; min_height_phone=&#8221;&#8221; min_height_last_edited=&#8221;on|tablet&#8221; custom_margin=&#8221;100px||||false|false&#8221; custom_padding=&#8221;25px|0px|25px|0px|true|true&#8221; global_colors_info=&#8221;{}&#8221;][et_pb_column type=&#8221;4_4&#8243; _builder_version=&#8221;4.24.0&#8243; _module_preset=&#8221;default&#8221; custom_css_main_element=&#8221;margin: auto;&#8221; global_colors_info=&#8221;{}&#8221;][et_pb_text _builder_version=&#8221;4.27.0&#8243; _module_preset=&#8221;default&#8221; header_text_color=&#8221;gcid-5ea6f707-7589-495b-ac14-f55a09689654&#8243; global_colors_info=&#8221;{%22gcid-5ea6f707-7589-495b-ac14-f55a09689654%22:%91%22header_text_color%22%93}&#8221;]<\/p>\n<h1 style=\"text-align: center;\">Ke sta\u017een\u00ed na<\/h1>\n<p>[\/et_pb_text][\/et_pb_column][\/et_pb_row][\/et_pb_section][et_pb_section fb_built=&#8221;1&#8243; _builder_version=&#8221;4.24.0&#8243; _module_preset=&#8221;default&#8221; global_colors_info=&#8221;{}&#8221;][et_pb_row column_structure=&#8221;2_5,3_5&#8243; _builder_version=&#8221;4.27.0&#8243; _module_preset=&#8221;default&#8221; max_width=&#8221;1600px&#8221; global_colors_info=&#8221;{}&#8221;][et_pb_column type=&#8221;2_5&#8243; _builder_version=&#8221;4.27.0&#8243; _module_preset=&#8221;default&#8221; global_colors_info=&#8221;{}&#8221;][et_pb_text _builder_version=&#8221;4.27.0&#8243; _module_preset=&#8221;default&#8221; hover_enabled=&#8221;0&#8243; global_colors_info=&#8221;{}&#8221; sticky_enabled=&#8221;0&#8243;]<\/p>\n<div class=\"et_pb_module et_pb_text et_pb_text_3 et_pb_text_align_left et_pb_bg_layout_light\">\n<div class=\"et_pb_text_inner\">\n<h2>N\u00e1\u0161 z\u00e1vazek ke kvalit\u011b a dokonalosti: Certifikovan\u00e9 standardy spole\u010dnosti Feinwerk Technologies<\/h2>\n<\/div>\n<\/div>\n<p>[\/et_pb_text][\/et_pb_column][et_pb_column type=&#8221;3_5&#8243; _builder_version=&#8221;4.27.0&#8243; _module_preset=&#8221;default&#8221; global_colors_info=&#8221;{}&#8221;][et_pb_text _builder_version=&#8221;4.27.0&#8243; _module_preset=&#8221;default&#8221; hover_enabled=&#8221;0&#8243; global_colors_info=&#8221;{}&#8221; sticky_enabled=&#8221;0&#8243;]<\/p>\n<p>Ve spole\u010dnosti Feinwerk Technologies si uv\u011bdomujeme, \u017ee d\u016fv\u011bra se buduje d\u00edky prokazateln\u00e9 kvalit\u011b a konzistentn\u00edmu v\u00fdkonu. Na\u0161e certifikace jsou d\u016fkazem na\u0161eho neochv\u011bjn\u00e9ho odhodl\u00e1n\u00ed plnit a p\u0159ekra\u010dovat nejvy\u0161\u0161\u00ed standardy ve v\u0161ech aspektech na\u0161\u00ed pr\u00e1ce. Ka\u017ed\u00e1 certifikace p\u0159edstavuje n\u00e1\u0161 z\u00e1vazek poskytovat v\u00e1m produkty a slu\u017eby bezkonkuren\u010dn\u00ed kvality.  <\/p>\n<p>[\/et_pb_text][\/et_pb_column][\/et_pb_row][\/et_pb_section][et_pb_section fb_built=&#8221;1&#8243; _builder_version=&#8221;4.24.0&#8243; _module_preset=&#8221;default&#8221; global_colors_info=&#8221;{}&#8221;][et_pb_row column_structure=&#8221;2_5,3_5&#8243; _builder_version=&#8221;4.27.0&#8243; _module_preset=&#8221;default&#8221; max_width=&#8221;1600px&#8221; global_colors_info=&#8221;{}&#8221;][et_pb_column type=&#8221;2_5&#8243; _builder_version=&#8221;4.27.0&#8243; _module_preset=&#8221;default&#8221; global_colors_info=&#8221;{}&#8221;][et_pb_text _builder_version=&#8221;4.27.0&#8243; _module_preset=&#8221;default&#8221; global_colors_info=&#8221;{}&#8221;]<\/p>\n<div class=\"et_pb_module et_pb_text et_pb_text_3 et_pb_text_align_left et_pb_bg_layout_light\">\n<div class=\"et_pb_text_inner\">\n<h2>\u0158\u00edzen\u00ed kvality<\/h2>\n<p>Tento certifik\u00e1t ozna\u010duje n\u00e1\u0161 komplexn\u00ed syst\u00e9m \u0159\u00edzen\u00ed kvality, kter\u00fd zaji\u0161\u0165uje, \u017ee v\u0161echny na\u0161e procesy a postupy odpov\u00eddaj\u00ed mezin\u00e1rodn\u011b uzn\u00e1van\u00fdm norm\u00e1m.<\/p>\n<\/div>\n<\/div>\n<p>[\/et_pb_text][\/et_pb_column][et_pb_column type=&#8221;3_5&#8243; _builder_version=&#8221;4.27.0&#8243; _module_preset=&#8221;default&#8221; global_colors_info=&#8221;{}&#8221;][et_pb_code _builder_version=&#8221;4.27.0&#8243; _module_preset=&#8221;default&#8221; global_colors_info=&#8221;{}&#8221;]<div id=\"vue-wordpress-app-5d9404a0-d96f-4c85-8c56-7fa16e62c441\" data-app-url=\"https:\/\/www.feinwerk-technologies.de\" data-fcaptcha-sitekey=\"FCMHA65IB64SV3PL\" data-component=\"certificate-section\" data-lang=\"cs\"  data-certificatesection=\"{&quot;taxOperator&quot;: &quot;AND&quot;, &quot;categories&quot;:[&quot;quality-assurance&quot;, &quot;kranabstuetzplatten&quot;]}\"><\/div>[\/et_pb_code][\/et_pb_column][\/et_pb_row][\/et_pb_section][et_pb_section fb_built=&#8221;1&#8243; _builder_version=&#8221;4.24.0&#8243; _module_preset=&#8221;default&#8221; global_colors_info=&#8221;{}&#8221;][et_pb_row column_structure=&#8221;2_5,3_5&#8243; _builder_version=&#8221;4.27.0&#8243; _module_preset=&#8221;default&#8221; max_width=&#8221;1600px&#8221; global_colors_info=&#8221;{}&#8221;][et_pb_column type=&#8221;2_5&#8243; _builder_version=&#8221;4.27.0&#8243; _module_preset=&#8221;default&#8221; global_colors_info=&#8221;{}&#8221;][et_pb_text _builder_version=&#8221;4.27.0&#8243; _module_preset=&#8221;default&#8221; hover_enabled=&#8221;0&#8243; global_colors_info=&#8221;{}&#8221; sticky_enabled=&#8221;0&#8243;]<\/p>\n<div class=\"et_pb_module et_pb_text et_pb_text_3 et_pb_text_align_left et_pb_bg_layout_light\">\n<div class=\"et_pb_text_inner\">\n<h2>Odborn\u00e9 znalosti v oblasti technologie sva\u0159ov\u00e1n\u00ed<br \/><\/h2>\n<\/div>\n<\/div>\n<p>[\/et_pb_text][\/et_pb_column][et_pb_column type=&#8221;3_5&#8243; _builder_version=&#8221;4.27.0&#8243; _module_preset=&#8221;default&#8221; global_colors_info=&#8221;{}&#8221;][et_pb_text _builder_version=&#8221;4.27.0&#8243; _module_preset=&#8221;default&#8221; hover_enabled=&#8221;0&#8243; global_colors_info=&#8221;{}&#8221; sticky_enabled=&#8221;0&#8243;]<\/p>\n<p>Tyto certifik\u00e1ty jsou d\u016fkazem na\u0161ich odborn\u00fdch znalost\u00ed v oblasti sva\u0159ovac\u00ed techniky. Zaru\u010duj\u00ed, \u017ee na\u0161e sv\u00e1\u0159e\u010dsk\u00e9 pr\u00e1ce spl\u0148uj\u00ed p\u0159\u00edsn\u00e9 po\u017eadavky norem pro sva\u0159ovac\u00ed procesy, co\u017e zaji\u0161\u0165uje trvale vysokou kvalitu na\u0161ich sva\u0159ovac\u00edch v\u00fdrobk\u016f. <\/p>\n<p>[\/et_pb_text][\/et_pb_column][\/et_pb_row][et_pb_row _builder_version=&#8221;4.27.0&#8243; _module_preset=&#8221;default&#8221; max_width=&#8221;1600px&#8221; global_colors_info=&#8221;{}&#8221;][et_pb_column type=&#8221;4_4&#8243; _builder_version=&#8221;4.27.0&#8243; _module_preset=&#8221;default&#8221; global_colors_info=&#8221;{}&#8221;][et_pb_code _builder_version=&#8221;4.27.0&#8243; _module_preset=&#8221;default&#8221; global_colors_info=&#8221;{}&#8221;]<div id=\"vue-wordpress-app-238efac0-da6c-4c11-a9b1-656045c2a944\" data-app-url=\"https:\/\/www.feinwerk-technologies.de\" data-fcaptcha-sitekey=\"FCMHA65IB64SV3PL\" data-component=\"certificate-section\" data-lang=\"cs\"  data-certificatesection=\"{&quot;taxOperator&quot;: &quot;AND&quot;, &quot;categories&quot;:[&quot;welding&quot;, &quot;kranabstuetzplatten&quot;]}\"><\/div>[\/et_pb_code][\/et_pb_column][\/et_pb_row][\/et_pb_section]<\/p>\n","protected":false},"excerpt":{"rendered":"<p>Ke sta\u017een\u00ed na N\u00e1\u0161 z\u00e1vazek ke kvalit\u011b a dokonalosti: Certifikovan\u00e9 standardy spole\u010dnosti Feinwerk Technologies Ve spole\u010dnosti Feinwerk Technologies si uv\u011bdomujeme, \u017ee d\u016fv\u011bra se buduje d\u00edky prokazateln\u00e9 kvalit\u011b a konzistentn\u00edmu v\u00fdkonu. Na\u0161e certifikace jsou d\u016fkazem na\u0161eho neochv\u011bjn\u00e9ho odhodl\u00e1n\u00ed plnit a p\u0159ekra\u010dovat nejvy\u0161\u0161\u00ed standardy ve v\u0161ech aspektech na\u0161\u00ed pr\u00e1ce. Ka\u017ed\u00e1 certifikace p\u0159edstavuje n\u00e1\u0161 z\u00e1vazek poskytovat v\u00e1m produkty [&hellip;]<\/p>\n","protected":false},"author":1,"featured_media":0,"parent":0,"menu_order":0,"comment_status":"closed","ping_status":"closed","template":"","meta":{"_acf_changed":false,"_et_pb_use_builder":"on","_et_pb_old_content":"","_et_gb_content_width":"","inline_featured_image":false,"footnotes":""},"class_list":["post-5961","page","type-page","status-publish","hentry"],"acf":[],"tag_names":[],"category_names":[],"thumbnail":false,"_links":{"self":[{"href":"https:\/\/www.kranabstuetzplatten.com\/cs\/wp-json\/wp\/v2\/pages\/5961","targetHints":{"allow":["GET"]}}],"collection":[{"href":"https:\/\/www.kranabstuetzplatten.com\/cs\/wp-json\/wp\/v2\/pages"}],"about":[{"href":"https:\/\/www.kranabstuetzplatten.com\/cs\/wp-json\/wp\/v2\/types\/page"}],"author":[{"embeddable":true,"href":"https:\/\/www.kranabstuetzplatten.com\/cs\/wp-json\/wp\/v2\/users\/1"}],"replies":[{"embeddable":true,"href":"https:\/\/www.kranabstuetzplatten.com\/cs\/wp-json\/wp\/v2\/comments?post=5961"}],"version-history":[{"count":3,"href":"https:\/\/www.kranabstuetzplatten.com\/cs\/wp-json\/wp\/v2\/pages\/5961\/revisions"}],"predecessor-version":[{"id":6467,"href":"https:\/\/www.kranabstuetzplatten.com\/cs\/wp-json\/wp\/v2\/pages\/5961\/revisions\/6467"}],"wp:attachment":[{"href":"https:\/\/www.kranabstuetzplatten.com\/cs\/wp-json\/wp\/v2\/media?parent=5961"}],"curies":[{"name":"wp","href":"https:\/\/api.w.org\/{rel}","templated":true}]}}